{"id":13647,"date":"2023-10-04T12:56:19","date_gmt":"2023-10-04T12:56:19","guid":{"rendered":"https:\/\/sicanivillages.com\/product\/012-une-nuit-dans-une-tente-suspendue-et-bien-dautres-choses-a-decouvrir-dans-la-nature\/"},"modified":"2024-07-01T09:49:22","modified_gmt":"2024-07-01T09:49:22","slug":"012-une-nuit-dans-une-tente-suspendue-et-bien-dautres-choses-a-decouvrir-dans-la-nature","status":"publish","type":"product","link":"https:\/\/sicanivillages.com\/fr\/produit\/012-une-nuit-dans-une-tente-suspendue-et-bien-dautres-choses-a-decouvrir-dans-la-nature\/","title":{"rendered":"012 &#8211; Une nuit dans une tente suspendue et&#8230; bien d&rsquo;autres choses \u00e0 d\u00e9couvrir dans la nature"},"content":{"rendered":"<p style=\"text-align: center;\">Une exp\u00e9rience d&rsquo;immersion totale dans la nature, dormir dans les arbres, suspendu entre ciel et terre vous donnera une vue \u00e0 360\u00b0 sur les espaces environnants.<br \/>\nUn nouveau concept de tourisme en plein air qui met l&rsquo;accent sur la durabilit\u00e9 et l&rsquo;attention port\u00e9e aux espaces dans lesquels les gens s\u00e9journent.<br \/>\nLe matin, vous pouvez faire une excursion en VTT ou choisir de participer \u00e0 l&rsquo;une des nombreuses randonn\u00e9es pour d\u00e9couvrir nos r\u00e9serves naturelles enchanteresses.<br \/>\n\u00c0 la fin de l&rsquo;exp\u00e9rience, nous atteindrons le camp de base o\u00f9 nous partagerons un repas compos\u00e9 de produits locaux et passerons la nuit.<br \/>\nL&rsquo;exp\u00e9rience comprend :<br \/>\nrandonn\u00e9e guid\u00e9e, d\u00e9jeuner, ap\u00e9ritif, nuit en tente suspendue et petit d\u00e9jeuner.<br \/>\nChaque exp\u00e9rience peut \u00eatre personnalis\u00e9e en fonction des int\u00e9r\u00eats et des besoins de nos h\u00f4tes.<\/p>\n<p>&nbsp;<\/p>\n","protected":false},"excerpt":{"rendered":"<p>L&rsquo;aventure, la d\u00e9tente et la bonne cuisine locale contribueront \u00e0 rendre votre exp\u00e9rience unique et exclusive.<\/p>\n","protected":false},"featured_media":12342,"comment_status":"closed","ping_status":"closed","template":"","meta":{"_acf_changed":false,"_coblocks_attr":"","_coblocks_dimensions":"","_coblocks_responsive_height":"","_coblocks_accordion_ie_support":""},"product_brand":[],"product_cat":[148],"product_tag":[],"class_list":{"0":"post-13647","1":"product","2":"type-product","3":"status-publish","4":"has-post-thumbnail","6":"product_cat-monts-sicani","8":"first","9":"instock","10":"shipping-taxable","11":"purchasable","12":"product-type-ovabrw_car_rental"},"acf":{"Paesi esplorati":"Monti Sicani","Localizzazione":"Monti Sicani","periodo_di_svolgimento":"Toute l'ann\u00e9e sur rendez-vous et si le temps le permet","Data e Orario di Partenza":"Tous les jours sur demande \u00e0 partir de 10 heures","Durata":"","tipologia":["Full Day"],"servizi_inclusi":"","Luogo di Partenza":"<iframe src=\"https:\/\/www.google.com\/maps\/embed?pb=!1m18!1m12!1m3!1d12607.448306897093!2d13.1667!3d37.81669945!2m3!1f0!2f0!3f0!3m2!1i1024!2i768!4f13.1!3m3!1m2!1s0x131a220f6058530d%3A0xce5c03b21bea3c8f!2sMonti%20Sicani!5e0!3m2!1sit!2sit!4v1696424284717!5m2!1sit!2sit\" width=\"300\" height=\"200\" style=\"border:0;\" allowfullscreen=\"\" loading=\"lazy\" referrerpolicy=\"no-referrer-when-downgrade\"><\/iframe>","info-utili":"V\u00eatements confortables, pantalons longs, eau 1 litre (2 bouteilles).","Lingua":"Italien - Anglais","punti_salienti":"","shortcode_modulo_di_contatto":"[wpforms id=\"9475\"]","partners":"Bient\u00f4t disponible","Attrazioni":"[gslogo id=21]"},"yoast_head":"<!-- This site is optimized with the Yoast SEO plugin v26.7 - https:\/\/yoast.com\/wordpress\/plugins\/seo\/ -->\n<title>012 - Une nuit dans une tente suspendue et... bien d&#039;autres choses \u00e0 d\u00e9couvrir dans la nature - SicaniVillages<\/title>\n<meta name=\"robots\" content=\"index, follow, max-snippet:-1, max-image-preview:large, max-video-preview:-1\" \/>\n<link rel=\"canonical\" href=\"https:\/\/sicanivillages.com\/fr\/produit\/012-une-nuit-dans-une-tente-suspendue-et-bien-dautres-choses-a-decouvrir-dans-la-nature\/\" \/>\n<meta property=\"og:locale\" content=\"fr_FR\" \/>\n<meta property=\"og:type\" content=\"article\" \/>\n<meta property=\"og:title\" content=\"012 - Une nuit dans une tente suspendue et... bien d&#039;autres choses \u00e0 d\u00e9couvrir dans la nature - SicaniVillages\" \/>\n<meta property=\"og:description\" content=\"L&#039;aventure, la d\u00e9tente et la bonne cuisine locale contribueront \u00e0 rendre votre exp\u00e9rience unique et exclusive.\" \/>\n<meta property=\"og:url\" content=\"https:\/\/sicanivillages.com\/fr\/produit\/012-une-nuit-dans-une-tente-suspendue-et-bien-dautres-choses-a-decouvrir-dans-la-nature\/\" \/>\n<meta property=\"og:site_name\" content=\"SicaniVillages\" \/>\n<meta property=\"article:modified_time\" content=\"2024-07-01T09:49:22+00:00\" \/>\n<meta property=\"og:image\" content=\"https:\/\/sicanivillages.com\/wp-content\/uploads\/2023\/10\/012-Tende-sospese.jpg\" \/>\n\t<meta property=\"og:image:width\" content=\"1920\" \/>\n\t<meta property=\"og:image:height\" content=\"1292\" \/>\n\t<meta property=\"og:image:type\" content=\"image\/jpeg\" \/>\n<meta name=\"twitter:card\" content=\"summary_large_image\" \/>\n<meta name=\"twitter:label1\" content=\"Dur\u00e9e de lecture estim\u00e9e\" \/>\n\t<meta name=\"twitter:data1\" content=\"1 minute\" \/>\n<script type=\"application\/ld+json\" class=\"yoast-schema-graph\">{\"@context\":\"https:\/\/schema.org\",\"@graph\":[{\"@type\":\"WebPage\",\"@id\":\"https:\/\/sicanivillages.com\/fr\/produit\/012-une-nuit-dans-une-tente-suspendue-et-bien-dautres-choses-a-decouvrir-dans-la-nature\/\",\"url\":\"https:\/\/sicanivillages.com\/fr\/produit\/012-une-nuit-dans-une-tente-suspendue-et-bien-dautres-choses-a-decouvrir-dans-la-nature\/\",\"name\":\"012 - Une nuit dans une tente suspendue et... bien d'autres choses \u00e0 d\u00e9couvrir dans la nature - SicaniVillages\",\"isPartOf\":{\"@id\":\"https:\/\/sicanivillages.com\/#website\"},\"primaryImageOfPage\":{\"@id\":\"https:\/\/sicanivillages.com\/fr\/produit\/012-une-nuit-dans-une-tente-suspendue-et-bien-dautres-choses-a-decouvrir-dans-la-nature\/#primaryimage\"},\"image\":{\"@id\":\"https:\/\/sicanivillages.com\/fr\/produit\/012-une-nuit-dans-une-tente-suspendue-et-bien-dautres-choses-a-decouvrir-dans-la-nature\/#primaryimage\"},\"thumbnailUrl\":\"https:\/\/sicanivillages.com\/wp-content\/uploads\/2023\/10\/012-Tende-sospese.jpg\",\"datePublished\":\"2023-10-04T12:56:19+00:00\",\"dateModified\":\"2024-07-01T09:49:22+00:00\",\"breadcrumb\":{\"@id\":\"https:\/\/sicanivillages.com\/fr\/produit\/012-une-nuit-dans-une-tente-suspendue-et-bien-dautres-choses-a-decouvrir-dans-la-nature\/#breadcrumb\"},\"inLanguage\":\"fr-FR\",\"potentialAction\":[{\"@type\":\"ReadAction\",\"target\":[\"https:\/\/sicanivillages.com\/fr\/produit\/012-une-nuit-dans-une-tente-suspendue-et-bien-dautres-choses-a-decouvrir-dans-la-nature\/\"]}]},{\"@type\":\"ImageObject\",\"inLanguage\":\"fr-FR\",\"@id\":\"https:\/\/sicanivillages.com\/fr\/produit\/012-une-nuit-dans-une-tente-suspendue-et-bien-dautres-choses-a-decouvrir-dans-la-nature\/#primaryimage\",\"url\":\"https:\/\/sicanivillages.com\/wp-content\/uploads\/2023\/10\/012-Tende-sospese.jpg\",\"contentUrl\":\"https:\/\/sicanivillages.com\/wp-content\/uploads\/2023\/10\/012-Tende-sospese.jpg\",\"width\":1920,\"height\":1292},{\"@type\":\"BreadcrumbList\",\"@id\":\"https:\/\/sicanivillages.com\/fr\/produit\/012-une-nuit-dans-une-tente-suspendue-et-bien-dautres-choses-a-decouvrir-dans-la-nature\/#breadcrumb\",\"itemListElement\":[{\"@type\":\"ListItem\",\"position\":1,\"name\":\"Home\",\"item\":\"https:\/\/sicanivillages.com\/fr\/\"},{\"@type\":\"ListItem\",\"position\":2,\"name\":\"Shop\",\"item\":\"https:\/\/sicanivillages.com\/negozio\/\"},{\"@type\":\"ListItem\",\"position\":3,\"name\":\"012 &#8211; Une nuit dans une tente suspendue et&#8230; bien d&#8217;autres choses \u00e0 d\u00e9couvrir dans la nature\"}]},{\"@type\":\"WebSite\",\"@id\":\"https:\/\/sicanivillages.com\/#website\",\"url\":\"https:\/\/sicanivillages.com\/\",\"name\":\"SicaniVillages\",\"description\":\"\",\"potentialAction\":[{\"@type\":\"SearchAction\",\"target\":{\"@type\":\"EntryPoint\",\"urlTemplate\":\"https:\/\/sicanivillages.com\/?s={search_term_string}\"},\"query-input\":{\"@type\":\"PropertyValueSpecification\",\"valueRequired\":true,\"valueName\":\"search_term_string\"}}],\"inLanguage\":\"fr-FR\"}]}<\/script>\n<!-- \/ Yoast SEO plugin. -->","yoast_head_json":{"title":"012 - Une nuit dans une tente suspendue et... bien d'autres choses \u00e0 d\u00e9couvrir dans la nature - SicaniVillages","robots":{"index":"index","follow":"follow","max-snippet":"max-snippet:-1","max-image-preview":"max-image-preview:large","max-video-preview":"max-video-preview:-1"},"canonical":"https:\/\/sicanivillages.com\/fr\/produit\/012-une-nuit-dans-une-tente-suspendue-et-bien-dautres-choses-a-decouvrir-dans-la-nature\/","og_locale":"fr_FR","og_type":"article","og_title":"012 - Une nuit dans une tente suspendue et... bien d'autres choses \u00e0 d\u00e9couvrir dans la nature - SicaniVillages","og_description":"L'aventure, la d\u00e9tente et la bonne cuisine locale contribueront \u00e0 rendre votre exp\u00e9rience unique et exclusive.","og_url":"https:\/\/sicanivillages.com\/fr\/produit\/012-une-nuit-dans-une-tente-suspendue-et-bien-dautres-choses-a-decouvrir-dans-la-nature\/","og_site_name":"SicaniVillages","article_modified_time":"2024-07-01T09:49:22+00:00","og_image":[{"width":1920,"height":1292,"url":"https:\/\/sicanivillages.com\/wp-content\/uploads\/2023\/10\/012-Tende-sospese.jpg","type":"image\/jpeg"}],"twitter_card":"summary_large_image","twitter_misc":{"Dur\u00e9e de lecture estim\u00e9e":"1 minute"},"schema":{"@context":"https:\/\/schema.org","@graph":[{"@type":"WebPage","@id":"https:\/\/sicanivillages.com\/fr\/produit\/012-une-nuit-dans-une-tente-suspendue-et-bien-dautres-choses-a-decouvrir-dans-la-nature\/","url":"https:\/\/sicanivillages.com\/fr\/produit\/012-une-nuit-dans-une-tente-suspendue-et-bien-dautres-choses-a-decouvrir-dans-la-nature\/","name":"012 - Une nuit dans une tente suspendue et... bien d'autres choses \u00e0 d\u00e9couvrir dans la nature - SicaniVillages","isPartOf":{"@id":"https:\/\/sicanivillages.com\/#website"},"primaryImageOfPage":{"@id":"https:\/\/sicanivillages.com\/fr\/produit\/012-une-nuit-dans-une-tente-suspendue-et-bien-dautres-choses-a-decouvrir-dans-la-nature\/#primaryimage"},"image":{"@id":"https:\/\/sicanivillages.com\/fr\/produit\/012-une-nuit-dans-une-tente-suspendue-et-bien-dautres-choses-a-decouvrir-dans-la-nature\/#primaryimage"},"thumbnailUrl":"https:\/\/sicanivillages.com\/wp-content\/uploads\/2023\/10\/012-Tende-sospese.jpg","datePublished":"2023-10-04T12:56:19+00:00","dateModified":"2024-07-01T09:49:22+00:00","breadcrumb":{"@id":"https:\/\/sicanivillages.com\/fr\/produit\/012-une-nuit-dans-une-tente-suspendue-et-bien-dautres-choses-a-decouvrir-dans-la-nature\/#breadcrumb"},"inLanguage":"fr-FR","potentialAction":[{"@type":"ReadAction","target":["https:\/\/sicanivillages.com\/fr\/produit\/012-une-nuit-dans-une-tente-suspendue-et-bien-dautres-choses-a-decouvrir-dans-la-nature\/"]}]},{"@type":"ImageObject","inLanguage":"fr-FR","@id":"https:\/\/sicanivillages.com\/fr\/produit\/012-une-nuit-dans-une-tente-suspendue-et-bien-dautres-choses-a-decouvrir-dans-la-nature\/#primaryimage","url":"https:\/\/sicanivillages.com\/wp-content\/uploads\/2023\/10\/012-Tende-sospese.jpg","contentUrl":"https:\/\/sicanivillages.com\/wp-content\/uploads\/2023\/10\/012-Tende-sospese.jpg","width":1920,"height":1292},{"@type":"BreadcrumbList","@id":"https:\/\/sicanivillages.com\/fr\/produit\/012-une-nuit-dans-une-tente-suspendue-et-bien-dautres-choses-a-decouvrir-dans-la-nature\/#breadcrumb","itemListElement":[{"@type":"ListItem","position":1,"name":"Home","item":"https:\/\/sicanivillages.com\/fr\/"},{"@type":"ListItem","position":2,"name":"Shop","item":"https:\/\/sicanivillages.com\/negozio\/"},{"@type":"ListItem","position":3,"name":"012 &#8211; Une nuit dans une tente suspendue et&#8230; bien d&#8217;autres choses \u00e0 d\u00e9couvrir dans la nature"}]},{"@type":"WebSite","@id":"https:\/\/sicanivillages.com\/#website","url":"https:\/\/sicanivillages.com\/","name":"SicaniVillages","description":"","potentialAction":[{"@type":"SearchAction","target":{"@type":"EntryPoint","urlTemplate":"https:\/\/sicanivillages.com\/?s={search_term_string}"},"query-input":{"@type":"PropertyValueSpecification","valueRequired":true,"valueName":"search_term_string"}}],"inLanguage":"fr-FR"}]}},"_links":{"self":[{"href":"https:\/\/sicanivillages.com\/fr\/wp-json\/wp\/v2\/product\/13647","targetHints":{"allow":["GET"]}}],"collection":[{"href":"https:\/\/sicanivillages.com\/fr\/wp-json\/wp\/v2\/product"}],"about":[{"href":"https:\/\/sicanivillages.com\/fr\/wp-json\/wp\/v2\/types\/product"}],"replies":[{"embeddable":true,"href":"https:\/\/sicanivillages.com\/fr\/wp-json\/wp\/v2\/comments?post=13647"}],"version-history":[{"count":2,"href":"https:\/\/sicanivillages.com\/fr\/wp-json\/wp\/v2\/product\/13647\/revisions"}],"predecessor-version":[{"id":13884,"href":"https:\/\/sicanivillages.com\/fr\/wp-json\/wp\/v2\/product\/13647\/revisions\/13884"}],"wp:featuredmedia":[{"embeddable":true,"href":"https:\/\/sicanivillages.com\/fr\/wp-json\/wp\/v2\/media\/12342"}],"wp:attachment":[{"href":"https:\/\/sicanivillages.com\/fr\/wp-json\/wp\/v2\/media?parent=13647"}],"wp:term":[{"taxonomy":"product_brand","embeddable":true,"href":"https:\/\/sicanivillages.com\/fr\/wp-json\/wp\/v2\/product_brand?post=13647"},{"taxonomy":"product_cat","embeddable":true,"href":"https:\/\/sicanivillages.com\/fr\/wp-json\/wp\/v2\/product_cat?post=13647"},{"taxonomy":"product_tag","embeddable":true,"href":"https:\/\/sicanivillages.com\/fr\/wp-json\/wp\/v2\/product_tag?post=13647"}],"curies":[{"name":"wp","href":"https:\/\/api.w.org\/{rel}","templated":true}]}}