{"id":13645,"date":"2023-10-04T12:44:03","date_gmt":"2023-10-04T12:44:03","guid":{"rendered":"https:\/\/sicanivillages.com\/product\/011-une-journee-dans-la-nature-enchantee-de-chiusa-sclafani\/"},"modified":"2024-07-01T09:49:20","modified_gmt":"2024-07-01T09:49:20","slug":"011-une-journee-dans-la-nature-enchantee-de-chiusa-sclafani","status":"publish","type":"product","link":"https:\/\/sicanivillages.com\/fr\/produit\/011-une-journee-dans-la-nature-enchantee-de-chiusa-sclafani\/","title":{"rendered":"011 &#8211; Une journ\u00e9e dans la nature enchant\u00e9e de Chiusa Sclafani"},"content":{"rendered":"<p style=\"text-align: center;\">Des paysages vari\u00e9s, de la c\u00f4te sicilienne aux sommets escarp\u00e9s de l&rsquo;arri\u00e8re-pays, en passant par des rivi\u00e8res, des vall\u00e9es, des lacs et des \u00e9tendues vertes qui rendent particuli\u00e8rement \u00e9vocateur le paysage sicilien, enrichi de tours, de ch\u00e2teaux et de villages caract\u00e9ristiques perch\u00e9s sur les montagnes.<br \/>\nChoisissez l&rsquo;itin\u00e9raire le mieux adapt\u00e9 \u00e0 vos besoins et laissez-vous guider par nos guides experts \u00e0 la d\u00e9couverte des r\u00e9serves naturelles de la r\u00e9gion, pr\u00e9cieux tr\u00e9sors de biodiversit\u00e9.<br \/>\nRalentissez et profitez du calme de la for\u00eat, apprenez \u00e0 observer les traces de ses habitants,<br \/>\nD\u00e9couvrez l&rsquo;\u00e9volution g\u00e9ologique de ces lieux et laissez-vous surprendre par la beaut\u00e9 de notre terre.<br \/>\nL&rsquo;exp\u00e9rience comprend :<br \/>\nrandonn\u00e9e guid\u00e9e et d\u00e9jeuner \u00e0 base de produits locaux.<br \/>\nChaque exp\u00e9rience peut \u00eatre personnalis\u00e9e en fonction des int\u00e9r\u00eats et des besoins de nos h\u00f4tes.<\/p>\n<p>&nbsp;<\/p>\n","protected":false},"excerpt":{"rendered":"<p>Promenades dans des r\u00e9serves naturelles spectaculaires. Des paysages fabuleux, un voyage dans le temps \u00e0 travers la beaut\u00e9 naturelle, l&rsquo;histoire et la g\u00e9ologie.<\/p>\n","protected":false},"featured_media":12336,"comment_status":"closed","ping_status":"closed","template":"","meta":{"_acf_changed":false,"_coblocks_attr":"","_coblocks_dimensions":"","_coblocks_responsive_height":"","_coblocks_accordion_ie_support":""},"product_brand":[],"product_cat":[148],"product_tag":[],"class_list":{"0":"post-13645","1":"product","2":"type-product","3":"status-publish","4":"has-post-thumbnail","6":"product_cat-monts-sicani","8":"first","9":"instock","10":"shipping-taxable","11":"purchasable","12":"product-type-ovabrw_car_rental"},"acf":{"Paesi esplorati":"Chiusa Sclafani","Localizzazione":"Monti Sicani","periodo_di_svolgimento":"Toute l'ann\u00e9e sur rendez-vous et si le temps le permet","Data e Orario di Partenza":"Tous les jours sur demande \u00e0 partir de 10 heures","Durata":" 7 heures (sans le d\u00e9jeuner)","tipologia":["Full Day"],"servizi_inclusi":"<img class=\"alignnone wp-image-7707\" src=\"https:\/\/sicanivillages.com\/wp-content\/uploads\/2023\/04\/check-300x300.png\" alt=\"\" width=\"15\" height=\"15\" \/> Guida\r\n\r\n<img class=\"alignnone wp-image-7707\" src=\"https:\/\/sicanivillages.com\/wp-content\/uploads\/2023\/04\/check-300x300.png\" alt=\"\" width=\"15\" height=\"15\" \/> A richiesta servizio transfer da a per le locali strutture ricettive.","Luogo di Partenza":"<iframe src=\"https:\/\/www.google.com\/maps\/embed?pb=!1m18!1m12!1m3!1d101066.86980729656!2d13.297507!3d37.664725399999995!2m3!1f0!2f0!3f0!3m2!1i1024!2i768!4f13.1!3m3!1m2!1s0x131a112d084ff551%3A0xb42a981eeb34d703!2s90033%20Chiusa%20Sclafani%20PA!5e0!3m2!1sit!2sit!4v1696423525854!5m2!1sit!2sit\" width=\"300\" height=\"200\" style=\"border:0;\" allowfullscreen=\"\" loading=\"lazy\" referrerpolicy=\"no-referrer-when-downgrade\"><\/iframe>","info-utili":"V\u00eatements confortables, pantalons longs, eau 1 litre (2 bouteilles).","Lingua":"Italien - Anglais","punti_salienti":"","shortcode_modulo_di_contatto":"[wpforms id=\"9462\"]","partners":"Bient\u00f4t disponible","Attrazioni":"[gslogo id=20]"},"yoast_head":"<!-- This site is optimized with the Yoast SEO plugin v26.7 - https:\/\/yoast.com\/wordpress\/plugins\/seo\/ -->\n<title>011 - Une journ\u00e9e dans la nature enchant\u00e9e de Chiusa Sclafani - SicaniVillages<\/title>\n<meta name=\"robots\" content=\"index, follow, max-snippet:-1, max-image-preview:large, max-video-preview:-1\" \/>\n<link rel=\"canonical\" href=\"https:\/\/sicanivillages.com\/fr\/produit\/011-une-journee-dans-la-nature-enchantee-de-chiusa-sclafani\/\" \/>\n<meta property=\"og:locale\" content=\"fr_FR\" \/>\n<meta property=\"og:type\" content=\"article\" \/>\n<meta property=\"og:title\" content=\"011 - Une journ\u00e9e dans la nature enchant\u00e9e de Chiusa Sclafani - SicaniVillages\" \/>\n<meta property=\"og:description\" content=\"Promenades dans des r\u00e9serves naturelles spectaculaires. Des paysages fabuleux, un voyage dans le temps \u00e0 travers la beaut\u00e9 naturelle, l&#039;histoire et la g\u00e9ologie.\" \/>\n<meta property=\"og:url\" content=\"https:\/\/sicanivillages.com\/fr\/produit\/011-une-journee-dans-la-nature-enchantee-de-chiusa-sclafani\/\" \/>\n<meta property=\"og:site_name\" content=\"SicaniVillages\" \/>\n<meta property=\"article:modified_time\" content=\"2024-07-01T09:49:20+00:00\" \/>\n<meta property=\"og:image\" content=\"https:\/\/sicanivillages.com\/wp-content\/uploads\/2023\/10\/011-dettaglio-fiumeponteinsta.jpg\" \/>\n\t<meta property=\"og:image:width\" content=\"1920\" \/>\n\t<meta property=\"og:image:height\" content=\"1280\" \/>\n\t<meta property=\"og:image:type\" content=\"image\/jpeg\" \/>\n<meta name=\"twitter:card\" content=\"summary_large_image\" \/>\n<meta name=\"twitter:label1\" content=\"Dur\u00e9e de lecture estim\u00e9e\" \/>\n\t<meta name=\"twitter:data1\" content=\"1 minute\" \/>\n<script type=\"application\/ld+json\" class=\"yoast-schema-graph\">{\"@context\":\"https:\/\/schema.org\",\"@graph\":[{\"@type\":\"WebPage\",\"@id\":\"https:\/\/sicanivillages.com\/fr\/produit\/011-une-journee-dans-la-nature-enchantee-de-chiusa-sclafani\/\",\"url\":\"https:\/\/sicanivillages.com\/fr\/produit\/011-une-journee-dans-la-nature-enchantee-de-chiusa-sclafani\/\",\"name\":\"011 - Une journ\u00e9e dans la nature enchant\u00e9e de Chiusa Sclafani - SicaniVillages\",\"isPartOf\":{\"@id\":\"https:\/\/sicanivillages.com\/#website\"},\"primaryImageOfPage\":{\"@id\":\"https:\/\/sicanivillages.com\/fr\/produit\/011-une-journee-dans-la-nature-enchantee-de-chiusa-sclafani\/#primaryimage\"},\"image\":{\"@id\":\"https:\/\/sicanivillages.com\/fr\/produit\/011-une-journee-dans-la-nature-enchantee-de-chiusa-sclafani\/#primaryimage\"},\"thumbnailUrl\":\"https:\/\/sicanivillages.com\/wp-content\/uploads\/2023\/10\/011-dettaglio-fiumeponteinsta.jpg\",\"datePublished\":\"2023-10-04T12:44:03+00:00\",\"dateModified\":\"2024-07-01T09:49:20+00:00\",\"breadcrumb\":{\"@id\":\"https:\/\/sicanivillages.com\/fr\/produit\/011-une-journee-dans-la-nature-enchantee-de-chiusa-sclafani\/#breadcrumb\"},\"inLanguage\":\"fr-FR\",\"potentialAction\":[{\"@type\":\"ReadAction\",\"target\":[\"https:\/\/sicanivillages.com\/fr\/produit\/011-une-journee-dans-la-nature-enchantee-de-chiusa-sclafani\/\"]}]},{\"@type\":\"ImageObject\",\"inLanguage\":\"fr-FR\",\"@id\":\"https:\/\/sicanivillages.com\/fr\/produit\/011-une-journee-dans-la-nature-enchantee-de-chiusa-sclafani\/#primaryimage\",\"url\":\"https:\/\/sicanivillages.com\/wp-content\/uploads\/2023\/10\/011-dettaglio-fiumeponteinsta.jpg\",\"contentUrl\":\"https:\/\/sicanivillages.com\/wp-content\/uploads\/2023\/10\/011-dettaglio-fiumeponteinsta.jpg\",\"width\":1920,\"height\":1280},{\"@type\":\"BreadcrumbList\",\"@id\":\"https:\/\/sicanivillages.com\/fr\/produit\/011-une-journee-dans-la-nature-enchantee-de-chiusa-sclafani\/#breadcrumb\",\"itemListElement\":[{\"@type\":\"ListItem\",\"position\":1,\"name\":\"Home\",\"item\":\"https:\/\/sicanivillages.com\/fr\/\"},{\"@type\":\"ListItem\",\"position\":2,\"name\":\"Shop\",\"item\":\"https:\/\/sicanivillages.com\/negozio\/\"},{\"@type\":\"ListItem\",\"position\":3,\"name\":\"011 &#8211; Une journ\u00e9e dans la nature enchant\u00e9e de Chiusa Sclafani\"}]},{\"@type\":\"WebSite\",\"@id\":\"https:\/\/sicanivillages.com\/#website\",\"url\":\"https:\/\/sicanivillages.com\/\",\"name\":\"SicaniVillages\",\"description\":\"\",\"potentialAction\":[{\"@type\":\"SearchAction\",\"target\":{\"@type\":\"EntryPoint\",\"urlTemplate\":\"https:\/\/sicanivillages.com\/?s={search_term_string}\"},\"query-input\":{\"@type\":\"PropertyValueSpecification\",\"valueRequired\":true,\"valueName\":\"search_term_string\"}}],\"inLanguage\":\"fr-FR\"}]}<\/script>\n<!-- \/ Yoast SEO plugin. -->","yoast_head_json":{"title":"011 - Une journ\u00e9e dans la nature enchant\u00e9e de Chiusa Sclafani - SicaniVillages","robots":{"index":"index","follow":"follow","max-snippet":"max-snippet:-1","max-image-preview":"max-image-preview:large","max-video-preview":"max-video-preview:-1"},"canonical":"https:\/\/sicanivillages.com\/fr\/produit\/011-une-journee-dans-la-nature-enchantee-de-chiusa-sclafani\/","og_locale":"fr_FR","og_type":"article","og_title":"011 - Une journ\u00e9e dans la nature enchant\u00e9e de Chiusa Sclafani - SicaniVillages","og_description":"Promenades dans des r\u00e9serves naturelles spectaculaires. Des paysages fabuleux, un voyage dans le temps \u00e0 travers la beaut\u00e9 naturelle, l'histoire et la g\u00e9ologie.","og_url":"https:\/\/sicanivillages.com\/fr\/produit\/011-une-journee-dans-la-nature-enchantee-de-chiusa-sclafani\/","og_site_name":"SicaniVillages","article_modified_time":"2024-07-01T09:49:20+00:00","og_image":[{"width":1920,"height":1280,"url":"https:\/\/sicanivillages.com\/wp-content\/uploads\/2023\/10\/011-dettaglio-fiumeponteinsta.jpg","type":"image\/jpeg"}],"twitter_card":"summary_large_image","twitter_misc":{"Dur\u00e9e de lecture estim\u00e9e":"1 minute"},"schema":{"@context":"https:\/\/schema.org","@graph":[{"@type":"WebPage","@id":"https:\/\/sicanivillages.com\/fr\/produit\/011-une-journee-dans-la-nature-enchantee-de-chiusa-sclafani\/","url":"https:\/\/sicanivillages.com\/fr\/produit\/011-une-journee-dans-la-nature-enchantee-de-chiusa-sclafani\/","name":"011 - Une journ\u00e9e dans la nature enchant\u00e9e de Chiusa Sclafani - SicaniVillages","isPartOf":{"@id":"https:\/\/sicanivillages.com\/#website"},"primaryImageOfPage":{"@id":"https:\/\/sicanivillages.com\/fr\/produit\/011-une-journee-dans-la-nature-enchantee-de-chiusa-sclafani\/#primaryimage"},"image":{"@id":"https:\/\/sicanivillages.com\/fr\/produit\/011-une-journee-dans-la-nature-enchantee-de-chiusa-sclafani\/#primaryimage"},"thumbnailUrl":"https:\/\/sicanivillages.com\/wp-content\/uploads\/2023\/10\/011-dettaglio-fiumeponteinsta.jpg","datePublished":"2023-10-04T12:44:03+00:00","dateModified":"2024-07-01T09:49:20+00:00","breadcrumb":{"@id":"https:\/\/sicanivillages.com\/fr\/produit\/011-une-journee-dans-la-nature-enchantee-de-chiusa-sclafani\/#breadcrumb"},"inLanguage":"fr-FR","potentialAction":[{"@type":"ReadAction","target":["https:\/\/sicanivillages.com\/fr\/produit\/011-une-journee-dans-la-nature-enchantee-de-chiusa-sclafani\/"]}]},{"@type":"ImageObject","inLanguage":"fr-FR","@id":"https:\/\/sicanivillages.com\/fr\/produit\/011-une-journee-dans-la-nature-enchantee-de-chiusa-sclafani\/#primaryimage","url":"https:\/\/sicanivillages.com\/wp-content\/uploads\/2023\/10\/011-dettaglio-fiumeponteinsta.jpg","contentUrl":"https:\/\/sicanivillages.com\/wp-content\/uploads\/2023\/10\/011-dettaglio-fiumeponteinsta.jpg","width":1920,"height":1280},{"@type":"BreadcrumbList","@id":"https:\/\/sicanivillages.com\/fr\/produit\/011-une-journee-dans-la-nature-enchantee-de-chiusa-sclafani\/#breadcrumb","itemListElement":[{"@type":"ListItem","position":1,"name":"Home","item":"https:\/\/sicanivillages.com\/fr\/"},{"@type":"ListItem","position":2,"name":"Shop","item":"https:\/\/sicanivillages.com\/negozio\/"},{"@type":"ListItem","position":3,"name":"011 &#8211; Une journ\u00e9e dans la nature enchant\u00e9e de Chiusa Sclafani"}]},{"@type":"WebSite","@id":"https:\/\/sicanivillages.com\/#website","url":"https:\/\/sicanivillages.com\/","name":"SicaniVillages","description":"","potentialAction":[{"@type":"SearchAction","target":{"@type":"EntryPoint","urlTemplate":"https:\/\/sicanivillages.com\/?s={search_term_string}"},"query-input":{"@type":"PropertyValueSpecification","valueRequired":true,"valueName":"search_term_string"}}],"inLanguage":"fr-FR"}]}},"_links":{"self":[{"href":"https:\/\/sicanivillages.com\/fr\/wp-json\/wp\/v2\/product\/13645","targetHints":{"allow":["GET"]}}],"collection":[{"href":"https:\/\/sicanivillages.com\/fr\/wp-json\/wp\/v2\/product"}],"about":[{"href":"https:\/\/sicanivillages.com\/fr\/wp-json\/wp\/v2\/types\/product"}],"replies":[{"embeddable":true,"href":"https:\/\/sicanivillages.com\/fr\/wp-json\/wp\/v2\/comments?post=13645"}],"version-history":[{"count":2,"href":"https:\/\/sicanivillages.com\/fr\/wp-json\/wp\/v2\/product\/13645\/revisions"}],"predecessor-version":[{"id":13883,"href":"https:\/\/sicanivillages.com\/fr\/wp-json\/wp\/v2\/product\/13645\/revisions\/13883"}],"wp:featuredmedia":[{"embeddable":true,"href":"https:\/\/sicanivillages.com\/fr\/wp-json\/wp\/v2\/media\/12336"}],"wp:attachment":[{"href":"https:\/\/sicanivillages.com\/fr\/wp-json\/wp\/v2\/media?parent=13645"}],"wp:term":[{"taxonomy":"product_brand","embeddable":true,"href":"https:\/\/sicanivillages.com\/fr\/wp-json\/wp\/v2\/product_brand?post=13645"},{"taxonomy":"product_cat","embeddable":true,"href":"https:\/\/sicanivillages.com\/fr\/wp-json\/wp\/v2\/product_cat?post=13645"},{"taxonomy":"product_tag","embeddable":true,"href":"https:\/\/sicanivillages.com\/fr\/wp-json\/wp\/v2\/product_tag?post=13645"}],"curies":[{"name":"wp","href":"https:\/\/api.w.org\/{rel}","templated":true}]}}