{"id":13643,"date":"2023-10-04T12:09:17","date_gmt":"2023-10-04T12:09:17","guid":{"rendered":"https:\/\/sicanivillages.com\/product\/008-mains-engrenages-et-objets-etranges-a-la-decouverte-de-bisacquino\/"},"modified":"2024-07-01T07:46:06","modified_gmt":"2024-07-01T07:46:06","slug":"008-mains-engrenages-et-objets-etranges-a-la-decouverte-de-bisacquino","status":"publish","type":"product","link":"https:\/\/sicanivillages.com\/fr\/produit\/008-mains-engrenages-et-objets-etranges-a-la-decouverte-de-bisacquino\/","title":{"rendered":"008 &#8211; Mains, engrenages et objets \u00e9tranges : \u00e0 la d\u00e9couverte de Bisacquino"},"content":{"rendered":"<p style=\"text-align: center;\">Les fontaines, le d\u00e9dale de ruelles, les b\u00e2timents en pierre et les nombreuses arches constituent le d\u00e9cor de notre promenade dans le village.<br \/>\nBisacquino s&rsquo;enorgueillit de la pr\u00e9sence de deux mus\u00e9es fascinants qui pr\u00e9sentent des collections uniques et conservent la m\u00e9moire des traditions rurales du pass\u00e9, des outils de travail, des anciens d\u00e9cors domestiques et des reconstitutions d&rsquo;anciens ateliers avec des outils de travail.<br \/>\nMains, engrenages et objets curieux seront le fil conducteur de cette exp\u00e9rience.<br \/>\nNous terminerons la journ\u00e9e dans une ferme locale o\u00f9, selon la p\u00e9riode de l&rsquo;ann\u00e9e, nous pourrons participer \u00e0 la r\u00e9colte et \u00e0 la transformation des produits.<br \/>\nL&rsquo;exp\u00e9rience comprend :<br \/>\nVisite guid\u00e9e du village et d\u00e9jeuner traditionnel dans une ferme locale.<br \/>\nChaque exp\u00e9rience peut \u00eatre combin\u00e9e\/personnalis\u00e9e en tenant compte des int\u00e9r\u00eats et des besoins de nos h\u00f4tes.<\/p>\n","protected":false},"excerpt":{"rendered":"<p>Notre promenade commence dans les rues \u00e9troites du quartier sarrasin, o\u00f9 vous pourrez admirer les arcs, les fontaines et les vieilles maisons en pierre de Bisacquino.<\/p>\n","protected":false},"featured_media":12324,"comment_status":"closed","ping_status":"closed","template":"","meta":{"_acf_changed":false,"_coblocks_attr":"","_coblocks_dimensions":"","_coblocks_responsive_height":"","_coblocks_accordion_ie_support":""},"product_brand":[],"product_cat":[148],"product_tag":[],"class_list":{"0":"post-13643","1":"product","2":"type-product","3":"status-publish","4":"has-post-thumbnail","6":"product_cat-monts-sicani","8":"first","9":"instock","10":"shipping-taxable","11":"purchasable","12":"product-type-ovabrw_car_rental"},"acf":{"Paesi esplorati":"Bisacquino","Localizzazione":"Monti Sicani","periodo_di_svolgimento":"Toute l'ann\u00e9e","Data e Orario di Partenza":"Tous les jours sur demande \u00e0 partir de 10 heures","Durata":"7 heures, d\u00e9jeuner compris","tipologia":["Full Day"],"servizi_inclusi":"<img class=\"alignnone wp-image-7707\" src=\"https:\/\/sicanivillages.com\/wp-content\/uploads\/2023\/04\/check-300x300.png\" alt=\"\" width=\"15\" height=\"15\" \/> Guide\r\n\r\n<img class=\"alignnone wp-image-7707\" src=\"https:\/\/sicanivillages.com\/wp-content\/uploads\/2023\/04\/check-300x300.png\" alt=\"\" width=\"15\" height=\"15\" \/> D\u00e9jeuner\r\n\r\n<img class=\"alignnone wp-image-7707\" src=\"https:\/\/sicanivillages.com\/wp-content\/uploads\/2023\/04\/check-300x300.png\" alt=\"\" width=\"15\" height=\"15\" \/> Service de transfert depuis et vers les lieux d'h\u00e9bergement locaux sur demande.","Luogo di Partenza":"<iframe src=\"https:\/\/www.google.com\/maps\/embed?pb=!1m18!1m12!1m3!1d12626.691580447296!2d13.260781699999999!3d37.70388045!2m3!1f0!2f0!3f0!3m2!1i1024!2i768!4f13.1!3m3!1m2!1s0x131a1731888f1ff3%3A0x62ad8a22f4521e92!2s90032%20Bisacquino%20PA!5e0!3m2!1sit!2sit!4v1696421523978!5m2!1sit!2sit\" width=\"300\" height=\"200\" style=\"border:0;\" allowfullscreen=\"\" loading=\"lazy\" referrerpolicy=\"no-referrer-when-downgrade\"><\/iframe>","info-utili":"V\u00eatements confortables, pantalons longs, eau 1 litre (2 bouteilles).","Lingua":"Italien - Anglais","punti_salienti":"Villages caract\u00e9ristiques, artisanat, produits typiques","shortcode_modulo_di_contatto":"[wpforms id=\"9420\"]","partners":"Bient\u00f4t disponible","Attrazioni":"[gslogo id=16]"},"yoast_head":"<!-- This site is optimized with the Yoast SEO plugin v26.7 - https:\/\/yoast.com\/wordpress\/plugins\/seo\/ -->\n<title>008 - Mains, engrenages et objets \u00e9tranges : \u00e0 la d\u00e9couverte de Bisacquino - SicaniVillages<\/title>\n<meta name=\"robots\" content=\"index, follow, max-snippet:-1, max-image-preview:large, max-video-preview:-1\" \/>\n<link rel=\"canonical\" href=\"https:\/\/sicanivillages.com\/fr\/produit\/008-mains-engrenages-et-objets-etranges-a-la-decouverte-de-bisacquino\/\" \/>\n<meta property=\"og:locale\" content=\"fr_FR\" \/>\n<meta property=\"og:type\" content=\"article\" \/>\n<meta property=\"og:title\" content=\"008 - Mains, engrenages et objets \u00e9tranges : \u00e0 la d\u00e9couverte de Bisacquino - SicaniVillages\" \/>\n<meta property=\"og:description\" content=\"Notre promenade commence dans les rues \u00e9troites du quartier sarrasin, o\u00f9 vous pourrez admirer les arcs, les fontaines et les vieilles maisons en pierre de Bisacquino.\" \/>\n<meta property=\"og:url\" content=\"https:\/\/sicanivillages.com\/fr\/produit\/008-mains-engrenages-et-objets-etranges-a-la-decouverte-de-bisacquino\/\" \/>\n<meta property=\"og:site_name\" content=\"SicaniVillages\" \/>\n<meta property=\"article:modified_time\" content=\"2024-07-01T07:46:06+00:00\" \/>\n<meta property=\"og:image\" content=\"https:\/\/sicanivillages.com\/wp-content\/uploads\/2023\/10\/008-Museo-civico.jpg\" \/>\n\t<meta property=\"og:image:width\" content=\"1707\" \/>\n\t<meta property=\"og:image:height\" content=\"1280\" \/>\n\t<meta property=\"og:image:type\" content=\"image\/jpeg\" \/>\n<meta name=\"twitter:card\" content=\"summary_large_image\" \/>\n<meta name=\"twitter:label1\" content=\"Dur\u00e9e de lecture estim\u00e9e\" \/>\n\t<meta name=\"twitter:data1\" content=\"1 minute\" \/>\n<script type=\"application\/ld+json\" class=\"yoast-schema-graph\">{\"@context\":\"https:\/\/schema.org\",\"@graph\":[{\"@type\":\"WebPage\",\"@id\":\"https:\/\/sicanivillages.com\/fr\/produit\/008-mains-engrenages-et-objets-etranges-a-la-decouverte-de-bisacquino\/\",\"url\":\"https:\/\/sicanivillages.com\/fr\/produit\/008-mains-engrenages-et-objets-etranges-a-la-decouverte-de-bisacquino\/\",\"name\":\"008 - Mains, engrenages et objets \u00e9tranges : \u00e0 la d\u00e9couverte de Bisacquino - SicaniVillages\",\"isPartOf\":{\"@id\":\"https:\/\/sicanivillages.com\/#website\"},\"primaryImageOfPage\":{\"@id\":\"https:\/\/sicanivillages.com\/fr\/produit\/008-mains-engrenages-et-objets-etranges-a-la-decouverte-de-bisacquino\/#primaryimage\"},\"image\":{\"@id\":\"https:\/\/sicanivillages.com\/fr\/produit\/008-mains-engrenages-et-objets-etranges-a-la-decouverte-de-bisacquino\/#primaryimage\"},\"thumbnailUrl\":\"https:\/\/sicanivillages.com\/wp-content\/uploads\/2023\/10\/008-Museo-civico.jpg\",\"datePublished\":\"2023-10-04T12:09:17+00:00\",\"dateModified\":\"2024-07-01T07:46:06+00:00\",\"breadcrumb\":{\"@id\":\"https:\/\/sicanivillages.com\/fr\/produit\/008-mains-engrenages-et-objets-etranges-a-la-decouverte-de-bisacquino\/#breadcrumb\"},\"inLanguage\":\"fr-FR\",\"potentialAction\":[{\"@type\":\"ReadAction\",\"target\":[\"https:\/\/sicanivillages.com\/fr\/produit\/008-mains-engrenages-et-objets-etranges-a-la-decouverte-de-bisacquino\/\"]}]},{\"@type\":\"ImageObject\",\"inLanguage\":\"fr-FR\",\"@id\":\"https:\/\/sicanivillages.com\/fr\/produit\/008-mains-engrenages-et-objets-etranges-a-la-decouverte-de-bisacquino\/#primaryimage\",\"url\":\"https:\/\/sicanivillages.com\/wp-content\/uploads\/2023\/10\/008-Museo-civico.jpg\",\"contentUrl\":\"https:\/\/sicanivillages.com\/wp-content\/uploads\/2023\/10\/008-Museo-civico.jpg\",\"width\":1707,\"height\":1280},{\"@type\":\"BreadcrumbList\",\"@id\":\"https:\/\/sicanivillages.com\/fr\/produit\/008-mains-engrenages-et-objets-etranges-a-la-decouverte-de-bisacquino\/#breadcrumb\",\"itemListElement\":[{\"@type\":\"ListItem\",\"position\":1,\"name\":\"Home\",\"item\":\"https:\/\/sicanivillages.com\/fr\/\"},{\"@type\":\"ListItem\",\"position\":2,\"name\":\"Shop\",\"item\":\"https:\/\/sicanivillages.com\/negozio\/\"},{\"@type\":\"ListItem\",\"position\":3,\"name\":\"008 &#8211; Mains, engrenages et objets \u00e9tranges : \u00e0 la d\u00e9couverte de Bisacquino\"}]},{\"@type\":\"WebSite\",\"@id\":\"https:\/\/sicanivillages.com\/#website\",\"url\":\"https:\/\/sicanivillages.com\/\",\"name\":\"SicaniVillages\",\"description\":\"\",\"potentialAction\":[{\"@type\":\"SearchAction\",\"target\":{\"@type\":\"EntryPoint\",\"urlTemplate\":\"https:\/\/sicanivillages.com\/?s={search_term_string}\"},\"query-input\":{\"@type\":\"PropertyValueSpecification\",\"valueRequired\":true,\"valueName\":\"search_term_string\"}}],\"inLanguage\":\"fr-FR\"}]}<\/script>\n<!-- \/ Yoast SEO plugin. -->","yoast_head_json":{"title":"008 - Mains, engrenages et objets \u00e9tranges : \u00e0 la d\u00e9couverte de Bisacquino - SicaniVillages","robots":{"index":"index","follow":"follow","max-snippet":"max-snippet:-1","max-image-preview":"max-image-preview:large","max-video-preview":"max-video-preview:-1"},"canonical":"https:\/\/sicanivillages.com\/fr\/produit\/008-mains-engrenages-et-objets-etranges-a-la-decouverte-de-bisacquino\/","og_locale":"fr_FR","og_type":"article","og_title":"008 - Mains, engrenages et objets \u00e9tranges : \u00e0 la d\u00e9couverte de Bisacquino - SicaniVillages","og_description":"Notre promenade commence dans les rues \u00e9troites du quartier sarrasin, o\u00f9 vous pourrez admirer les arcs, les fontaines et les vieilles maisons en pierre de Bisacquino.","og_url":"https:\/\/sicanivillages.com\/fr\/produit\/008-mains-engrenages-et-objets-etranges-a-la-decouverte-de-bisacquino\/","og_site_name":"SicaniVillages","article_modified_time":"2024-07-01T07:46:06+00:00","og_image":[{"width":1707,"height":1280,"url":"https:\/\/sicanivillages.com\/wp-content\/uploads\/2023\/10\/008-Museo-civico.jpg","type":"image\/jpeg"}],"twitter_card":"summary_large_image","twitter_misc":{"Dur\u00e9e de lecture estim\u00e9e":"1 minute"},"schema":{"@context":"https:\/\/schema.org","@graph":[{"@type":"WebPage","@id":"https:\/\/sicanivillages.com\/fr\/produit\/008-mains-engrenages-et-objets-etranges-a-la-decouverte-de-bisacquino\/","url":"https:\/\/sicanivillages.com\/fr\/produit\/008-mains-engrenages-et-objets-etranges-a-la-decouverte-de-bisacquino\/","name":"008 - Mains, engrenages et objets \u00e9tranges : \u00e0 la d\u00e9couverte de Bisacquino - SicaniVillages","isPartOf":{"@id":"https:\/\/sicanivillages.com\/#website"},"primaryImageOfPage":{"@id":"https:\/\/sicanivillages.com\/fr\/produit\/008-mains-engrenages-et-objets-etranges-a-la-decouverte-de-bisacquino\/#primaryimage"},"image":{"@id":"https:\/\/sicanivillages.com\/fr\/produit\/008-mains-engrenages-et-objets-etranges-a-la-decouverte-de-bisacquino\/#primaryimage"},"thumbnailUrl":"https:\/\/sicanivillages.com\/wp-content\/uploads\/2023\/10\/008-Museo-civico.jpg","datePublished":"2023-10-04T12:09:17+00:00","dateModified":"2024-07-01T07:46:06+00:00","breadcrumb":{"@id":"https:\/\/sicanivillages.com\/fr\/produit\/008-mains-engrenages-et-objets-etranges-a-la-decouverte-de-bisacquino\/#breadcrumb"},"inLanguage":"fr-FR","potentialAction":[{"@type":"ReadAction","target":["https:\/\/sicanivillages.com\/fr\/produit\/008-mains-engrenages-et-objets-etranges-a-la-decouverte-de-bisacquino\/"]}]},{"@type":"ImageObject","inLanguage":"fr-FR","@id":"https:\/\/sicanivillages.com\/fr\/produit\/008-mains-engrenages-et-objets-etranges-a-la-decouverte-de-bisacquino\/#primaryimage","url":"https:\/\/sicanivillages.com\/wp-content\/uploads\/2023\/10\/008-Museo-civico.jpg","contentUrl":"https:\/\/sicanivillages.com\/wp-content\/uploads\/2023\/10\/008-Museo-civico.jpg","width":1707,"height":1280},{"@type":"BreadcrumbList","@id":"https:\/\/sicanivillages.com\/fr\/produit\/008-mains-engrenages-et-objets-etranges-a-la-decouverte-de-bisacquino\/#breadcrumb","itemListElement":[{"@type":"ListItem","position":1,"name":"Home","item":"https:\/\/sicanivillages.com\/fr\/"},{"@type":"ListItem","position":2,"name":"Shop","item":"https:\/\/sicanivillages.com\/negozio\/"},{"@type":"ListItem","position":3,"name":"008 &#8211; Mains, engrenages et objets \u00e9tranges : \u00e0 la d\u00e9couverte de Bisacquino"}]},{"@type":"WebSite","@id":"https:\/\/sicanivillages.com\/#website","url":"https:\/\/sicanivillages.com\/","name":"SicaniVillages","description":"","potentialAction":[{"@type":"SearchAction","target":{"@type":"EntryPoint","urlTemplate":"https:\/\/sicanivillages.com\/?s={search_term_string}"},"query-input":{"@type":"PropertyValueSpecification","valueRequired":true,"valueName":"search_term_string"}}],"inLanguage":"fr-FR"}]}},"_links":{"self":[{"href":"https:\/\/sicanivillages.com\/fr\/wp-json\/wp\/v2\/product\/13643","targetHints":{"allow":["GET"]}}],"collection":[{"href":"https:\/\/sicanivillages.com\/fr\/wp-json\/wp\/v2\/product"}],"about":[{"href":"https:\/\/sicanivillages.com\/fr\/wp-json\/wp\/v2\/types\/product"}],"replies":[{"embeddable":true,"href":"https:\/\/sicanivillages.com\/fr\/wp-json\/wp\/v2\/comments?post=13643"}],"version-history":[{"count":1,"href":"https:\/\/sicanivillages.com\/fr\/wp-json\/wp\/v2\/product\/13643\/revisions"}],"predecessor-version":[{"id":13877,"href":"https:\/\/sicanivillages.com\/fr\/wp-json\/wp\/v2\/product\/13643\/revisions\/13877"}],"wp:featuredmedia":[{"embeddable":true,"href":"https:\/\/sicanivillages.com\/fr\/wp-json\/wp\/v2\/media\/12324"}],"wp:attachment":[{"href":"https:\/\/sicanivillages.com\/fr\/wp-json\/wp\/v2\/media?parent=13643"}],"wp:term":[{"taxonomy":"product_brand","embeddable":true,"href":"https:\/\/sicanivillages.com\/fr\/wp-json\/wp\/v2\/product_brand?post=13643"},{"taxonomy":"product_cat","embeddable":true,"href":"https:\/\/sicanivillages.com\/fr\/wp-json\/wp\/v2\/product_cat?post=13643"},{"taxonomy":"product_tag","embeddable":true,"href":"https:\/\/sicanivillages.com\/fr\/wp-json\/wp\/v2\/product_tag?post=13643"}],"curies":[{"name":"wp","href":"https:\/\/api.w.org\/{rel}","templated":true}]}}