{"id":13641,"date":"2023-10-04T12:37:34","date_gmt":"2023-10-04T12:37:34","guid":{"rendered":"https:\/\/sicanivillages.com\/product\/010-parfums-et-saveurs-les-inoubliables-cannoli-de-chiusa-sclafani\/"},"modified":"2024-07-01T09:49:17","modified_gmt":"2024-07-01T09:49:17","slug":"010-parfums-et-saveurs-les-inoubliables-cannoli-de-chiusa-sclafani","status":"publish","type":"product","link":"https:\/\/sicanivillages.com\/fr\/produit\/010-parfums-et-saveurs-les-inoubliables-cannoli-de-chiusa-sclafani\/","title":{"rendered":"010 &#8211; Parfums et saveurs : les inoubliables cannoli de Chiusa Sclafani"},"content":{"rendered":"<p style=\"text-align: center;\">Une exp\u00e9rience faite de parfums et de saveurs qui enivrent les sens : la \u00ab\u00a0ranza e sciura\u00a0\u00bb, les cannoli farcis exclusivement de ricotta au lait de brebis et les cerises sont certainement parmi les meilleurs produits de ce petit village caract\u00e9ristique.<br \/>\nUn triomphe de dentelles de stuc qui enchantent les visiteurs, d&rsquo;anciens monast\u00e8res et des m\u00e9tiers presque oubli\u00e9s nous conduiront \u00e0 travers les quartiers les plus caract\u00e9ristiques pour retracer l&rsquo;histoire de Chiusa Sclafani.<br \/>\nApprenez \u00e0 conna\u00eetre les familles qui g\u00e8rent les petites entreprises locales, les mati\u00e8res premi\u00e8res et les processus qui rendent ces produits uniques.<br \/>\nL&rsquo;exp\u00e9rience comprend :<br \/>\nvisite guid\u00e9e du village, visite des entreprises et d\u00e9jeuner traditionnel.<br \/>\nChaque exp\u00e9rience peut \u00eatre combin\u00e9e\/personnalis\u00e9e en tenant compte des int\u00e9r\u00eats et des besoins de nos h\u00f4tes.<\/p>\n","protected":false},"excerpt":{"rendered":"<p>Une exp\u00e9rience qui ravit le palais et r\u00e9v\u00e8le l&rsquo;histoire du village \u00e0 travers ses \u00e9glises baroques, ses anciens monast\u00e8res, ses b\u00e2timents historiques et ses m\u00e9tiers presque oubli\u00e9s.<\/p>\n","protected":false},"featured_media":12334,"comment_status":"closed","ping_status":"closed","template":"","meta":{"_acf_changed":false,"_coblocks_attr":"","_coblocks_dimensions":"","_coblocks_responsive_height":"","_coblocks_accordion_ie_support":""},"product_brand":[],"product_cat":[148],"product_tag":[],"class_list":{"0":"post-13641","1":"product","2":"type-product","3":"status-publish","4":"has-post-thumbnail","6":"product_cat-monts-sicani","8":"first","9":"instock","10":"shipping-taxable","11":"purchasable","12":"product-type-ovabrw_car_rental"},"acf":{"Paesi esplorati":"Chiusa Sclafani","Localizzazione":"Monti Sicani","periodo_di_svolgimento":"Toute l'ann\u00e9e sur rendez-vous ","Data e Orario di Partenza":"Tous les jours sur demande \u00e0 partir de 10 heures","Durata":" 7 heures (y compris le d\u00e9jeuner)","tipologia":["Full Day"],"servizi_inclusi":"<img class=\"alignnone wp-image-7707\" src=\"https:\/\/sicanivillages.com\/wp-content\/uploads\/2023\/04\/check-300x300.png\" alt=\"\" width=\"15\" height=\"15\" \/> Guida\r\n\r\n<img class=\"alignnone wp-image-7707\" src=\"https:\/\/sicanivillages.com\/wp-content\/uploads\/2023\/04\/check-300x300.png\" alt=\"\" width=\"15\" height=\"15\" \/> Pranzo\r\n\r\n<img class=\"alignnone wp-image-7707\" src=\"https:\/\/sicanivillages.com\/wp-content\/uploads\/2023\/04\/check-300x300.png\" alt=\"\" width=\"15\" height=\"15\" \/> A richiesta servizio transfer da a per le locali strutture ricettive.","Luogo di Partenza":"","info-utili":"V\u00eatements confortables, pantalons longs, eau 1 litre (2 bouteilles).","Lingua":"Italien - Anglais","punti_salienti":"","shortcode_modulo_di_contatto":"[wpforms id=\"9452\"]","partners":"Bient\u00f4t disponible","Attrazioni":"[gslogo id=19]"},"yoast_head":"<!-- This site is optimized with the Yoast SEO plugin v26.7 - https:\/\/yoast.com\/wordpress\/plugins\/seo\/ -->\n<title>010 - Parfums et saveurs : les inoubliables cannoli de Chiusa Sclafani - SicaniVillages<\/title>\n<meta name=\"robots\" content=\"index, follow, max-snippet:-1, max-image-preview:large, max-video-preview:-1\" \/>\n<link rel=\"canonical\" href=\"https:\/\/sicanivillages.com\/fr\/produit\/010-parfums-et-saveurs-les-inoubliables-cannoli-de-chiusa-sclafani\/\" \/>\n<meta property=\"og:locale\" content=\"fr_FR\" \/>\n<meta property=\"og:type\" content=\"article\" \/>\n<meta property=\"og:title\" content=\"010 - Parfums et saveurs : les inoubliables cannoli de Chiusa Sclafani - SicaniVillages\" \/>\n<meta property=\"og:description\" content=\"Une exp\u00e9rience qui ravit le palais et r\u00e9v\u00e8le l&#039;histoire du village \u00e0 travers ses \u00e9glises baroques, ses anciens monast\u00e8res, ses b\u00e2timents historiques et ses m\u00e9tiers presque oubli\u00e9s.\" \/>\n<meta property=\"og:url\" content=\"https:\/\/sicanivillages.com\/fr\/produit\/010-parfums-et-saveurs-les-inoubliables-cannoli-de-chiusa-sclafani\/\" \/>\n<meta property=\"og:site_name\" content=\"SicaniVillages\" \/>\n<meta property=\"article:modified_time\" content=\"2024-07-01T09:49:17+00:00\" \/>\n<meta property=\"og:image\" content=\"https:\/\/sicanivillages.com\/wp-content\/uploads\/2023\/10\/010-fontana-ciliegia.jpg\" \/>\n\t<meta property=\"og:image:width\" content=\"1920\" \/>\n\t<meta property=\"og:image:height\" content=\"1280\" \/>\n\t<meta property=\"og:image:type\" content=\"image\/jpeg\" \/>\n<meta name=\"twitter:card\" content=\"summary_large_image\" \/>\n<meta name=\"twitter:label1\" content=\"Dur\u00e9e de lecture estim\u00e9e\" \/>\n\t<meta name=\"twitter:data1\" content=\"1 minute\" \/>\n<script type=\"application\/ld+json\" class=\"yoast-schema-graph\">{\"@context\":\"https:\/\/schema.org\",\"@graph\":[{\"@type\":\"WebPage\",\"@id\":\"https:\/\/sicanivillages.com\/fr\/produit\/010-parfums-et-saveurs-les-inoubliables-cannoli-de-chiusa-sclafani\/\",\"url\":\"https:\/\/sicanivillages.com\/fr\/produit\/010-parfums-et-saveurs-les-inoubliables-cannoli-de-chiusa-sclafani\/\",\"name\":\"010 - Parfums et saveurs : les inoubliables cannoli de Chiusa Sclafani - SicaniVillages\",\"isPartOf\":{\"@id\":\"https:\/\/sicanivillages.com\/#website\"},\"primaryImageOfPage\":{\"@id\":\"https:\/\/sicanivillages.com\/fr\/produit\/010-parfums-et-saveurs-les-inoubliables-cannoli-de-chiusa-sclafani\/#primaryimage\"},\"image\":{\"@id\":\"https:\/\/sicanivillages.com\/fr\/produit\/010-parfums-et-saveurs-les-inoubliables-cannoli-de-chiusa-sclafani\/#primaryimage\"},\"thumbnailUrl\":\"https:\/\/sicanivillages.com\/wp-content\/uploads\/2023\/10\/010-fontana-ciliegia.jpg\",\"datePublished\":\"2023-10-04T12:37:34+00:00\",\"dateModified\":\"2024-07-01T09:49:17+00:00\",\"breadcrumb\":{\"@id\":\"https:\/\/sicanivillages.com\/fr\/produit\/010-parfums-et-saveurs-les-inoubliables-cannoli-de-chiusa-sclafani\/#breadcrumb\"},\"inLanguage\":\"fr-FR\",\"potentialAction\":[{\"@type\":\"ReadAction\",\"target\":[\"https:\/\/sicanivillages.com\/fr\/produit\/010-parfums-et-saveurs-les-inoubliables-cannoli-de-chiusa-sclafani\/\"]}]},{\"@type\":\"ImageObject\",\"inLanguage\":\"fr-FR\",\"@id\":\"https:\/\/sicanivillages.com\/fr\/produit\/010-parfums-et-saveurs-les-inoubliables-cannoli-de-chiusa-sclafani\/#primaryimage\",\"url\":\"https:\/\/sicanivillages.com\/wp-content\/uploads\/2023\/10\/010-fontana-ciliegia.jpg\",\"contentUrl\":\"https:\/\/sicanivillages.com\/wp-content\/uploads\/2023\/10\/010-fontana-ciliegia.jpg\",\"width\":1920,\"height\":1280},{\"@type\":\"BreadcrumbList\",\"@id\":\"https:\/\/sicanivillages.com\/fr\/produit\/010-parfums-et-saveurs-les-inoubliables-cannoli-de-chiusa-sclafani\/#breadcrumb\",\"itemListElement\":[{\"@type\":\"ListItem\",\"position\":1,\"name\":\"Home\",\"item\":\"https:\/\/sicanivillages.com\/fr\/\"},{\"@type\":\"ListItem\",\"position\":2,\"name\":\"Shop\",\"item\":\"https:\/\/sicanivillages.com\/negozio\/\"},{\"@type\":\"ListItem\",\"position\":3,\"name\":\"010 &#8211; Parfums et saveurs : les inoubliables cannoli de Chiusa Sclafani\"}]},{\"@type\":\"WebSite\",\"@id\":\"https:\/\/sicanivillages.com\/#website\",\"url\":\"https:\/\/sicanivillages.com\/\",\"name\":\"SicaniVillages\",\"description\":\"\",\"potentialAction\":[{\"@type\":\"SearchAction\",\"target\":{\"@type\":\"EntryPoint\",\"urlTemplate\":\"https:\/\/sicanivillages.com\/?s={search_term_string}\"},\"query-input\":{\"@type\":\"PropertyValueSpecification\",\"valueRequired\":true,\"valueName\":\"search_term_string\"}}],\"inLanguage\":\"fr-FR\"}]}<\/script>\n<!-- \/ Yoast SEO plugin. -->","yoast_head_json":{"title":"010 - Parfums et saveurs : les inoubliables cannoli de Chiusa Sclafani - SicaniVillages","robots":{"index":"index","follow":"follow","max-snippet":"max-snippet:-1","max-image-preview":"max-image-preview:large","max-video-preview":"max-video-preview:-1"},"canonical":"https:\/\/sicanivillages.com\/fr\/produit\/010-parfums-et-saveurs-les-inoubliables-cannoli-de-chiusa-sclafani\/","og_locale":"fr_FR","og_type":"article","og_title":"010 - Parfums et saveurs : les inoubliables cannoli de Chiusa Sclafani - SicaniVillages","og_description":"Une exp\u00e9rience qui ravit le palais et r\u00e9v\u00e8le l'histoire du village \u00e0 travers ses \u00e9glises baroques, ses anciens monast\u00e8res, ses b\u00e2timents historiques et ses m\u00e9tiers presque oubli\u00e9s.","og_url":"https:\/\/sicanivillages.com\/fr\/produit\/010-parfums-et-saveurs-les-inoubliables-cannoli-de-chiusa-sclafani\/","og_site_name":"SicaniVillages","article_modified_time":"2024-07-01T09:49:17+00:00","og_image":[{"width":1920,"height":1280,"url":"https:\/\/sicanivillages.com\/wp-content\/uploads\/2023\/10\/010-fontana-ciliegia.jpg","type":"image\/jpeg"}],"twitter_card":"summary_large_image","twitter_misc":{"Dur\u00e9e de lecture estim\u00e9e":"1 minute"},"schema":{"@context":"https:\/\/schema.org","@graph":[{"@type":"WebPage","@id":"https:\/\/sicanivillages.com\/fr\/produit\/010-parfums-et-saveurs-les-inoubliables-cannoli-de-chiusa-sclafani\/","url":"https:\/\/sicanivillages.com\/fr\/produit\/010-parfums-et-saveurs-les-inoubliables-cannoli-de-chiusa-sclafani\/","name":"010 - Parfums et saveurs : les inoubliables cannoli de Chiusa Sclafani - SicaniVillages","isPartOf":{"@id":"https:\/\/sicanivillages.com\/#website"},"primaryImageOfPage":{"@id":"https:\/\/sicanivillages.com\/fr\/produit\/010-parfums-et-saveurs-les-inoubliables-cannoli-de-chiusa-sclafani\/#primaryimage"},"image":{"@id":"https:\/\/sicanivillages.com\/fr\/produit\/010-parfums-et-saveurs-les-inoubliables-cannoli-de-chiusa-sclafani\/#primaryimage"},"thumbnailUrl":"https:\/\/sicanivillages.com\/wp-content\/uploads\/2023\/10\/010-fontana-ciliegia.jpg","datePublished":"2023-10-04T12:37:34+00:00","dateModified":"2024-07-01T09:49:17+00:00","breadcrumb":{"@id":"https:\/\/sicanivillages.com\/fr\/produit\/010-parfums-et-saveurs-les-inoubliables-cannoli-de-chiusa-sclafani\/#breadcrumb"},"inLanguage":"fr-FR","potentialAction":[{"@type":"ReadAction","target":["https:\/\/sicanivillages.com\/fr\/produit\/010-parfums-et-saveurs-les-inoubliables-cannoli-de-chiusa-sclafani\/"]}]},{"@type":"ImageObject","inLanguage":"fr-FR","@id":"https:\/\/sicanivillages.com\/fr\/produit\/010-parfums-et-saveurs-les-inoubliables-cannoli-de-chiusa-sclafani\/#primaryimage","url":"https:\/\/sicanivillages.com\/wp-content\/uploads\/2023\/10\/010-fontana-ciliegia.jpg","contentUrl":"https:\/\/sicanivillages.com\/wp-content\/uploads\/2023\/10\/010-fontana-ciliegia.jpg","width":1920,"height":1280},{"@type":"BreadcrumbList","@id":"https:\/\/sicanivillages.com\/fr\/produit\/010-parfums-et-saveurs-les-inoubliables-cannoli-de-chiusa-sclafani\/#breadcrumb","itemListElement":[{"@type":"ListItem","position":1,"name":"Home","item":"https:\/\/sicanivillages.com\/fr\/"},{"@type":"ListItem","position":2,"name":"Shop","item":"https:\/\/sicanivillages.com\/negozio\/"},{"@type":"ListItem","position":3,"name":"010 &#8211; Parfums et saveurs : les inoubliables cannoli de Chiusa Sclafani"}]},{"@type":"WebSite","@id":"https:\/\/sicanivillages.com\/#website","url":"https:\/\/sicanivillages.com\/","name":"SicaniVillages","description":"","potentialAction":[{"@type":"SearchAction","target":{"@type":"EntryPoint","urlTemplate":"https:\/\/sicanivillages.com\/?s={search_term_string}"},"query-input":{"@type":"PropertyValueSpecification","valueRequired":true,"valueName":"search_term_string"}}],"inLanguage":"fr-FR"}]}},"_links":{"self":[{"href":"https:\/\/sicanivillages.com\/fr\/wp-json\/wp\/v2\/product\/13641","targetHints":{"allow":["GET"]}}],"collection":[{"href":"https:\/\/sicanivillages.com\/fr\/wp-json\/wp\/v2\/product"}],"about":[{"href":"https:\/\/sicanivillages.com\/fr\/wp-json\/wp\/v2\/types\/product"}],"replies":[{"embeddable":true,"href":"https:\/\/sicanivillages.com\/fr\/wp-json\/wp\/v2\/comments?post=13641"}],"version-history":[{"count":1,"href":"https:\/\/sicanivillages.com\/fr\/wp-json\/wp\/v2\/product\/13641\/revisions"}],"predecessor-version":[{"id":13882,"href":"https:\/\/sicanivillages.com\/fr\/wp-json\/wp\/v2\/product\/13641\/revisions\/13882"}],"wp:featuredmedia":[{"embeddable":true,"href":"https:\/\/sicanivillages.com\/fr\/wp-json\/wp\/v2\/media\/12334"}],"wp:attachment":[{"href":"https:\/\/sicanivillages.com\/fr\/wp-json\/wp\/v2\/media?parent=13641"}],"wp:term":[{"taxonomy":"product_brand","embeddable":true,"href":"https:\/\/sicanivillages.com\/fr\/wp-json\/wp\/v2\/product_brand?post=13641"},{"taxonomy":"product_cat","embeddable":true,"href":"https:\/\/sicanivillages.com\/fr\/wp-json\/wp\/v2\/product_cat?post=13641"},{"taxonomy":"product_tag","embeddable":true,"href":"https:\/\/sicanivillages.com\/fr\/wp-json\/wp\/v2\/product_tag?post=13641"}],"curies":[{"name":"wp","href":"https:\/\/api.w.org\/{rel}","templated":true}]}}