{"id":13639,"date":"2023-10-04T11:31:02","date_gmt":"2023-10-04T11:31:02","guid":{"rendered":"https:\/\/sicanivillages.com\/product\/007-les-autels-du-pain-un-art-et-une-tradition-uniques-a-giuliana-et-bisacquino\/"},"modified":"2024-07-01T07:45:59","modified_gmt":"2024-07-01T07:45:59","slug":"007-les-autels-du-pain-un-art-et-une-tradition-uniques-a-giuliana-et-bisacquino","status":"publish","type":"product","link":"https:\/\/sicanivillages.com\/fr\/produit\/007-les-autels-du-pain-un-art-et-une-tradition-uniques-a-giuliana-et-bisacquino\/","title":{"rendered":"007 &#8211; Les autels du pain, un art et une tradition uniques \u00e0 Giuliana et Bisacquino"},"content":{"rendered":"<p style=\"text-align: center;\">Une tradition locale qui offre un aper\u00e7u de la culture populaire et religieuse de ces petits villages de l&rsquo;int\u00e9rieur de la Sicile.<br \/>\nLes autels de Saint-Joseph sont une occasion unique de vivre pleinement les coutumes locales, de d\u00e9couvrir les plats pr\u00e9par\u00e9s pour l&rsquo;occasion, la symbolique des pains, les broderies qui ornent les autels et d&rsquo;assister aux rituels qui y sont c\u00e9l\u00e9br\u00e9s.<br \/>\nAvec l&rsquo;aide de nos boulangers qualifi\u00e9s, vous pouvez vous essayer \u00e0 d\u00e9corer vous-m\u00eame le pain et obtenir les formes uniques qui ornent les tables.<br \/>\nAppr\u00e9ciez la beaut\u00e9 et la majest\u00e9 de cette c\u00e9l\u00e9bration ancienne qui a des origines lointaines et qui pr\u00e9serve encore la m\u00e9moire historique de notre pass\u00e9.<br \/>\nL&rsquo;exp\u00e9rience comprend :<br \/>\nVisite guid\u00e9e du village, activit\u00e9s de boulangerie, visite des autels de Saint-Joseph et d\u00e9jeuner traditionnel.<br \/>\nChaque exp\u00e9rience peut \u00eatre personnalis\u00e9e en fonction des int\u00e9r\u00eats et des besoins de nos h\u00f4tes.<\/p>\n","protected":false},"excerpt":{"rendered":"<p>Une exp\u00e9rience con\u00e7ue pour d\u00e9couvrir les v\u00e9ritables tr\u00e9sors de l&rsquo;arri\u00e8re-pays sicilien et pour apprendre \u00e0 conna\u00eetre la f\u00eate de <strong>saint Joseph<\/strong>, fruit d&rsquo;histoires s\u00e9culaires et d&rsquo;actes de d\u00e9votion anciens.<\/p>\n","protected":false},"featured_media":12314,"comment_status":"closed","ping_status":"closed","template":"","meta":{"_acf_changed":false,"_coblocks_attr":"","_coblocks_dimensions":"","_coblocks_responsive_height":"","_coblocks_accordion_ie_support":""},"product_brand":[],"product_cat":[148],"product_tag":[],"class_list":{"0":"post-13639","1":"product","2":"type-product","3":"status-publish","4":"has-post-thumbnail","6":"product_cat-monts-sicani","8":"first","9":"instock","10":"shipping-taxable","11":"purchasable","12":"product-type-ovabrw_car_rental"},"acf":{"Paesi esplorati":"Giuliana e Bisacquino","Localizzazione":"Monti Sicani","periodo_di_svolgimento":"Toute l'ann\u00e9e sur rendez-vous et si le temps le permet","Data e Orario di Partenza":"Tous les jours sur demande \u00e0 partir de 10 heures","Durata":"7 heures, d\u00e9jeuner compris","tipologia":["Full Day"],"servizi_inclusi":"<img class=\"alignnone wp-image-7707\" src=\"https:\/\/sicanivillages.com\/wp-content\/uploads\/2023\/04\/check-300x300.png\" alt=\"\" width=\"15\" height=\"15\" \/> Guide\r\n\r\n<img class=\"alignnone wp-image-7707\" src=\"https:\/\/sicanivillages.com\/wp-content\/uploads\/2023\/04\/check-300x300.png\" alt=\"\" width=\"15\" height=\"15\" \/> D\u00e9jeuner\r\n\r\n<img class=\"alignnone wp-image-7707\" src=\"https:\/\/sicanivillages.com\/wp-content\/uploads\/2023\/04\/check-300x300.png\" alt=\"\" width=\"15\" height=\"15\" \/> Service de transfert depuis et vers les lieux d'h\u00e9bergement locaux sur demande.","Luogo di Partenza":"<iframe src=\"https:\/\/www.google.com\/maps\/embed?pb=!1m18!1m12!1m3!1d50561.7670008512!2d13.30105925!3d37.62308995!2m3!1f0!2f0!3f0!3m2!1i1024!2i768!4f13.1!3m3!1m2!1s0x131a130d2e0a4d87%3A0xd5cb289121656d04!2s92010%20Burgio%20AG!5e0!3m2!1sit!2sit!4v1696419180410!5m2!1sit!2sit\" width=\"300\" height=\"200\" style=\"border:0;\" allowfullscreen=\"\" loading=\"lazy\" referrerpolicy=\"no-referrer-when-downgrade\"><\/iframe>","info-utili":"V\u00eatements confortables, pantalons longs, eau 1 litre (2 bouteilles).","Lingua":"Italien - Anglais","punti_salienti":"Villages caract\u00e9ristiques, produits typiques","shortcode_modulo_di_contatto":"","partners":"Bient\u00f4t disponible","Attrazioni":"[gslogo id=15]"},"yoast_head":"<!-- This site is optimized with the Yoast SEO plugin v26.7 - https:\/\/yoast.com\/wordpress\/plugins\/seo\/ -->\n<title>007 - Les autels du pain, un art et une tradition uniques \u00e0 Giuliana et Bisacquino - SicaniVillages<\/title>\n<meta name=\"robots\" content=\"index, follow, max-snippet:-1, max-image-preview:large, max-video-preview:-1\" \/>\n<link rel=\"canonical\" href=\"https:\/\/sicanivillages.com\/fr\/produit\/007-les-autels-du-pain-un-art-et-une-tradition-uniques-a-giuliana-et-bisacquino\/\" \/>\n<meta property=\"og:locale\" content=\"fr_FR\" \/>\n<meta property=\"og:type\" content=\"article\" \/>\n<meta property=\"og:title\" content=\"007 - Les autels du pain, un art et une tradition uniques \u00e0 Giuliana et Bisacquino - SicaniVillages\" \/>\n<meta property=\"og:description\" content=\"Une exp\u00e9rience con\u00e7ue pour d\u00e9couvrir les v\u00e9ritables tr\u00e9sors de l&#039;arri\u00e8re-pays sicilien et pour apprendre \u00e0 conna\u00eetre la f\u00eate de saint Joseph, fruit d&#039;histoires s\u00e9culaires et d&#039;actes de d\u00e9votion anciens.\" \/>\n<meta property=\"og:url\" content=\"https:\/\/sicanivillages.com\/fr\/produit\/007-les-autels-du-pain-un-art-et-une-tradition-uniques-a-giuliana-et-bisacquino\/\" \/>\n<meta property=\"og:site_name\" content=\"SicaniVillages\" \/>\n<meta property=\"article:modified_time\" content=\"2024-07-01T07:45:59+00:00\" \/>\n<meta property=\"og:image\" content=\"https:\/\/sicanivillages.com\/wp-content\/uploads\/2023\/10\/007-IMG_20230319_110009-1.jpg\" \/>\n\t<meta property=\"og:image:width\" content=\"1920\" \/>\n\t<meta property=\"og:image:height\" content=\"1440\" \/>\n\t<meta property=\"og:image:type\" content=\"image\/jpeg\" \/>\n<meta name=\"twitter:card\" content=\"summary_large_image\" \/>\n<meta name=\"twitter:label1\" content=\"Dur\u00e9e de lecture estim\u00e9e\" \/>\n\t<meta name=\"twitter:data1\" content=\"1 minute\" \/>\n<script type=\"application\/ld+json\" class=\"yoast-schema-graph\">{\"@context\":\"https:\/\/schema.org\",\"@graph\":[{\"@type\":\"WebPage\",\"@id\":\"https:\/\/sicanivillages.com\/fr\/produit\/007-les-autels-du-pain-un-art-et-une-tradition-uniques-a-giuliana-et-bisacquino\/\",\"url\":\"https:\/\/sicanivillages.com\/fr\/produit\/007-les-autels-du-pain-un-art-et-une-tradition-uniques-a-giuliana-et-bisacquino\/\",\"name\":\"007 - Les autels du pain, un art et une tradition uniques \u00e0 Giuliana et Bisacquino - SicaniVillages\",\"isPartOf\":{\"@id\":\"https:\/\/sicanivillages.com\/#website\"},\"primaryImageOfPage\":{\"@id\":\"https:\/\/sicanivillages.com\/fr\/produit\/007-les-autels-du-pain-un-art-et-une-tradition-uniques-a-giuliana-et-bisacquino\/#primaryimage\"},\"image\":{\"@id\":\"https:\/\/sicanivillages.com\/fr\/produit\/007-les-autels-du-pain-un-art-et-une-tradition-uniques-a-giuliana-et-bisacquino\/#primaryimage\"},\"thumbnailUrl\":\"https:\/\/sicanivillages.com\/wp-content\/uploads\/2023\/10\/007-IMG_20230319_110009-1.jpg\",\"datePublished\":\"2023-10-04T11:31:02+00:00\",\"dateModified\":\"2024-07-01T07:45:59+00:00\",\"breadcrumb\":{\"@id\":\"https:\/\/sicanivillages.com\/fr\/produit\/007-les-autels-du-pain-un-art-et-une-tradition-uniques-a-giuliana-et-bisacquino\/#breadcrumb\"},\"inLanguage\":\"fr-FR\",\"potentialAction\":[{\"@type\":\"ReadAction\",\"target\":[\"https:\/\/sicanivillages.com\/fr\/produit\/007-les-autels-du-pain-un-art-et-une-tradition-uniques-a-giuliana-et-bisacquino\/\"]}]},{\"@type\":\"ImageObject\",\"inLanguage\":\"fr-FR\",\"@id\":\"https:\/\/sicanivillages.com\/fr\/produit\/007-les-autels-du-pain-un-art-et-une-tradition-uniques-a-giuliana-et-bisacquino\/#primaryimage\",\"url\":\"https:\/\/sicanivillages.com\/wp-content\/uploads\/2023\/10\/007-IMG_20230319_110009-1.jpg\",\"contentUrl\":\"https:\/\/sicanivillages.com\/wp-content\/uploads\/2023\/10\/007-IMG_20230319_110009-1.jpg\",\"width\":1920,\"height\":1440},{\"@type\":\"BreadcrumbList\",\"@id\":\"https:\/\/sicanivillages.com\/fr\/produit\/007-les-autels-du-pain-un-art-et-une-tradition-uniques-a-giuliana-et-bisacquino\/#breadcrumb\",\"itemListElement\":[{\"@type\":\"ListItem\",\"position\":1,\"name\":\"Home\",\"item\":\"https:\/\/sicanivillages.com\/fr\/\"},{\"@type\":\"ListItem\",\"position\":2,\"name\":\"Shop\",\"item\":\"https:\/\/sicanivillages.com\/negozio\/\"},{\"@type\":\"ListItem\",\"position\":3,\"name\":\"007 &#8211; Les autels du pain, un art et une tradition uniques \u00e0 Giuliana et Bisacquino\"}]},{\"@type\":\"WebSite\",\"@id\":\"https:\/\/sicanivillages.com\/#website\",\"url\":\"https:\/\/sicanivillages.com\/\",\"name\":\"SicaniVillages\",\"description\":\"\",\"potentialAction\":[{\"@type\":\"SearchAction\",\"target\":{\"@type\":\"EntryPoint\",\"urlTemplate\":\"https:\/\/sicanivillages.com\/?s={search_term_string}\"},\"query-input\":{\"@type\":\"PropertyValueSpecification\",\"valueRequired\":true,\"valueName\":\"search_term_string\"}}],\"inLanguage\":\"fr-FR\"}]}<\/script>\n<!-- \/ Yoast SEO plugin. -->","yoast_head_json":{"title":"007 - Les autels du pain, un art et une tradition uniques \u00e0 Giuliana et Bisacquino - SicaniVillages","robots":{"index":"index","follow":"follow","max-snippet":"max-snippet:-1","max-image-preview":"max-image-preview:large","max-video-preview":"max-video-preview:-1"},"canonical":"https:\/\/sicanivillages.com\/fr\/produit\/007-les-autels-du-pain-un-art-et-une-tradition-uniques-a-giuliana-et-bisacquino\/","og_locale":"fr_FR","og_type":"article","og_title":"007 - Les autels du pain, un art et une tradition uniques \u00e0 Giuliana et Bisacquino - SicaniVillages","og_description":"Une exp\u00e9rience con\u00e7ue pour d\u00e9couvrir les v\u00e9ritables tr\u00e9sors de l'arri\u00e8re-pays sicilien et pour apprendre \u00e0 conna\u00eetre la f\u00eate de saint Joseph, fruit d'histoires s\u00e9culaires et d'actes de d\u00e9votion anciens.","og_url":"https:\/\/sicanivillages.com\/fr\/produit\/007-les-autels-du-pain-un-art-et-une-tradition-uniques-a-giuliana-et-bisacquino\/","og_site_name":"SicaniVillages","article_modified_time":"2024-07-01T07:45:59+00:00","og_image":[{"width":1920,"height":1440,"url":"https:\/\/sicanivillages.com\/wp-content\/uploads\/2023\/10\/007-IMG_20230319_110009-1.jpg","type":"image\/jpeg"}],"twitter_card":"summary_large_image","twitter_misc":{"Dur\u00e9e de lecture estim\u00e9e":"1 minute"},"schema":{"@context":"https:\/\/schema.org","@graph":[{"@type":"WebPage","@id":"https:\/\/sicanivillages.com\/fr\/produit\/007-les-autels-du-pain-un-art-et-une-tradition-uniques-a-giuliana-et-bisacquino\/","url":"https:\/\/sicanivillages.com\/fr\/produit\/007-les-autels-du-pain-un-art-et-une-tradition-uniques-a-giuliana-et-bisacquino\/","name":"007 - Les autels du pain, un art et une tradition uniques \u00e0 Giuliana et Bisacquino - SicaniVillages","isPartOf":{"@id":"https:\/\/sicanivillages.com\/#website"},"primaryImageOfPage":{"@id":"https:\/\/sicanivillages.com\/fr\/produit\/007-les-autels-du-pain-un-art-et-une-tradition-uniques-a-giuliana-et-bisacquino\/#primaryimage"},"image":{"@id":"https:\/\/sicanivillages.com\/fr\/produit\/007-les-autels-du-pain-un-art-et-une-tradition-uniques-a-giuliana-et-bisacquino\/#primaryimage"},"thumbnailUrl":"https:\/\/sicanivillages.com\/wp-content\/uploads\/2023\/10\/007-IMG_20230319_110009-1.jpg","datePublished":"2023-10-04T11:31:02+00:00","dateModified":"2024-07-01T07:45:59+00:00","breadcrumb":{"@id":"https:\/\/sicanivillages.com\/fr\/produit\/007-les-autels-du-pain-un-art-et-une-tradition-uniques-a-giuliana-et-bisacquino\/#breadcrumb"},"inLanguage":"fr-FR","potentialAction":[{"@type":"ReadAction","target":["https:\/\/sicanivillages.com\/fr\/produit\/007-les-autels-du-pain-un-art-et-une-tradition-uniques-a-giuliana-et-bisacquino\/"]}]},{"@type":"ImageObject","inLanguage":"fr-FR","@id":"https:\/\/sicanivillages.com\/fr\/produit\/007-les-autels-du-pain-un-art-et-une-tradition-uniques-a-giuliana-et-bisacquino\/#primaryimage","url":"https:\/\/sicanivillages.com\/wp-content\/uploads\/2023\/10\/007-IMG_20230319_110009-1.jpg","contentUrl":"https:\/\/sicanivillages.com\/wp-content\/uploads\/2023\/10\/007-IMG_20230319_110009-1.jpg","width":1920,"height":1440},{"@type":"BreadcrumbList","@id":"https:\/\/sicanivillages.com\/fr\/produit\/007-les-autels-du-pain-un-art-et-une-tradition-uniques-a-giuliana-et-bisacquino\/#breadcrumb","itemListElement":[{"@type":"ListItem","position":1,"name":"Home","item":"https:\/\/sicanivillages.com\/fr\/"},{"@type":"ListItem","position":2,"name":"Shop","item":"https:\/\/sicanivillages.com\/negozio\/"},{"@type":"ListItem","position":3,"name":"007 &#8211; Les autels du pain, un art et une tradition uniques \u00e0 Giuliana et Bisacquino"}]},{"@type":"WebSite","@id":"https:\/\/sicanivillages.com\/#website","url":"https:\/\/sicanivillages.com\/","name":"SicaniVillages","description":"","potentialAction":[{"@type":"SearchAction","target":{"@type":"EntryPoint","urlTemplate":"https:\/\/sicanivillages.com\/?s={search_term_string}"},"query-input":{"@type":"PropertyValueSpecification","valueRequired":true,"valueName":"search_term_string"}}],"inLanguage":"fr-FR"}]}},"_links":{"self":[{"href":"https:\/\/sicanivillages.com\/fr\/wp-json\/wp\/v2\/product\/13639","targetHints":{"allow":["GET"]}}],"collection":[{"href":"https:\/\/sicanivillages.com\/fr\/wp-json\/wp\/v2\/product"}],"about":[{"href":"https:\/\/sicanivillages.com\/fr\/wp-json\/wp\/v2\/types\/product"}],"replies":[{"embeddable":true,"href":"https:\/\/sicanivillages.com\/fr\/wp-json\/wp\/v2\/comments?post=13639"}],"version-history":[{"count":1,"href":"https:\/\/sicanivillages.com\/fr\/wp-json\/wp\/v2\/product\/13639\/revisions"}],"predecessor-version":[{"id":13876,"href":"https:\/\/sicanivillages.com\/fr\/wp-json\/wp\/v2\/product\/13639\/revisions\/13876"}],"wp:featuredmedia":[{"embeddable":true,"href":"https:\/\/sicanivillages.com\/fr\/wp-json\/wp\/v2\/media\/12314"}],"wp:attachment":[{"href":"https:\/\/sicanivillages.com\/fr\/wp-json\/wp\/v2\/media?parent=13639"}],"wp:term":[{"taxonomy":"product_brand","embeddable":true,"href":"https:\/\/sicanivillages.com\/fr\/wp-json\/wp\/v2\/product_brand?post=13639"},{"taxonomy":"product_cat","embeddable":true,"href":"https:\/\/sicanivillages.com\/fr\/wp-json\/wp\/v2\/product_cat?post=13639"},{"taxonomy":"product_tag","embeddable":true,"href":"https:\/\/sicanivillages.com\/fr\/wp-json\/wp\/v2\/product_tag?post=13639"}],"curies":[{"name":"wp","href":"https:\/\/api.w.org\/{rel}","templated":true}]}}