{"id":13637,"date":"2023-10-04T12:18:20","date_gmt":"2023-10-04T12:18:20","guid":{"rendered":"https:\/\/sicanivillages.com\/product\/009-un-chateau-pour-un-voyage-memorable-dans-le-temps-nous-allons-a-giuliana\/"},"modified":"2024-07-01T09:49:15","modified_gmt":"2024-07-01T09:49:15","slug":"009-un-chateau-pour-un-voyage-memorable-dans-le-temps-nous-allons-a-giuliana","status":"publish","type":"product","link":"https:\/\/sicanivillages.com\/fr\/produit\/009-un-chateau-pour-un-voyage-memorable-dans-le-temps-nous-allons-a-giuliana\/","title":{"rendered":"009 &#8211; Un ch\u00e2teau pour un voyage m\u00e9morable dans le temps : nous allons \u00e0 Giuliana"},"content":{"rendered":"<p style=\"text-align: center;\">Une exp\u00e9rience \u00e0 la d\u00e9couverte de Giuliana et de l&rsquo;accueil chaleureux de ses habitants.<br \/>\nVous aurez l&rsquo;occasion de visiter des lieux d&rsquo;un grand int\u00e9r\u00eat historique et culturel et de vous promener dans les salles du majestueux ch\u00e2teau, un lieu qui nous fait remonter le temps et revivre des histoires de soldats, de rois et de princesses.<br \/>\nNous nous prom\u00e8nerons dans les ruelles les plus caract\u00e9ristiques du village et, gr\u00e2ce \u00e0 des rencontres avec des artisans et des producteurs, nous pourrons appr\u00e9cier l&rsquo;excellence locale et les plats traditionnels.<br \/>\nIl s&rsquo;agit d&rsquo;une occasion unique de d\u00e9couvrir l&rsquo;identit\u00e9 du lieu et de vivre en direct certaines \u00e9tapes de la production et de l&rsquo;artisanat avec nos collaborateurs. D\u00e9jeuner \u00e0 base de produits locaux traditionnels.<br \/>\nL&rsquo;exp\u00e9rience comprend :<br \/>\nVisite guid\u00e9e du village et d\u00e9jeuner traditionnel.<br \/>\nChaque exp\u00e9rience peut \u00eatre combin\u00e9e\/personnalis\u00e9e en tenant compte des int\u00e9r\u00eats et des besoins de nos h\u00f4tes.<\/p>\n<p>&nbsp;<\/p>\n","protected":false},"excerpt":{"rendered":"<p>Une exp\u00e9rience dans un lieu o\u00f9 les mythes, les l\u00e9gendes et les \u00e9v\u00e9nements historiques se m\u00ealent \u00e0 la r\u00e9alit\u00e9 de ces paysages pr\u00e9serv\u00e9s.<\/p>\n","protected":false},"featured_media":12328,"comment_status":"closed","ping_status":"closed","template":"","meta":{"_acf_changed":false,"_coblocks_attr":"","_coblocks_dimensions":"","_coblocks_responsive_height":"","_coblocks_accordion_ie_support":""},"product_brand":[],"product_cat":[148],"product_tag":[],"class_list":{"0":"post-13637","1":"product","2":"type-product","3":"status-publish","4":"has-post-thumbnail","6":"product_cat-monts-sicani","8":"first","9":"instock","10":"shipping-taxable","11":"purchasable","12":"product-type-ovabrw_car_rental"},"acf":{"Paesi esplorati":"Giuliana","Localizzazione":"Monti Sicani","periodo_di_svolgimento":"Toute l'ann\u00e9e sur rendez-vous ","Data e Orario di Partenza":"Tous les jours sur demande \u00e0 partir de 10 heures","Durata":" 7 heures (y compris le d\u00e9jeuner)","tipologia":["Full Day"],"servizi_inclusi":"<img class=\"alignnone wp-image-7707\" src=\"https:\/\/sicanivillages.com\/wp-content\/uploads\/2023\/04\/check-300x300.png\" alt=\"\" width=\"15\" height=\"15\" \/> Guida\r\n\r\n<img class=\"alignnone wp-image-7707\" src=\"https:\/\/sicanivillages.com\/wp-content\/uploads\/2023\/04\/check-300x300.png\" alt=\"\" width=\"15\" height=\"15\" \/> Pranzo\r\n\r\n<img class=\"alignnone wp-image-7707\" src=\"https:\/\/sicanivillages.com\/wp-content\/uploads\/2023\/04\/check-300x300.png\" alt=\"\" width=\"15\" height=\"15\" \/> A richiesta servizio transfer da a per le locali strutture ricettive.","Luogo di Partenza":"","info-utili":"V\u00eatements confortables, pantalons longs, eau 1 litre (2 bouteilles).","Lingua":"Italien - Anglais","punti_salienti":"","shortcode_modulo_di_contatto":"[wpforms id=\"9425\"]","partners":"[gslogo id=18]","Attrazioni":"[gslogo id=17]"},"yoast_head":"<!-- This site is optimized with the Yoast SEO plugin v26.7 - https:\/\/yoast.com\/wordpress\/plugins\/seo\/ -->\n<title>009 - Un ch\u00e2teau pour un voyage m\u00e9morable dans le temps : nous allons \u00e0 Giuliana - SicaniVillages<\/title>\n<meta name=\"robots\" content=\"index, follow, max-snippet:-1, max-image-preview:large, max-video-preview:-1\" \/>\n<link rel=\"canonical\" href=\"https:\/\/sicanivillages.com\/fr\/produit\/009-un-chateau-pour-un-voyage-memorable-dans-le-temps-nous-allons-a-giuliana\/\" \/>\n<meta property=\"og:locale\" content=\"fr_FR\" \/>\n<meta property=\"og:type\" content=\"article\" \/>\n<meta property=\"og:title\" content=\"009 - Un ch\u00e2teau pour un voyage m\u00e9morable dans le temps : nous allons \u00e0 Giuliana - SicaniVillages\" \/>\n<meta property=\"og:description\" content=\"Une exp\u00e9rience dans un lieu o\u00f9 les mythes, les l\u00e9gendes et les \u00e9v\u00e9nements historiques se m\u00ealent \u00e0 la r\u00e9alit\u00e9 de ces paysages pr\u00e9serv\u00e9s.\" \/>\n<meta property=\"og:url\" content=\"https:\/\/sicanivillages.com\/fr\/produit\/009-un-chateau-pour-un-voyage-memorable-dans-le-temps-nous-allons-a-giuliana\/\" \/>\n<meta property=\"og:site_name\" content=\"SicaniVillages\" \/>\n<meta property=\"article:modified_time\" content=\"2024-07-01T09:49:15+00:00\" \/>\n<meta property=\"og:image\" content=\"https:\/\/sicanivillages.com\/wp-content\/uploads\/2023\/10\/009-foto-castello-drone-insta-1.jpg\" \/>\n\t<meta property=\"og:image:width\" content=\"1920\" \/>\n\t<meta property=\"og:image:height\" content=\"1308\" \/>\n\t<meta property=\"og:image:type\" content=\"image\/jpeg\" \/>\n<meta name=\"twitter:card\" content=\"summary_large_image\" \/>\n<meta name=\"twitter:label1\" content=\"Dur\u00e9e de lecture estim\u00e9e\" \/>\n\t<meta name=\"twitter:data1\" content=\"1 minute\" \/>\n<script type=\"application\/ld+json\" class=\"yoast-schema-graph\">{\"@context\":\"https:\/\/schema.org\",\"@graph\":[{\"@type\":\"WebPage\",\"@id\":\"https:\/\/sicanivillages.com\/fr\/produit\/009-un-chateau-pour-un-voyage-memorable-dans-le-temps-nous-allons-a-giuliana\/\",\"url\":\"https:\/\/sicanivillages.com\/fr\/produit\/009-un-chateau-pour-un-voyage-memorable-dans-le-temps-nous-allons-a-giuliana\/\",\"name\":\"009 - Un ch\u00e2teau pour un voyage m\u00e9morable dans le temps : nous allons \u00e0 Giuliana - SicaniVillages\",\"isPartOf\":{\"@id\":\"https:\/\/sicanivillages.com\/#website\"},\"primaryImageOfPage\":{\"@id\":\"https:\/\/sicanivillages.com\/fr\/produit\/009-un-chateau-pour-un-voyage-memorable-dans-le-temps-nous-allons-a-giuliana\/#primaryimage\"},\"image\":{\"@id\":\"https:\/\/sicanivillages.com\/fr\/produit\/009-un-chateau-pour-un-voyage-memorable-dans-le-temps-nous-allons-a-giuliana\/#primaryimage\"},\"thumbnailUrl\":\"https:\/\/sicanivillages.com\/wp-content\/uploads\/2023\/10\/009-foto-castello-drone-insta-1.jpg\",\"datePublished\":\"2023-10-04T12:18:20+00:00\",\"dateModified\":\"2024-07-01T09:49:15+00:00\",\"breadcrumb\":{\"@id\":\"https:\/\/sicanivillages.com\/fr\/produit\/009-un-chateau-pour-un-voyage-memorable-dans-le-temps-nous-allons-a-giuliana\/#breadcrumb\"},\"inLanguage\":\"fr-FR\",\"potentialAction\":[{\"@type\":\"ReadAction\",\"target\":[\"https:\/\/sicanivillages.com\/fr\/produit\/009-un-chateau-pour-un-voyage-memorable-dans-le-temps-nous-allons-a-giuliana\/\"]}]},{\"@type\":\"ImageObject\",\"inLanguage\":\"fr-FR\",\"@id\":\"https:\/\/sicanivillages.com\/fr\/produit\/009-un-chateau-pour-un-voyage-memorable-dans-le-temps-nous-allons-a-giuliana\/#primaryimage\",\"url\":\"https:\/\/sicanivillages.com\/wp-content\/uploads\/2023\/10\/009-foto-castello-drone-insta-1.jpg\",\"contentUrl\":\"https:\/\/sicanivillages.com\/wp-content\/uploads\/2023\/10\/009-foto-castello-drone-insta-1.jpg\",\"width\":1920,\"height\":1308},{\"@type\":\"BreadcrumbList\",\"@id\":\"https:\/\/sicanivillages.com\/fr\/produit\/009-un-chateau-pour-un-voyage-memorable-dans-le-temps-nous-allons-a-giuliana\/#breadcrumb\",\"itemListElement\":[{\"@type\":\"ListItem\",\"position\":1,\"name\":\"Home\",\"item\":\"https:\/\/sicanivillages.com\/fr\/\"},{\"@type\":\"ListItem\",\"position\":2,\"name\":\"Shop\",\"item\":\"https:\/\/sicanivillages.com\/negozio\/\"},{\"@type\":\"ListItem\",\"position\":3,\"name\":\"009 &#8211; Un ch\u00e2teau pour un voyage m\u00e9morable dans le temps : nous allons \u00e0 Giuliana\"}]},{\"@type\":\"WebSite\",\"@id\":\"https:\/\/sicanivillages.com\/#website\",\"url\":\"https:\/\/sicanivillages.com\/\",\"name\":\"SicaniVillages\",\"description\":\"\",\"potentialAction\":[{\"@type\":\"SearchAction\",\"target\":{\"@type\":\"EntryPoint\",\"urlTemplate\":\"https:\/\/sicanivillages.com\/?s={search_term_string}\"},\"query-input\":{\"@type\":\"PropertyValueSpecification\",\"valueRequired\":true,\"valueName\":\"search_term_string\"}}],\"inLanguage\":\"fr-FR\"}]}<\/script>\n<!-- \/ Yoast SEO plugin. -->","yoast_head_json":{"title":"009 - Un ch\u00e2teau pour un voyage m\u00e9morable dans le temps : nous allons \u00e0 Giuliana - SicaniVillages","robots":{"index":"index","follow":"follow","max-snippet":"max-snippet:-1","max-image-preview":"max-image-preview:large","max-video-preview":"max-video-preview:-1"},"canonical":"https:\/\/sicanivillages.com\/fr\/produit\/009-un-chateau-pour-un-voyage-memorable-dans-le-temps-nous-allons-a-giuliana\/","og_locale":"fr_FR","og_type":"article","og_title":"009 - Un ch\u00e2teau pour un voyage m\u00e9morable dans le temps : nous allons \u00e0 Giuliana - SicaniVillages","og_description":"Une exp\u00e9rience dans un lieu o\u00f9 les mythes, les l\u00e9gendes et les \u00e9v\u00e9nements historiques se m\u00ealent \u00e0 la r\u00e9alit\u00e9 de ces paysages pr\u00e9serv\u00e9s.","og_url":"https:\/\/sicanivillages.com\/fr\/produit\/009-un-chateau-pour-un-voyage-memorable-dans-le-temps-nous-allons-a-giuliana\/","og_site_name":"SicaniVillages","article_modified_time":"2024-07-01T09:49:15+00:00","og_image":[{"width":1920,"height":1308,"url":"https:\/\/sicanivillages.com\/wp-content\/uploads\/2023\/10\/009-foto-castello-drone-insta-1.jpg","type":"image\/jpeg"}],"twitter_card":"summary_large_image","twitter_misc":{"Dur\u00e9e de lecture estim\u00e9e":"1 minute"},"schema":{"@context":"https:\/\/schema.org","@graph":[{"@type":"WebPage","@id":"https:\/\/sicanivillages.com\/fr\/produit\/009-un-chateau-pour-un-voyage-memorable-dans-le-temps-nous-allons-a-giuliana\/","url":"https:\/\/sicanivillages.com\/fr\/produit\/009-un-chateau-pour-un-voyage-memorable-dans-le-temps-nous-allons-a-giuliana\/","name":"009 - Un ch\u00e2teau pour un voyage m\u00e9morable dans le temps : nous allons \u00e0 Giuliana - SicaniVillages","isPartOf":{"@id":"https:\/\/sicanivillages.com\/#website"},"primaryImageOfPage":{"@id":"https:\/\/sicanivillages.com\/fr\/produit\/009-un-chateau-pour-un-voyage-memorable-dans-le-temps-nous-allons-a-giuliana\/#primaryimage"},"image":{"@id":"https:\/\/sicanivillages.com\/fr\/produit\/009-un-chateau-pour-un-voyage-memorable-dans-le-temps-nous-allons-a-giuliana\/#primaryimage"},"thumbnailUrl":"https:\/\/sicanivillages.com\/wp-content\/uploads\/2023\/10\/009-foto-castello-drone-insta-1.jpg","datePublished":"2023-10-04T12:18:20+00:00","dateModified":"2024-07-01T09:49:15+00:00","breadcrumb":{"@id":"https:\/\/sicanivillages.com\/fr\/produit\/009-un-chateau-pour-un-voyage-memorable-dans-le-temps-nous-allons-a-giuliana\/#breadcrumb"},"inLanguage":"fr-FR","potentialAction":[{"@type":"ReadAction","target":["https:\/\/sicanivillages.com\/fr\/produit\/009-un-chateau-pour-un-voyage-memorable-dans-le-temps-nous-allons-a-giuliana\/"]}]},{"@type":"ImageObject","inLanguage":"fr-FR","@id":"https:\/\/sicanivillages.com\/fr\/produit\/009-un-chateau-pour-un-voyage-memorable-dans-le-temps-nous-allons-a-giuliana\/#primaryimage","url":"https:\/\/sicanivillages.com\/wp-content\/uploads\/2023\/10\/009-foto-castello-drone-insta-1.jpg","contentUrl":"https:\/\/sicanivillages.com\/wp-content\/uploads\/2023\/10\/009-foto-castello-drone-insta-1.jpg","width":1920,"height":1308},{"@type":"BreadcrumbList","@id":"https:\/\/sicanivillages.com\/fr\/produit\/009-un-chateau-pour-un-voyage-memorable-dans-le-temps-nous-allons-a-giuliana\/#breadcrumb","itemListElement":[{"@type":"ListItem","position":1,"name":"Home","item":"https:\/\/sicanivillages.com\/fr\/"},{"@type":"ListItem","position":2,"name":"Shop","item":"https:\/\/sicanivillages.com\/negozio\/"},{"@type":"ListItem","position":3,"name":"009 &#8211; Un ch\u00e2teau pour un voyage m\u00e9morable dans le temps : nous allons \u00e0 Giuliana"}]},{"@type":"WebSite","@id":"https:\/\/sicanivillages.com\/#website","url":"https:\/\/sicanivillages.com\/","name":"SicaniVillages","description":"","potentialAction":[{"@type":"SearchAction","target":{"@type":"EntryPoint","urlTemplate":"https:\/\/sicanivillages.com\/?s={search_term_string}"},"query-input":{"@type":"PropertyValueSpecification","valueRequired":true,"valueName":"search_term_string"}}],"inLanguage":"fr-FR"}]}},"_links":{"self":[{"href":"https:\/\/sicanivillages.com\/fr\/wp-json\/wp\/v2\/product\/13637","targetHints":{"allow":["GET"]}}],"collection":[{"href":"https:\/\/sicanivillages.com\/fr\/wp-json\/wp\/v2\/product"}],"about":[{"href":"https:\/\/sicanivillages.com\/fr\/wp-json\/wp\/v2\/types\/product"}],"replies":[{"embeddable":true,"href":"https:\/\/sicanivillages.com\/fr\/wp-json\/wp\/v2\/comments?post=13637"}],"version-history":[{"count":2,"href":"https:\/\/sicanivillages.com\/fr\/wp-json\/wp\/v2\/product\/13637\/revisions"}],"predecessor-version":[{"id":13881,"href":"https:\/\/sicanivillages.com\/fr\/wp-json\/wp\/v2\/product\/13637\/revisions\/13881"}],"wp:featuredmedia":[{"embeddable":true,"href":"https:\/\/sicanivillages.com\/fr\/wp-json\/wp\/v2\/media\/12328"}],"wp:attachment":[{"href":"https:\/\/sicanivillages.com\/fr\/wp-json\/wp\/v2\/media?parent=13637"}],"wp:term":[{"taxonomy":"product_brand","embeddable":true,"href":"https:\/\/sicanivillages.com\/fr\/wp-json\/wp\/v2\/product_brand?post=13637"},{"taxonomy":"product_cat","embeddable":true,"href":"https:\/\/sicanivillages.com\/fr\/wp-json\/wp\/v2\/product_cat?post=13637"},{"taxonomy":"product_tag","embeddable":true,"href":"https:\/\/sicanivillages.com\/fr\/wp-json\/wp\/v2\/product_tag?post=13637"}],"curies":[{"name":"wp","href":"https:\/\/api.w.org\/{rel}","templated":true}]}}