{"id":13635,"date":"2023-10-04T11:14:45","date_gmt":"2023-10-04T11:14:45","guid":{"rendered":"https:\/\/sicanivillages.com\/product\/006-cloches-et-ceramiques-une-beaute-qui-resonne-a-burgio\/"},"modified":"2024-07-01T07:45:53","modified_gmt":"2024-07-01T07:45:53","slug":"006-cloches-et-ceramiques-une-beaute-qui-resonne-a-burgio","status":"publish","type":"product","link":"https:\/\/sicanivillages.com\/fr\/produit\/006-cloches-et-ceramiques-une-beaute-qui-resonne-a-burgio\/","title":{"rendered":"006 &#8211; Cloches et c\u00e9ramiques : une beaut\u00e9 qui r\u00e9sonne \u00e0 Burgio"},"content":{"rendered":"<p style=\"text-align: center;\">Le village de la c\u00e9ramique et des cloches, avec ses ateliers caract\u00e9ristiques, suscite l&rsquo;enthousiasme et l&rsquo;\u00e9tonnement de tous ceux qui choisissent de le visiter et de se plonger dans les histoires des artisans qui, depuis plusieurs g\u00e9n\u00e9rations, poursuivent leur production avec sagesse et d\u00e9vouement.<br \/>\nVous aurez l&rsquo;occasion de visiter l&rsquo;impressionnante crypte des Capucins et de d\u00e9couvrir les anciennes techniques de momification utilis\u00e9es pour conserver les corps.<br \/>\nEntre pigments, argiles et c\u00e9ramiques \u00e9maill\u00e9es, nous retracerons l&rsquo;histoire des objets artistiques \u00e0 travers les \u00e2ges.<br \/>\nUne activit\u00e9 fructueuse men\u00e9e par des artisans locaux qui, au fil des si\u00e8cles, a \u00e9t\u00e9 et est toujours tr\u00e8s appr\u00e9ci\u00e9e.<br \/>\nL&rsquo;exp\u00e9rience comprend :<br \/>\nVisite guid\u00e9e du village, visite des ateliers d&rsquo;artisanat et d\u00e9jeuner traditionnel.<br \/>\nChaque exp\u00e9rience peut \u00eatre combin\u00e9e\/personnalis\u00e9e en tenant compte des int\u00e9r\u00eats et des besoins de nos h\u00f4tes.<\/p>\n","protected":false},"excerpt":{"rendered":"<p>Passez une journ\u00e9e \u00e0 d\u00e9couvrir <strong>Burgio<\/strong>, une petite ville de la province d&rsquo;Agrigente connue comme la ville des c\u00e9ramiques et des cloches.<\/p>\n","protected":false},"featured_media":12312,"comment_status":"closed","ping_status":"closed","template":"","meta":{"_acf_changed":false,"_coblocks_attr":"","_coblocks_dimensions":"","_coblocks_responsive_height":"","_coblocks_accordion_ie_support":""},"product_brand":[],"product_cat":[148],"product_tag":[],"class_list":{"0":"post-13635","1":"product","2":"type-product","3":"status-publish","4":"has-post-thumbnail","6":"product_cat-monts-sicani","8":"first","9":"instock","10":"shipping-taxable","11":"purchasable","12":"product-type-ovabrw_car_rental"},"acf":{"Paesi esplorati":"Burgio","Localizzazione":"Monti Sicani","periodo_di_svolgimento":"Toute l'ann\u00e9e","Data e Orario di Partenza":"Tous les jours sur demande \u00e0 partir de 10 heures","Durata":"7 heures, d\u00e9jeuner compris","tipologia":["Full Day"],"servizi_inclusi":"<img class=\"alignnone wp-image-7707\" src=\"https:\/\/sicanivillages.com\/wp-content\/uploads\/2023\/04\/check-300x300.png\" alt=\"\" width=\"15\" height=\"15\" \/> Guide\r\n\r\n<img class=\"alignnone wp-image-7707\" src=\"https:\/\/sicanivillages.com\/wp-content\/uploads\/2023\/04\/check-300x300.png\" alt=\"\" width=\"15\" height=\"15\" \/> Service de transfert depuis et vers les lieux d'h\u00e9bergement locaux sur demande.","Luogo di Partenza":"","info-utili":"V\u00eatements confortables, pantalons longs, eau 1 litre (2 bouteilles).","Lingua":"Italien - Anglais","punti_salienti":"Villages caract\u00e9ristiques","shortcode_modulo_di_contatto":"","partners":"Bient\u00f4t disponible","Attrazioni":"[gslogo id=14]"},"yoast_head":"<!-- This site is optimized with the Yoast SEO plugin v26.7 - https:\/\/yoast.com\/wordpress\/plugins\/seo\/ -->\n<title>006 - Cloches et c\u00e9ramiques : une beaut\u00e9 qui r\u00e9sonne \u00e0 Burgio - SicaniVillages<\/title>\n<meta name=\"robots\" content=\"index, follow, max-snippet:-1, max-image-preview:large, max-video-preview:-1\" \/>\n<link rel=\"canonical\" href=\"https:\/\/sicanivillages.com\/fr\/produit\/006-cloches-et-ceramiques-une-beaute-qui-resonne-a-burgio\/\" \/>\n<meta property=\"og:locale\" content=\"fr_FR\" \/>\n<meta property=\"og:type\" content=\"article\" \/>\n<meta property=\"og:title\" content=\"006 - Cloches et c\u00e9ramiques : une beaut\u00e9 qui r\u00e9sonne \u00e0 Burgio - SicaniVillages\" \/>\n<meta property=\"og:description\" content=\"Passez une journ\u00e9e \u00e0 d\u00e9couvrir Burgio, une petite ville de la province d&#039;Agrigente connue comme la ville des c\u00e9ramiques et des cloches.\" \/>\n<meta property=\"og:url\" content=\"https:\/\/sicanivillages.com\/fr\/produit\/006-cloches-et-ceramiques-une-beaute-qui-resonne-a-burgio\/\" \/>\n<meta property=\"og:site_name\" content=\"SicaniVillages\" \/>\n<meta property=\"article:modified_time\" content=\"2024-07-01T07:45:53+00:00\" \/>\n<meta property=\"og:image\" content=\"https:\/\/sicanivillages.com\/wp-content\/uploads\/2023\/10\/006-MUM.jpg\" \/>\n\t<meta property=\"og:image:width\" content=\"1920\" \/>\n\t<meta property=\"og:image:height\" content=\"1292\" \/>\n\t<meta property=\"og:image:type\" content=\"image\/jpeg\" \/>\n<meta name=\"twitter:card\" content=\"summary_large_image\" \/>\n<meta name=\"twitter:label1\" content=\"Dur\u00e9e de lecture estim\u00e9e\" \/>\n\t<meta name=\"twitter:data1\" content=\"1 minute\" \/>\n<script type=\"application\/ld+json\" class=\"yoast-schema-graph\">{\"@context\":\"https:\/\/schema.org\",\"@graph\":[{\"@type\":\"WebPage\",\"@id\":\"https:\/\/sicanivillages.com\/fr\/produit\/006-cloches-et-ceramiques-une-beaute-qui-resonne-a-burgio\/\",\"url\":\"https:\/\/sicanivillages.com\/fr\/produit\/006-cloches-et-ceramiques-une-beaute-qui-resonne-a-burgio\/\",\"name\":\"006 - Cloches et c\u00e9ramiques : une beaut\u00e9 qui r\u00e9sonne \u00e0 Burgio - SicaniVillages\",\"isPartOf\":{\"@id\":\"https:\/\/sicanivillages.com\/#website\"},\"primaryImageOfPage\":{\"@id\":\"https:\/\/sicanivillages.com\/fr\/produit\/006-cloches-et-ceramiques-une-beaute-qui-resonne-a-burgio\/#primaryimage\"},\"image\":{\"@id\":\"https:\/\/sicanivillages.com\/fr\/produit\/006-cloches-et-ceramiques-une-beaute-qui-resonne-a-burgio\/#primaryimage\"},\"thumbnailUrl\":\"https:\/\/sicanivillages.com\/wp-content\/uploads\/2023\/10\/006-MUM.jpg\",\"datePublished\":\"2023-10-04T11:14:45+00:00\",\"dateModified\":\"2024-07-01T07:45:53+00:00\",\"breadcrumb\":{\"@id\":\"https:\/\/sicanivillages.com\/fr\/produit\/006-cloches-et-ceramiques-une-beaute-qui-resonne-a-burgio\/#breadcrumb\"},\"inLanguage\":\"fr-FR\",\"potentialAction\":[{\"@type\":\"ReadAction\",\"target\":[\"https:\/\/sicanivillages.com\/fr\/produit\/006-cloches-et-ceramiques-une-beaute-qui-resonne-a-burgio\/\"]}]},{\"@type\":\"ImageObject\",\"inLanguage\":\"fr-FR\",\"@id\":\"https:\/\/sicanivillages.com\/fr\/produit\/006-cloches-et-ceramiques-une-beaute-qui-resonne-a-burgio\/#primaryimage\",\"url\":\"https:\/\/sicanivillages.com\/wp-content\/uploads\/2023\/10\/006-MUM.jpg\",\"contentUrl\":\"https:\/\/sicanivillages.com\/wp-content\/uploads\/2023\/10\/006-MUM.jpg\",\"width\":1920,\"height\":1292},{\"@type\":\"BreadcrumbList\",\"@id\":\"https:\/\/sicanivillages.com\/fr\/produit\/006-cloches-et-ceramiques-une-beaute-qui-resonne-a-burgio\/#breadcrumb\",\"itemListElement\":[{\"@type\":\"ListItem\",\"position\":1,\"name\":\"Home\",\"item\":\"https:\/\/sicanivillages.com\/fr\/\"},{\"@type\":\"ListItem\",\"position\":2,\"name\":\"Shop\",\"item\":\"https:\/\/sicanivillages.com\/negozio\/\"},{\"@type\":\"ListItem\",\"position\":3,\"name\":\"006 &#8211; Cloches et c\u00e9ramiques : une beaut\u00e9 qui r\u00e9sonne \u00e0 Burgio\"}]},{\"@type\":\"WebSite\",\"@id\":\"https:\/\/sicanivillages.com\/#website\",\"url\":\"https:\/\/sicanivillages.com\/\",\"name\":\"SicaniVillages\",\"description\":\"\",\"potentialAction\":[{\"@type\":\"SearchAction\",\"target\":{\"@type\":\"EntryPoint\",\"urlTemplate\":\"https:\/\/sicanivillages.com\/?s={search_term_string}\"},\"query-input\":{\"@type\":\"PropertyValueSpecification\",\"valueRequired\":true,\"valueName\":\"search_term_string\"}}],\"inLanguage\":\"fr-FR\"}]}<\/script>\n<!-- \/ Yoast SEO plugin. -->","yoast_head_json":{"title":"006 - Cloches et c\u00e9ramiques : une beaut\u00e9 qui r\u00e9sonne \u00e0 Burgio - SicaniVillages","robots":{"index":"index","follow":"follow","max-snippet":"max-snippet:-1","max-image-preview":"max-image-preview:large","max-video-preview":"max-video-preview:-1"},"canonical":"https:\/\/sicanivillages.com\/fr\/produit\/006-cloches-et-ceramiques-une-beaute-qui-resonne-a-burgio\/","og_locale":"fr_FR","og_type":"article","og_title":"006 - Cloches et c\u00e9ramiques : une beaut\u00e9 qui r\u00e9sonne \u00e0 Burgio - SicaniVillages","og_description":"Passez une journ\u00e9e \u00e0 d\u00e9couvrir Burgio, une petite ville de la province d'Agrigente connue comme la ville des c\u00e9ramiques et des cloches.","og_url":"https:\/\/sicanivillages.com\/fr\/produit\/006-cloches-et-ceramiques-une-beaute-qui-resonne-a-burgio\/","og_site_name":"SicaniVillages","article_modified_time":"2024-07-01T07:45:53+00:00","og_image":[{"width":1920,"height":1292,"url":"https:\/\/sicanivillages.com\/wp-content\/uploads\/2023\/10\/006-MUM.jpg","type":"image\/jpeg"}],"twitter_card":"summary_large_image","twitter_misc":{"Dur\u00e9e de lecture estim\u00e9e":"1 minute"},"schema":{"@context":"https:\/\/schema.org","@graph":[{"@type":"WebPage","@id":"https:\/\/sicanivillages.com\/fr\/produit\/006-cloches-et-ceramiques-une-beaute-qui-resonne-a-burgio\/","url":"https:\/\/sicanivillages.com\/fr\/produit\/006-cloches-et-ceramiques-une-beaute-qui-resonne-a-burgio\/","name":"006 - Cloches et c\u00e9ramiques : une beaut\u00e9 qui r\u00e9sonne \u00e0 Burgio - SicaniVillages","isPartOf":{"@id":"https:\/\/sicanivillages.com\/#website"},"primaryImageOfPage":{"@id":"https:\/\/sicanivillages.com\/fr\/produit\/006-cloches-et-ceramiques-une-beaute-qui-resonne-a-burgio\/#primaryimage"},"image":{"@id":"https:\/\/sicanivillages.com\/fr\/produit\/006-cloches-et-ceramiques-une-beaute-qui-resonne-a-burgio\/#primaryimage"},"thumbnailUrl":"https:\/\/sicanivillages.com\/wp-content\/uploads\/2023\/10\/006-MUM.jpg","datePublished":"2023-10-04T11:14:45+00:00","dateModified":"2024-07-01T07:45:53+00:00","breadcrumb":{"@id":"https:\/\/sicanivillages.com\/fr\/produit\/006-cloches-et-ceramiques-une-beaute-qui-resonne-a-burgio\/#breadcrumb"},"inLanguage":"fr-FR","potentialAction":[{"@type":"ReadAction","target":["https:\/\/sicanivillages.com\/fr\/produit\/006-cloches-et-ceramiques-une-beaute-qui-resonne-a-burgio\/"]}]},{"@type":"ImageObject","inLanguage":"fr-FR","@id":"https:\/\/sicanivillages.com\/fr\/produit\/006-cloches-et-ceramiques-une-beaute-qui-resonne-a-burgio\/#primaryimage","url":"https:\/\/sicanivillages.com\/wp-content\/uploads\/2023\/10\/006-MUM.jpg","contentUrl":"https:\/\/sicanivillages.com\/wp-content\/uploads\/2023\/10\/006-MUM.jpg","width":1920,"height":1292},{"@type":"BreadcrumbList","@id":"https:\/\/sicanivillages.com\/fr\/produit\/006-cloches-et-ceramiques-une-beaute-qui-resonne-a-burgio\/#breadcrumb","itemListElement":[{"@type":"ListItem","position":1,"name":"Home","item":"https:\/\/sicanivillages.com\/fr\/"},{"@type":"ListItem","position":2,"name":"Shop","item":"https:\/\/sicanivillages.com\/negozio\/"},{"@type":"ListItem","position":3,"name":"006 &#8211; Cloches et c\u00e9ramiques : une beaut\u00e9 qui r\u00e9sonne \u00e0 Burgio"}]},{"@type":"WebSite","@id":"https:\/\/sicanivillages.com\/#website","url":"https:\/\/sicanivillages.com\/","name":"SicaniVillages","description":"","potentialAction":[{"@type":"SearchAction","target":{"@type":"EntryPoint","urlTemplate":"https:\/\/sicanivillages.com\/?s={search_term_string}"},"query-input":{"@type":"PropertyValueSpecification","valueRequired":true,"valueName":"search_term_string"}}],"inLanguage":"fr-FR"}]}},"_links":{"self":[{"href":"https:\/\/sicanivillages.com\/fr\/wp-json\/wp\/v2\/product\/13635","targetHints":{"allow":["GET"]}}],"collection":[{"href":"https:\/\/sicanivillages.com\/fr\/wp-json\/wp\/v2\/product"}],"about":[{"href":"https:\/\/sicanivillages.com\/fr\/wp-json\/wp\/v2\/types\/product"}],"replies":[{"embeddable":true,"href":"https:\/\/sicanivillages.com\/fr\/wp-json\/wp\/v2\/comments?post=13635"}],"version-history":[{"count":1,"href":"https:\/\/sicanivillages.com\/fr\/wp-json\/wp\/v2\/product\/13635\/revisions"}],"predecessor-version":[{"id":13875,"href":"https:\/\/sicanivillages.com\/fr\/wp-json\/wp\/v2\/product\/13635\/revisions\/13875"}],"wp:featuredmedia":[{"embeddable":true,"href":"https:\/\/sicanivillages.com\/fr\/wp-json\/wp\/v2\/media\/12312"}],"wp:attachment":[{"href":"https:\/\/sicanivillages.com\/fr\/wp-json\/wp\/v2\/media?parent=13635"}],"wp:term":[{"taxonomy":"product_brand","embeddable":true,"href":"https:\/\/sicanivillages.com\/fr\/wp-json\/wp\/v2\/product_brand?post=13635"},{"taxonomy":"product_cat","embeddable":true,"href":"https:\/\/sicanivillages.com\/fr\/wp-json\/wp\/v2\/product_cat?post=13635"},{"taxonomy":"product_tag","embeddable":true,"href":"https:\/\/sicanivillages.com\/fr\/wp-json\/wp\/v2\/product_tag?post=13635"}],"curies":[{"name":"wp","href":"https:\/\/api.w.org\/{rel}","templated":true}]}}