{"id":13633,"date":"2023-09-23T15:23:04","date_gmt":"2023-09-23T15:23:04","guid":{"rendered":"https:\/\/sicanivillages.com\/product\/003-vieilles-dentelles-et-theatre-evocateur\/"},"modified":"2024-07-01T07:07:54","modified_gmt":"2024-07-01T07:07:54","slug":"003-vieilles-dentelles-et-theatre-evocateur","status":"publish","type":"product","link":"https:\/\/sicanivillages.com\/fr\/produit\/003-vieilles-dentelles-et-theatre-evocateur\/","title":{"rendered":"003 &#8211; Vieilles dentelles et th\u00e9\u00e2tre \u00e9vocateur"},"content":{"rendered":"<p style=\"text-align: center;\">Visite du bourg de <strong>Santo Stefano Quisquina<\/strong>, avec une promenade dans les rues \u00e9troites et une rencontre avec les jeunes artisans du<strong>\u00ab\u00a0Chiacchierino<\/strong>\u00ab\u00a0, une technique de broderie transmise de g\u00e9n\u00e9ration en g\u00e9n\u00e9ration et qui, aujourd&rsquo;hui, ici \u00e0 Santo Stefano Quisquina, est devenue une entreprise importante qui produit \u00e9galement pour des marques de mode renomm\u00e9es, exportant dans le monde entier.<\/p>\n<p style=\"text-align: center;\">La<strong> journ\u00e9e<\/strong> se poursuit \u00e0 l&rsquo;ext\u00e9rieur du village, avec la visite de l&rsquo;ermitage de Santa Rosalia.<\/p>\n<p style=\"text-align: center;\">D\u00e9jeuner \u00e0 base de produits et de plats locaux.<br \/>\nVisite du th\u00e9\u00e2tre Androm\u00e8de.<\/p>\n","protected":false},"excerpt":{"rendered":"<p>Visite du village de <strong>Santo Stefano Quisquina<\/strong> avec une promenade dans les rues \u00e9troites et une rencontre avec les jeunes artisans du<strong>\u00ab\u00a0Chiacchierino<\/strong>\u00ab\u00a0.<\/p>\n","protected":false},"featured_media":11926,"comment_status":"closed","ping_status":"closed","template":"","meta":{"_acf_changed":false,"_coblocks_attr":"","_coblocks_dimensions":"","_coblocks_responsive_height":"","_coblocks_accordion_ie_support":""},"product_brand":[],"product_cat":[147],"product_tag":[],"class_list":{"0":"post-13633","1":"product","2":"type-product","3":"status-publish","4":"has-post-thumbnail","6":"product_cat-vallees-siciliennes","8":"first","9":"instock","10":"shipping-taxable","11":"purchasable","12":"product-type-ovabrw_car_rental"},"acf":{"Paesi esplorati":"","Localizzazione":"","periodo_di_svolgimento":"Toute l'ann\u00e9e sur rendez-vous et si le temps le permet","Data e Orario di Partenza":"Tous les jours sur demande \u00e0 partir de 10 heures","Durata":"6\/7 heures (y compris le d\u00e9jeuner)","tipologia":["Full Day"],"servizi_inclusi":"<img class=\"alignnone wp-image-7707\" src=\"https:\/\/sicanivillages.com\/wp-content\/uploads\/2023\/04\/check-300x300.png\" alt=\"\" width=\"15\" height=\"15\" \/> Guide\r\n\r\n<img class=\"alignnone wp-image-7707\" src=\"https:\/\/sicanivillages.com\/wp-content\/uploads\/2023\/04\/check-300x300.png\" alt=\"\" width=\"15\" height=\"15\" \/> D\u00e9jeuner\r\n\r\n<img class=\"alignnone wp-image-7707\" src=\"https:\/\/sicanivillages.com\/wp-content\/uploads\/2023\/04\/check-300x300.png\" alt=\"\" width=\"15\" height=\"15\" \/> Sur demande, service de transfert depuis et vers les lieux d'h\u00e9bergement locaux et visites prolong\u00e9es des villages voisins, de Prizzi et de Palazzo Adriano.","Luogo di Partenza":"<iframe src=\"https:\/\/www.google.com\/maps\/embed?pb=!1m18!1m12!1m3!1d6320.06965157747!2d13.479194388301451!3d37.62486859712217!2m3!1f0!2f0!3f0!3m2!1i1024!2i768!4f13.1!3m3!1m2!1s0x131a097db53ca9b5%3A0xa07e06d5765cdec5!2s92020%20Santo%20Stefano%20Quisquina%20AG!5e0!3m2!1sit!2sit!4v1695655483876!5m2!1sit!2sit\" width=\"300\" height=\"200\" style=\"border:0;\" allowfullscreen=\"\" loading=\"lazy\" referrerpolicy=\"no-referrer-when-downgrade\"><\/iframe>","info-utili":"V\u00eatements confortables, pantalons longs, eau 1 litre (2 bouteilles).","Lingua":"Italien - Anglais","punti_salienti":"Villages caract\u00e9ristiques, artisanat, produits typiques, Ermitage, Th\u00e9\u00e2tre.","shortcode_modulo_di_contatto":"[wpforms id=\"8638\"]","partners":"[gslogo id=6]","Attrazioni":"&lt;p style=\"text-align: left;\"&gt;[gslogo id=7]&lt;\/p&gt;"},"yoast_head":"<!-- This site is optimized with the Yoast SEO plugin v26.7 - https:\/\/yoast.com\/wordpress\/plugins\/seo\/ -->\n<title>003 - Vieilles dentelles et th\u00e9\u00e2tre \u00e9vocateur - SicaniVillages<\/title>\n<meta name=\"robots\" content=\"index, follow, max-snippet:-1, max-image-preview:large, max-video-preview:-1\" \/>\n<link rel=\"canonical\" href=\"https:\/\/sicanivillages.com\/fr\/produit\/003-vieilles-dentelles-et-theatre-evocateur\/\" \/>\n<meta property=\"og:locale\" content=\"fr_FR\" \/>\n<meta property=\"og:type\" content=\"article\" \/>\n<meta property=\"og:title\" content=\"003 - Vieilles dentelles et th\u00e9\u00e2tre \u00e9vocateur - SicaniVillages\" \/>\n<meta property=\"og:description\" content=\"Visite du village de Santo Stefano Quisquina avec une promenade dans les rues \u00e9troites et une rencontre avec les jeunes artisans du&quot;Chiacchierino&quot;.\" \/>\n<meta property=\"og:url\" content=\"https:\/\/sicanivillages.com\/fr\/produit\/003-vieilles-dentelles-et-theatre-evocateur\/\" \/>\n<meta property=\"og:site_name\" content=\"SicaniVillages\" \/>\n<meta property=\"article:modified_time\" content=\"2024-07-01T07:07:54+00:00\" \/>\n<meta property=\"og:image\" content=\"https:\/\/sicanivillages.com\/wp-content\/uploads\/2023\/09\/003-1.jpg\" \/>\n\t<meta property=\"og:image:width\" content=\"1920\" \/>\n\t<meta property=\"og:image:height\" content=\"1280\" \/>\n\t<meta property=\"og:image:type\" content=\"image\/jpeg\" \/>\n<meta name=\"twitter:card\" content=\"summary_large_image\" \/>\n<meta name=\"twitter:label1\" content=\"Dur\u00e9e de lecture estim\u00e9e\" \/>\n\t<meta name=\"twitter:data1\" content=\"1 minute\" \/>\n<script type=\"application\/ld+json\" class=\"yoast-schema-graph\">{\"@context\":\"https:\/\/schema.org\",\"@graph\":[{\"@type\":\"WebPage\",\"@id\":\"https:\/\/sicanivillages.com\/fr\/produit\/003-vieilles-dentelles-et-theatre-evocateur\/\",\"url\":\"https:\/\/sicanivillages.com\/fr\/produit\/003-vieilles-dentelles-et-theatre-evocateur\/\",\"name\":\"003 - Vieilles dentelles et th\u00e9\u00e2tre \u00e9vocateur - SicaniVillages\",\"isPartOf\":{\"@id\":\"https:\/\/sicanivillages.com\/#website\"},\"primaryImageOfPage\":{\"@id\":\"https:\/\/sicanivillages.com\/fr\/produit\/003-vieilles-dentelles-et-theatre-evocateur\/#primaryimage\"},\"image\":{\"@id\":\"https:\/\/sicanivillages.com\/fr\/produit\/003-vieilles-dentelles-et-theatre-evocateur\/#primaryimage\"},\"thumbnailUrl\":\"https:\/\/sicanivillages.com\/wp-content\/uploads\/2023\/09\/003-1.jpg\",\"datePublished\":\"2023-09-23T15:23:04+00:00\",\"dateModified\":\"2024-07-01T07:07:54+00:00\",\"breadcrumb\":{\"@id\":\"https:\/\/sicanivillages.com\/fr\/produit\/003-vieilles-dentelles-et-theatre-evocateur\/#breadcrumb\"},\"inLanguage\":\"fr-FR\",\"potentialAction\":[{\"@type\":\"ReadAction\",\"target\":[\"https:\/\/sicanivillages.com\/fr\/produit\/003-vieilles-dentelles-et-theatre-evocateur\/\"]}]},{\"@type\":\"ImageObject\",\"inLanguage\":\"fr-FR\",\"@id\":\"https:\/\/sicanivillages.com\/fr\/produit\/003-vieilles-dentelles-et-theatre-evocateur\/#primaryimage\",\"url\":\"https:\/\/sicanivillages.com\/wp-content\/uploads\/2023\/09\/003-1.jpg\",\"contentUrl\":\"https:\/\/sicanivillages.com\/wp-content\/uploads\/2023\/09\/003-1.jpg\",\"width\":1920,\"height\":1280},{\"@type\":\"BreadcrumbList\",\"@id\":\"https:\/\/sicanivillages.com\/fr\/produit\/003-vieilles-dentelles-et-theatre-evocateur\/#breadcrumb\",\"itemListElement\":[{\"@type\":\"ListItem\",\"position\":1,\"name\":\"Home\",\"item\":\"https:\/\/sicanivillages.com\/fr\/\"},{\"@type\":\"ListItem\",\"position\":2,\"name\":\"Shop\",\"item\":\"https:\/\/sicanivillages.com\/negozio\/\"},{\"@type\":\"ListItem\",\"position\":3,\"name\":\"003 &#8211; Vieilles dentelles et th\u00e9\u00e2tre \u00e9vocateur\"}]},{\"@type\":\"WebSite\",\"@id\":\"https:\/\/sicanivillages.com\/#website\",\"url\":\"https:\/\/sicanivillages.com\/\",\"name\":\"SicaniVillages\",\"description\":\"\",\"potentialAction\":[{\"@type\":\"SearchAction\",\"target\":{\"@type\":\"EntryPoint\",\"urlTemplate\":\"https:\/\/sicanivillages.com\/?s={search_term_string}\"},\"query-input\":{\"@type\":\"PropertyValueSpecification\",\"valueRequired\":true,\"valueName\":\"search_term_string\"}}],\"inLanguage\":\"fr-FR\"}]}<\/script>\n<!-- \/ Yoast SEO plugin. -->","yoast_head_json":{"title":"003 - Vieilles dentelles et th\u00e9\u00e2tre \u00e9vocateur - SicaniVillages","robots":{"index":"index","follow":"follow","max-snippet":"max-snippet:-1","max-image-preview":"max-image-preview:large","max-video-preview":"max-video-preview:-1"},"canonical":"https:\/\/sicanivillages.com\/fr\/produit\/003-vieilles-dentelles-et-theatre-evocateur\/","og_locale":"fr_FR","og_type":"article","og_title":"003 - Vieilles dentelles et th\u00e9\u00e2tre \u00e9vocateur - SicaniVillages","og_description":"Visite du village de Santo Stefano Quisquina avec une promenade dans les rues \u00e9troites et une rencontre avec les jeunes artisans du\"Chiacchierino\".","og_url":"https:\/\/sicanivillages.com\/fr\/produit\/003-vieilles-dentelles-et-theatre-evocateur\/","og_site_name":"SicaniVillages","article_modified_time":"2024-07-01T07:07:54+00:00","og_image":[{"width":1920,"height":1280,"url":"https:\/\/sicanivillages.com\/wp-content\/uploads\/2023\/09\/003-1.jpg","type":"image\/jpeg"}],"twitter_card":"summary_large_image","twitter_misc":{"Dur\u00e9e de lecture estim\u00e9e":"1 minute"},"schema":{"@context":"https:\/\/schema.org","@graph":[{"@type":"WebPage","@id":"https:\/\/sicanivillages.com\/fr\/produit\/003-vieilles-dentelles-et-theatre-evocateur\/","url":"https:\/\/sicanivillages.com\/fr\/produit\/003-vieilles-dentelles-et-theatre-evocateur\/","name":"003 - Vieilles dentelles et th\u00e9\u00e2tre \u00e9vocateur - SicaniVillages","isPartOf":{"@id":"https:\/\/sicanivillages.com\/#website"},"primaryImageOfPage":{"@id":"https:\/\/sicanivillages.com\/fr\/produit\/003-vieilles-dentelles-et-theatre-evocateur\/#primaryimage"},"image":{"@id":"https:\/\/sicanivillages.com\/fr\/produit\/003-vieilles-dentelles-et-theatre-evocateur\/#primaryimage"},"thumbnailUrl":"https:\/\/sicanivillages.com\/wp-content\/uploads\/2023\/09\/003-1.jpg","datePublished":"2023-09-23T15:23:04+00:00","dateModified":"2024-07-01T07:07:54+00:00","breadcrumb":{"@id":"https:\/\/sicanivillages.com\/fr\/produit\/003-vieilles-dentelles-et-theatre-evocateur\/#breadcrumb"},"inLanguage":"fr-FR","potentialAction":[{"@type":"ReadAction","target":["https:\/\/sicanivillages.com\/fr\/produit\/003-vieilles-dentelles-et-theatre-evocateur\/"]}]},{"@type":"ImageObject","inLanguage":"fr-FR","@id":"https:\/\/sicanivillages.com\/fr\/produit\/003-vieilles-dentelles-et-theatre-evocateur\/#primaryimage","url":"https:\/\/sicanivillages.com\/wp-content\/uploads\/2023\/09\/003-1.jpg","contentUrl":"https:\/\/sicanivillages.com\/wp-content\/uploads\/2023\/09\/003-1.jpg","width":1920,"height":1280},{"@type":"BreadcrumbList","@id":"https:\/\/sicanivillages.com\/fr\/produit\/003-vieilles-dentelles-et-theatre-evocateur\/#breadcrumb","itemListElement":[{"@type":"ListItem","position":1,"name":"Home","item":"https:\/\/sicanivillages.com\/fr\/"},{"@type":"ListItem","position":2,"name":"Shop","item":"https:\/\/sicanivillages.com\/negozio\/"},{"@type":"ListItem","position":3,"name":"003 &#8211; Vieilles dentelles et th\u00e9\u00e2tre \u00e9vocateur"}]},{"@type":"WebSite","@id":"https:\/\/sicanivillages.com\/#website","url":"https:\/\/sicanivillages.com\/","name":"SicaniVillages","description":"","potentialAction":[{"@type":"SearchAction","target":{"@type":"EntryPoint","urlTemplate":"https:\/\/sicanivillages.com\/?s={search_term_string}"},"query-input":{"@type":"PropertyValueSpecification","valueRequired":true,"valueName":"search_term_string"}}],"inLanguage":"fr-FR"}]}},"_links":{"self":[{"href":"https:\/\/sicanivillages.com\/fr\/wp-json\/wp\/v2\/product\/13633","targetHints":{"allow":["GET"]}}],"collection":[{"href":"https:\/\/sicanivillages.com\/fr\/wp-json\/wp\/v2\/product"}],"about":[{"href":"https:\/\/sicanivillages.com\/fr\/wp-json\/wp\/v2\/types\/product"}],"replies":[{"embeddable":true,"href":"https:\/\/sicanivillages.com\/fr\/wp-json\/wp\/v2\/comments?post=13633"}],"version-history":[{"count":1,"href":"https:\/\/sicanivillages.com\/fr\/wp-json\/wp\/v2\/product\/13633\/revisions"}],"predecessor-version":[{"id":13872,"href":"https:\/\/sicanivillages.com\/fr\/wp-json\/wp\/v2\/product\/13633\/revisions\/13872"}],"wp:featuredmedia":[{"embeddable":true,"href":"https:\/\/sicanivillages.com\/fr\/wp-json\/wp\/v2\/media\/11926"}],"wp:attachment":[{"href":"https:\/\/sicanivillages.com\/fr\/wp-json\/wp\/v2\/media?parent=13633"}],"wp:term":[{"taxonomy":"product_brand","embeddable":true,"href":"https:\/\/sicanivillages.com\/fr\/wp-json\/wp\/v2\/product_brand?post=13633"},{"taxonomy":"product_cat","embeddable":true,"href":"https:\/\/sicanivillages.com\/fr\/wp-json\/wp\/v2\/product_cat?post=13633"},{"taxonomy":"product_tag","embeddable":true,"href":"https:\/\/sicanivillages.com\/fr\/wp-json\/wp\/v2\/product_tag?post=13633"}],"curies":[{"name":"wp","href":"https:\/\/api.w.org\/{rel}","templated":true}]}}