{"id":13632,"date":"2023-09-25T16:22:17","date_gmt":"2023-09-25T16:22:17","guid":{"rendered":"https:\/\/sicanivillages.com\/product\/001-a-cheval-dans-le-coeur-vert-de-la-sicile\/"},"modified":"2024-07-01T07:45:29","modified_gmt":"2024-07-01T07:45:29","slug":"001-a-cheval-dans-le-coeur-vert-de-la-sicile","status":"publish","type":"product","link":"https:\/\/sicanivillages.com\/fr\/produit\/001-a-cheval-dans-le-coeur-vert-de-la-sicile\/","title":{"rendered":"001 &#8211; \u00c0 cheval dans le c\u0153ur vert de la Sicile"},"content":{"rendered":"<p style=\"text-align: center;\">Une promenade \u00e0 cheval dans l&rsquo;une des vues cach\u00e9es et \u00e9vocatrices de la Sicile : la <strong>vall\u00e9e du fleuve Sosio<\/strong>, un poumon toujours vert et intact de la r\u00e9gion de Sicani.<\/p>\n<p style=\"text-align: center;\">Des chemins qui montent dans les montagnes, puis redescendent au niveau de la rivi\u00e8re et s&rsquo;\u00e9coulent ensemble vers le bas.<\/p>\n<p style=\"text-align: center;\">D\u00e9jeuner sur le chemin du retour dans une ferme, \u00e0 base de produits et de plats <strong>typiquement siciliens<\/strong>.<\/p>\n","protected":false},"excerpt":{"rendered":"<p>Une promenade \u00e0 cheval dans l&rsquo;une des vues cach\u00e9es et \u00e9vocatrices de la Sicile : la <strong>vall\u00e9e du fleuve Sosio<\/strong>, un poumon toujours vert et intact de la r\u00e9gion de Sicani.<\/p>\n","protected":false},"featured_media":11914,"comment_status":"closed","ping_status":"closed","template":"","meta":{"_acf_changed":false,"_coblocks_attr":"","_coblocks_dimensions":"","_coblocks_responsive_height":"","_coblocks_accordion_ie_support":""},"product_brand":[],"product_cat":[148],"product_tag":[],"class_list":{"0":"post-13632","1":"product","2":"type-product","3":"status-publish","4":"has-post-thumbnail","6":"product_cat-monts-sicani","8":"first","9":"instock","10":"shipping-taxable","11":"purchasable","12":"product-type-ovabrw_car_rental"},"acf":{"Paesi esplorati":"Prizzi \u2013 Santo Stefano Quisquina","Localizzazione":"Monti Sicani","periodo_di_svolgimento":"Toute l'ann\u00e9e sur rendez-vous et si le temps le permet","Data e Orario di Partenza":"Tous les jours sur demande \u00e0 partir de 10 heures","Durata":"4 heures, d\u00e9jeuner compris","tipologia":["Full Day"],"servizi_inclusi":"<img class=\"alignnone wp-image-7707\" src=\"https:\/\/sicanivillages.com\/wp-content\/uploads\/2023\/04\/check-300x300.png\" alt=\"\" width=\"15\" height=\"15\" \/> Guide\r\n\r\n<img class=\"alignnone wp-image-7707\" src=\"https:\/\/sicanivillages.com\/wp-content\/uploads\/2023\/04\/check-300x300.png\" alt=\"\" width=\"15\" height=\"15\" \/> Casque\r\n\r\n<img class=\"alignnone wp-image-7707\" src=\"https:\/\/sicanivillages.com\/wp-content\/uploads\/2023\/04\/check-300x300.png\" alt=\"\" width=\"15\" height=\"15\" \/> D\u00e9jeuner\r\n\r\n<img class=\"alignnone wp-image-7707\" src=\"https:\/\/sicanivillages.com\/wp-content\/uploads\/2023\/04\/check-300x300.png\" alt=\"\" width=\"15\" height=\"15\" \/> Sur demande, service de transfert depuis et vers les lieux d'h\u00e9bergement locaux et extension pour visiter les villages voisins, Prizzi, Santo Stefano Quisquina, Palazzo Adriano.","Luogo di Partenza":"<iframe src=\"https:\/\/www.google.com\/maps\/embed?pb=!1m18!1m12!1m3!1d3156.6901530065134!2d13.410783176341038!3d37.703475216262916!2m3!1f0!2f0!3f0!3m2!1i1024!2i768!4f13.1!3m3!1m2!1s0x131a0f7af474acb3%3A0xd025b4909eb239b4!2sAzienda%20Agricola%20Traina!5e0!3m2!1sit!2sit!4v1695221774393!5m2!1sit!2sit\" width=\"300\" height=\"200\" style=\"border:0;\" allowfullscreen=\"\" loading=\"lazy\" referrerpolicy=\"no-referrer-when-downgrade\"><\/iframe>","info-utili":"V\u00eatements confortables, pantalons longs, eau 1 litre (2 bouteilles).","Lingua":"Italien - Anglais","punti_salienti":"Nature, Produits typiques","shortcode_modulo_di_contatto":"[wpforms id=\"7532\"]","partners":"[gslogo id=2]","Attrazioni":"[gslogo id=1]"},"yoast_head":"<!-- This site is optimized with the Yoast SEO plugin v26.7 - https:\/\/yoast.com\/wordpress\/plugins\/seo\/ -->\n<title>001 - \u00c0 cheval dans le c\u0153ur vert de la Sicile - SicaniVillages<\/title>\n<meta name=\"robots\" content=\"index, follow, max-snippet:-1, max-image-preview:large, max-video-preview:-1\" \/>\n<link rel=\"canonical\" href=\"https:\/\/sicanivillages.com\/fr\/produit\/001-a-cheval-dans-le-coeur-vert-de-la-sicile\/\" \/>\n<meta property=\"og:locale\" content=\"fr_FR\" \/>\n<meta property=\"og:type\" content=\"article\" \/>\n<meta property=\"og:title\" content=\"001 - \u00c0 cheval dans le c\u0153ur vert de la Sicile - SicaniVillages\" \/>\n<meta property=\"og:description\" content=\"Une promenade \u00e0 cheval dans l&#039;une des vues cach\u00e9es et \u00e9vocatrices de la Sicile : la vall\u00e9e du fleuve Sosio, un poumon toujours vert et intact de la r\u00e9gion de Sicani.\" \/>\n<meta property=\"og:url\" content=\"https:\/\/sicanivillages.com\/fr\/produit\/001-a-cheval-dans-le-coeur-vert-de-la-sicile\/\" \/>\n<meta property=\"og:site_name\" content=\"SicaniVillages\" \/>\n<meta property=\"article:modified_time\" content=\"2024-07-01T07:45:29+00:00\" \/>\n<meta property=\"og:image\" content=\"https:\/\/sicanivillages.com\/wp-content\/uploads\/2023\/04\/001-1.jpg\" \/>\n\t<meta property=\"og:image:width\" content=\"1920\" \/>\n\t<meta property=\"og:image:height\" content=\"1280\" \/>\n\t<meta property=\"og:image:type\" content=\"image\/jpeg\" \/>\n<meta name=\"twitter:card\" content=\"summary_large_image\" \/>\n<meta name=\"twitter:label1\" content=\"Dur\u00e9e de lecture estim\u00e9e\" \/>\n\t<meta name=\"twitter:data1\" content=\"1 minute\" \/>\n<script type=\"application\/ld+json\" class=\"yoast-schema-graph\">{\"@context\":\"https:\/\/schema.org\",\"@graph\":[{\"@type\":\"WebPage\",\"@id\":\"https:\/\/sicanivillages.com\/fr\/produit\/001-a-cheval-dans-le-coeur-vert-de-la-sicile\/\",\"url\":\"https:\/\/sicanivillages.com\/fr\/produit\/001-a-cheval-dans-le-coeur-vert-de-la-sicile\/\",\"name\":\"001 - \u00c0 cheval dans le c\u0153ur vert de la Sicile - SicaniVillages\",\"isPartOf\":{\"@id\":\"https:\/\/sicanivillages.com\/#website\"},\"primaryImageOfPage\":{\"@id\":\"https:\/\/sicanivillages.com\/fr\/produit\/001-a-cheval-dans-le-coeur-vert-de-la-sicile\/#primaryimage\"},\"image\":{\"@id\":\"https:\/\/sicanivillages.com\/fr\/produit\/001-a-cheval-dans-le-coeur-vert-de-la-sicile\/#primaryimage\"},\"thumbnailUrl\":\"https:\/\/sicanivillages.com\/wp-content\/uploads\/2023\/04\/001-1.jpg\",\"datePublished\":\"2023-09-25T16:22:17+00:00\",\"dateModified\":\"2024-07-01T07:45:29+00:00\",\"breadcrumb\":{\"@id\":\"https:\/\/sicanivillages.com\/fr\/produit\/001-a-cheval-dans-le-coeur-vert-de-la-sicile\/#breadcrumb\"},\"inLanguage\":\"fr-FR\",\"potentialAction\":[{\"@type\":\"ReadAction\",\"target\":[\"https:\/\/sicanivillages.com\/fr\/produit\/001-a-cheval-dans-le-coeur-vert-de-la-sicile\/\"]}]},{\"@type\":\"ImageObject\",\"inLanguage\":\"fr-FR\",\"@id\":\"https:\/\/sicanivillages.com\/fr\/produit\/001-a-cheval-dans-le-coeur-vert-de-la-sicile\/#primaryimage\",\"url\":\"https:\/\/sicanivillages.com\/wp-content\/uploads\/2023\/04\/001-1.jpg\",\"contentUrl\":\"https:\/\/sicanivillages.com\/wp-content\/uploads\/2023\/04\/001-1.jpg\",\"width\":1920,\"height\":1280},{\"@type\":\"BreadcrumbList\",\"@id\":\"https:\/\/sicanivillages.com\/fr\/produit\/001-a-cheval-dans-le-coeur-vert-de-la-sicile\/#breadcrumb\",\"itemListElement\":[{\"@type\":\"ListItem\",\"position\":1,\"name\":\"Home\",\"item\":\"https:\/\/sicanivillages.com\/fr\/\"},{\"@type\":\"ListItem\",\"position\":2,\"name\":\"Shop\",\"item\":\"https:\/\/sicanivillages.com\/negozio\/\"},{\"@type\":\"ListItem\",\"position\":3,\"name\":\"001 &#8211; \u00c0 cheval dans le c\u0153ur vert de la Sicile\"}]},{\"@type\":\"WebSite\",\"@id\":\"https:\/\/sicanivillages.com\/#website\",\"url\":\"https:\/\/sicanivillages.com\/\",\"name\":\"SicaniVillages\",\"description\":\"\",\"potentialAction\":[{\"@type\":\"SearchAction\",\"target\":{\"@type\":\"EntryPoint\",\"urlTemplate\":\"https:\/\/sicanivillages.com\/?s={search_term_string}\"},\"query-input\":{\"@type\":\"PropertyValueSpecification\",\"valueRequired\":true,\"valueName\":\"search_term_string\"}}],\"inLanguage\":\"fr-FR\"}]}<\/script>\n<!-- \/ Yoast SEO plugin. -->","yoast_head_json":{"title":"001 - \u00c0 cheval dans le c\u0153ur vert de la Sicile - SicaniVillages","robots":{"index":"index","follow":"follow","max-snippet":"max-snippet:-1","max-image-preview":"max-image-preview:large","max-video-preview":"max-video-preview:-1"},"canonical":"https:\/\/sicanivillages.com\/fr\/produit\/001-a-cheval-dans-le-coeur-vert-de-la-sicile\/","og_locale":"fr_FR","og_type":"article","og_title":"001 - \u00c0 cheval dans le c\u0153ur vert de la Sicile - SicaniVillages","og_description":"Une promenade \u00e0 cheval dans l'une des vues cach\u00e9es et \u00e9vocatrices de la Sicile : la vall\u00e9e du fleuve Sosio, un poumon toujours vert et intact de la r\u00e9gion de Sicani.","og_url":"https:\/\/sicanivillages.com\/fr\/produit\/001-a-cheval-dans-le-coeur-vert-de-la-sicile\/","og_site_name":"SicaniVillages","article_modified_time":"2024-07-01T07:45:29+00:00","og_image":[{"width":1920,"height":1280,"url":"https:\/\/sicanivillages.com\/wp-content\/uploads\/2023\/04\/001-1.jpg","type":"image\/jpeg"}],"twitter_card":"summary_large_image","twitter_misc":{"Dur\u00e9e de lecture estim\u00e9e":"1 minute"},"schema":{"@context":"https:\/\/schema.org","@graph":[{"@type":"WebPage","@id":"https:\/\/sicanivillages.com\/fr\/produit\/001-a-cheval-dans-le-coeur-vert-de-la-sicile\/","url":"https:\/\/sicanivillages.com\/fr\/produit\/001-a-cheval-dans-le-coeur-vert-de-la-sicile\/","name":"001 - \u00c0 cheval dans le c\u0153ur vert de la Sicile - SicaniVillages","isPartOf":{"@id":"https:\/\/sicanivillages.com\/#website"},"primaryImageOfPage":{"@id":"https:\/\/sicanivillages.com\/fr\/produit\/001-a-cheval-dans-le-coeur-vert-de-la-sicile\/#primaryimage"},"image":{"@id":"https:\/\/sicanivillages.com\/fr\/produit\/001-a-cheval-dans-le-coeur-vert-de-la-sicile\/#primaryimage"},"thumbnailUrl":"https:\/\/sicanivillages.com\/wp-content\/uploads\/2023\/04\/001-1.jpg","datePublished":"2023-09-25T16:22:17+00:00","dateModified":"2024-07-01T07:45:29+00:00","breadcrumb":{"@id":"https:\/\/sicanivillages.com\/fr\/produit\/001-a-cheval-dans-le-coeur-vert-de-la-sicile\/#breadcrumb"},"inLanguage":"fr-FR","potentialAction":[{"@type":"ReadAction","target":["https:\/\/sicanivillages.com\/fr\/produit\/001-a-cheval-dans-le-coeur-vert-de-la-sicile\/"]}]},{"@type":"ImageObject","inLanguage":"fr-FR","@id":"https:\/\/sicanivillages.com\/fr\/produit\/001-a-cheval-dans-le-coeur-vert-de-la-sicile\/#primaryimage","url":"https:\/\/sicanivillages.com\/wp-content\/uploads\/2023\/04\/001-1.jpg","contentUrl":"https:\/\/sicanivillages.com\/wp-content\/uploads\/2023\/04\/001-1.jpg","width":1920,"height":1280},{"@type":"BreadcrumbList","@id":"https:\/\/sicanivillages.com\/fr\/produit\/001-a-cheval-dans-le-coeur-vert-de-la-sicile\/#breadcrumb","itemListElement":[{"@type":"ListItem","position":1,"name":"Home","item":"https:\/\/sicanivillages.com\/fr\/"},{"@type":"ListItem","position":2,"name":"Shop","item":"https:\/\/sicanivillages.com\/negozio\/"},{"@type":"ListItem","position":3,"name":"001 &#8211; \u00c0 cheval dans le c\u0153ur vert de la Sicile"}]},{"@type":"WebSite","@id":"https:\/\/sicanivillages.com\/#website","url":"https:\/\/sicanivillages.com\/","name":"SicaniVillages","description":"","potentialAction":[{"@type":"SearchAction","target":{"@type":"EntryPoint","urlTemplate":"https:\/\/sicanivillages.com\/?s={search_term_string}"},"query-input":{"@type":"PropertyValueSpecification","valueRequired":true,"valueName":"search_term_string"}}],"inLanguage":"fr-FR"}]}},"_links":{"self":[{"href":"https:\/\/sicanivillages.com\/fr\/wp-json\/wp\/v2\/product\/13632","targetHints":{"allow":["GET"]}}],"collection":[{"href":"https:\/\/sicanivillages.com\/fr\/wp-json\/wp\/v2\/product"}],"about":[{"href":"https:\/\/sicanivillages.com\/fr\/wp-json\/wp\/v2\/types\/product"}],"replies":[{"embeddable":true,"href":"https:\/\/sicanivillages.com\/fr\/wp-json\/wp\/v2\/comments?post=13632"}],"version-history":[{"count":1,"href":"https:\/\/sicanivillages.com\/fr\/wp-json\/wp\/v2\/product\/13632\/revisions"}],"predecessor-version":[{"id":13874,"href":"https:\/\/sicanivillages.com\/fr\/wp-json\/wp\/v2\/product\/13632\/revisions\/13874"}],"wp:featuredmedia":[{"embeddable":true,"href":"https:\/\/sicanivillages.com\/fr\/wp-json\/wp\/v2\/media\/11914"}],"wp:attachment":[{"href":"https:\/\/sicanivillages.com\/fr\/wp-json\/wp\/v2\/media?parent=13632"}],"wp:term":[{"taxonomy":"product_brand","embeddable":true,"href":"https:\/\/sicanivillages.com\/fr\/wp-json\/wp\/v2\/product_brand?post=13632"},{"taxonomy":"product_cat","embeddable":true,"href":"https:\/\/sicanivillages.com\/fr\/wp-json\/wp\/v2\/product_cat?post=13632"},{"taxonomy":"product_tag","embeddable":true,"href":"https:\/\/sicanivillages.com\/fr\/wp-json\/wp\/v2\/product_tag?post=13632"}],"curies":[{"name":"wp","href":"https:\/\/api.w.org\/{rel}","templated":true}]}}