{"id":13627,"date":"2023-09-24T15:13:06","date_gmt":"2023-09-24T15:13:06","guid":{"rendered":"https:\/\/sicanivillages.com\/product\/002-sicans-villages-ruelles-et-habitants\/"},"modified":"2024-07-01T07:07:57","modified_gmt":"2024-07-01T07:07:57","slug":"002-sicans-villages-ruelles-et-habitants","status":"publish","type":"product","link":"https:\/\/sicanivillages.com\/fr\/produit\/002-sicans-villages-ruelles-et-habitants\/","title":{"rendered":"002 &#8211; Sicans. Villages, ruelles et habitants"},"content":{"rendered":"<p style=\"text-align: center;\">Promenade dans les ruelles caract\u00e9ristiques de <strong>Prizzi<\/strong>.<br \/>\nDes rues \u00e9troites avec des balcons fleuris, des vol\u00e9es de marches et des ruelles \u00e9troites m\u00e8nent \u00e0 la partie haute et ancienne du village, avec une vue imprenable sur la vall\u00e9e au nord. De l\u00e0, on peut voir les p\u00e8lerins de la <strong>Magna Via Francigena<\/strong> arriver sur le dernier tron\u00e7on avant d&rsquo;entrer dans le village.<\/p>\n<p style=\"text-align: center;\">Toujours entre ruelles \u00e9troites et vues enchanteresses, on descend vers le centre.<br \/>\nUn<strong> ap\u00e9ritif\/d\u00e9gustation<\/strong> de fromage, de charcuterie et de vin de pays, avant de partir pour Giuliana. D\u00e9jeuner\/d\u00e9gustation dans une ferme, productrice de p\u00e2tes et de farines de c\u00e9r\u00e9ales anciennes.<\/p>\n<p style=\"text-align: center;\">L&rsquo;apr\u00e8s-midi, promenade dans les ruelles de <strong>Giuliana<\/strong> et visite du ch\u00e2teau.<\/p>\n","protected":false},"excerpt":{"rendered":"<p>Une promenade \u00e0 cheval dans l&rsquo;une des vues cach\u00e9es et \u00e9vocatrices de la Sicile : la <strong>vall\u00e9e du fleuve Sosio<\/strong>, un poumon toujours vert et intact de la r\u00e9gion de Sicani.<\/p>\n","protected":false},"featured_media":11920,"comment_status":"closed","ping_status":"closed","template":"","meta":{"_acf_changed":false,"_coblocks_attr":"","_coblocks_dimensions":"","_coblocks_responsive_height":"","_coblocks_accordion_ie_support":""},"product_brand":[],"product_cat":[148],"product_tag":[],"class_list":{"0":"post-13627","1":"product","2":"type-product","3":"status-publish","4":"has-post-thumbnail","6":"product_cat-monts-sicani","8":"first","9":"instock","10":"shipping-taxable","11":"purchasable","12":"product-type-ovabrw_car_rental"},"acf":{"Paesi esplorati":"","Localizzazione":"","periodo_di_svolgimento":"Toute l'ann\u00e9e sur rendez-vous et si le temps le permet","Data e Orario di Partenza":"Tous les jours sur demande \u00e0 partir de 10 heures","Durata":"6\/7 heures (y compris le d\u00e9jeuner)","tipologia":["Full Day"],"servizi_inclusi":"<img class=\"alignnone wp-image-7707\" src=\"https:\/\/sicanivillages.com\/wp-content\/uploads\/2023\/04\/check-300x300.png\" alt=\"\" width=\"15\" height=\"15\" \/> Guide\r\n\r\n<img class=\"alignnone wp-image-7707\" src=\"https:\/\/sicanivillages.com\/wp-content\/uploads\/2023\/04\/check-300x300.png\" alt=\"\" width=\"15\" height=\"15\" \/> D\u00e9jeuner\r\n\r\n<img class=\"alignnone wp-image-7707\" src=\"https:\/\/sicanivillages.com\/wp-content\/uploads\/2023\/04\/check-300x300.png\" alt=\"\" width=\"15\" height=\"15\" \/> Sur demande, service de transfert depuis et vers les lieux d'h\u00e9bergement locaux et extension pour visiter les villages voisins, Prizzi et Palazzo Adriano.","Luogo di Partenza":"<iframe src=\"https:\/\/www.google.com\/maps\/embed?pb=!1m18!1m12!1m3!1d6311.921020185843!2d13.430295796675718!3d37.72060477456338!2m3!1f0!2f0!3f0!3m2!1i1024!2i768!4f13.1!3m3!1m2!1s0x131a05f17fd171c3%3A0x74c793aab7453448!2s90038%20Prizzi%20PA!5e0!3m2!1sit!2sit!4v1695655158973!5m2!1sit!2sit\" width=\"300\" height=\"200\" style=\"border:0;\" allowfullscreen=\"\" loading=\"lazy\" referrerpolicy=\"no-referrer-when-downgrade\"><\/iframe>","info-utili":"V\u00eatements confortables, pantalons longs, eau 1 litre (2 bouteilles).","Lingua":"Italien - Anglais","punti_salienti":"Villages caract\u00e9ristiques, produits typiques","shortcode_modulo_di_contatto":"[wpforms id=\"8634\"]","partners":"[gslogo id=5]","Attrazioni":"&lt;p style=\"text-align: left;\"&gt;[gslogo id=4]&lt;\/p&gt;"},"yoast_head":"<!-- This site is optimized with the Yoast SEO plugin v26.7 - https:\/\/yoast.com\/wordpress\/plugins\/seo\/ -->\n<title>002 - Sicans. Villages, ruelles et habitants - SicaniVillages<\/title>\n<meta name=\"robots\" content=\"index, follow, max-snippet:-1, max-image-preview:large, max-video-preview:-1\" \/>\n<link rel=\"canonical\" href=\"https:\/\/sicanivillages.com\/fr\/produit\/002-sicans-villages-ruelles-et-habitants\/\" \/>\n<meta property=\"og:locale\" content=\"fr_FR\" \/>\n<meta property=\"og:type\" content=\"article\" \/>\n<meta property=\"og:title\" content=\"002 - Sicans. Villages, ruelles et habitants - SicaniVillages\" \/>\n<meta property=\"og:description\" content=\"Une promenade \u00e0 cheval dans l&#039;une des vues cach\u00e9es et \u00e9vocatrices de la Sicile : la vall\u00e9e du fleuve Sosio, un poumon toujours vert et intact de la r\u00e9gion de Sicani.\" \/>\n<meta property=\"og:url\" content=\"https:\/\/sicanivillages.com\/fr\/produit\/002-sicans-villages-ruelles-et-habitants\/\" \/>\n<meta property=\"og:site_name\" content=\"SicaniVillages\" \/>\n<meta property=\"article:modified_time\" content=\"2024-07-01T07:07:57+00:00\" \/>\n<meta property=\"og:image\" content=\"https:\/\/sicanivillages.com\/wp-content\/uploads\/2023\/09\/002-1.jpg\" \/>\n\t<meta property=\"og:image:width\" content=\"1920\" \/>\n\t<meta property=\"og:image:height\" content=\"1280\" \/>\n\t<meta property=\"og:image:type\" content=\"image\/jpeg\" \/>\n<meta name=\"twitter:card\" content=\"summary_large_image\" \/>\n<meta name=\"twitter:label1\" content=\"Dur\u00e9e de lecture estim\u00e9e\" \/>\n\t<meta name=\"twitter:data1\" content=\"1 minute\" \/>\n<script type=\"application\/ld+json\" class=\"yoast-schema-graph\">{\"@context\":\"https:\/\/schema.org\",\"@graph\":[{\"@type\":\"WebPage\",\"@id\":\"https:\/\/sicanivillages.com\/fr\/produit\/002-sicans-villages-ruelles-et-habitants\/\",\"url\":\"https:\/\/sicanivillages.com\/fr\/produit\/002-sicans-villages-ruelles-et-habitants\/\",\"name\":\"002 - Sicans. Villages, ruelles et habitants - SicaniVillages\",\"isPartOf\":{\"@id\":\"https:\/\/sicanivillages.com\/#website\"},\"primaryImageOfPage\":{\"@id\":\"https:\/\/sicanivillages.com\/fr\/produit\/002-sicans-villages-ruelles-et-habitants\/#primaryimage\"},\"image\":{\"@id\":\"https:\/\/sicanivillages.com\/fr\/produit\/002-sicans-villages-ruelles-et-habitants\/#primaryimage\"},\"thumbnailUrl\":\"https:\/\/sicanivillages.com\/wp-content\/uploads\/2023\/09\/002-1.jpg\",\"datePublished\":\"2023-09-24T15:13:06+00:00\",\"dateModified\":\"2024-07-01T07:07:57+00:00\",\"breadcrumb\":{\"@id\":\"https:\/\/sicanivillages.com\/fr\/produit\/002-sicans-villages-ruelles-et-habitants\/#breadcrumb\"},\"inLanguage\":\"fr-FR\",\"potentialAction\":[{\"@type\":\"ReadAction\",\"target\":[\"https:\/\/sicanivillages.com\/fr\/produit\/002-sicans-villages-ruelles-et-habitants\/\"]}]},{\"@type\":\"ImageObject\",\"inLanguage\":\"fr-FR\",\"@id\":\"https:\/\/sicanivillages.com\/fr\/produit\/002-sicans-villages-ruelles-et-habitants\/#primaryimage\",\"url\":\"https:\/\/sicanivillages.com\/wp-content\/uploads\/2023\/09\/002-1.jpg\",\"contentUrl\":\"https:\/\/sicanivillages.com\/wp-content\/uploads\/2023\/09\/002-1.jpg\",\"width\":1920,\"height\":1280},{\"@type\":\"BreadcrumbList\",\"@id\":\"https:\/\/sicanivillages.com\/fr\/produit\/002-sicans-villages-ruelles-et-habitants\/#breadcrumb\",\"itemListElement\":[{\"@type\":\"ListItem\",\"position\":1,\"name\":\"Home\",\"item\":\"https:\/\/sicanivillages.com\/fr\/\"},{\"@type\":\"ListItem\",\"position\":2,\"name\":\"Shop\",\"item\":\"https:\/\/sicanivillages.com\/negozio\/\"},{\"@type\":\"ListItem\",\"position\":3,\"name\":\"002 &#8211; Sicans. Villages, ruelles et habitants\"}]},{\"@type\":\"WebSite\",\"@id\":\"https:\/\/sicanivillages.com\/#website\",\"url\":\"https:\/\/sicanivillages.com\/\",\"name\":\"SicaniVillages\",\"description\":\"\",\"potentialAction\":[{\"@type\":\"SearchAction\",\"target\":{\"@type\":\"EntryPoint\",\"urlTemplate\":\"https:\/\/sicanivillages.com\/?s={search_term_string}\"},\"query-input\":{\"@type\":\"PropertyValueSpecification\",\"valueRequired\":true,\"valueName\":\"search_term_string\"}}],\"inLanguage\":\"fr-FR\"}]}<\/script>\n<!-- \/ Yoast SEO plugin. -->","yoast_head_json":{"title":"002 - Sicans. Villages, ruelles et habitants - SicaniVillages","robots":{"index":"index","follow":"follow","max-snippet":"max-snippet:-1","max-image-preview":"max-image-preview:large","max-video-preview":"max-video-preview:-1"},"canonical":"https:\/\/sicanivillages.com\/fr\/produit\/002-sicans-villages-ruelles-et-habitants\/","og_locale":"fr_FR","og_type":"article","og_title":"002 - Sicans. Villages, ruelles et habitants - SicaniVillages","og_description":"Une promenade \u00e0 cheval dans l'une des vues cach\u00e9es et \u00e9vocatrices de la Sicile : la vall\u00e9e du fleuve Sosio, un poumon toujours vert et intact de la r\u00e9gion de Sicani.","og_url":"https:\/\/sicanivillages.com\/fr\/produit\/002-sicans-villages-ruelles-et-habitants\/","og_site_name":"SicaniVillages","article_modified_time":"2024-07-01T07:07:57+00:00","og_image":[{"width":1920,"height":1280,"url":"https:\/\/sicanivillages.com\/wp-content\/uploads\/2023\/09\/002-1.jpg","type":"image\/jpeg"}],"twitter_card":"summary_large_image","twitter_misc":{"Dur\u00e9e de lecture estim\u00e9e":"1 minute"},"schema":{"@context":"https:\/\/schema.org","@graph":[{"@type":"WebPage","@id":"https:\/\/sicanivillages.com\/fr\/produit\/002-sicans-villages-ruelles-et-habitants\/","url":"https:\/\/sicanivillages.com\/fr\/produit\/002-sicans-villages-ruelles-et-habitants\/","name":"002 - Sicans. Villages, ruelles et habitants - SicaniVillages","isPartOf":{"@id":"https:\/\/sicanivillages.com\/#website"},"primaryImageOfPage":{"@id":"https:\/\/sicanivillages.com\/fr\/produit\/002-sicans-villages-ruelles-et-habitants\/#primaryimage"},"image":{"@id":"https:\/\/sicanivillages.com\/fr\/produit\/002-sicans-villages-ruelles-et-habitants\/#primaryimage"},"thumbnailUrl":"https:\/\/sicanivillages.com\/wp-content\/uploads\/2023\/09\/002-1.jpg","datePublished":"2023-09-24T15:13:06+00:00","dateModified":"2024-07-01T07:07:57+00:00","breadcrumb":{"@id":"https:\/\/sicanivillages.com\/fr\/produit\/002-sicans-villages-ruelles-et-habitants\/#breadcrumb"},"inLanguage":"fr-FR","potentialAction":[{"@type":"ReadAction","target":["https:\/\/sicanivillages.com\/fr\/produit\/002-sicans-villages-ruelles-et-habitants\/"]}]},{"@type":"ImageObject","inLanguage":"fr-FR","@id":"https:\/\/sicanivillages.com\/fr\/produit\/002-sicans-villages-ruelles-et-habitants\/#primaryimage","url":"https:\/\/sicanivillages.com\/wp-content\/uploads\/2023\/09\/002-1.jpg","contentUrl":"https:\/\/sicanivillages.com\/wp-content\/uploads\/2023\/09\/002-1.jpg","width":1920,"height":1280},{"@type":"BreadcrumbList","@id":"https:\/\/sicanivillages.com\/fr\/produit\/002-sicans-villages-ruelles-et-habitants\/#breadcrumb","itemListElement":[{"@type":"ListItem","position":1,"name":"Home","item":"https:\/\/sicanivillages.com\/fr\/"},{"@type":"ListItem","position":2,"name":"Shop","item":"https:\/\/sicanivillages.com\/negozio\/"},{"@type":"ListItem","position":3,"name":"002 &#8211; Sicans. Villages, ruelles et habitants"}]},{"@type":"WebSite","@id":"https:\/\/sicanivillages.com\/#website","url":"https:\/\/sicanivillages.com\/","name":"SicaniVillages","description":"","potentialAction":[{"@type":"SearchAction","target":{"@type":"EntryPoint","urlTemplate":"https:\/\/sicanivillages.com\/?s={search_term_string}"},"query-input":{"@type":"PropertyValueSpecification","valueRequired":true,"valueName":"search_term_string"}}],"inLanguage":"fr-FR"}]}},"_links":{"self":[{"href":"https:\/\/sicanivillages.com\/fr\/wp-json\/wp\/v2\/product\/13627","targetHints":{"allow":["GET"]}}],"collection":[{"href":"https:\/\/sicanivillages.com\/fr\/wp-json\/wp\/v2\/product"}],"about":[{"href":"https:\/\/sicanivillages.com\/fr\/wp-json\/wp\/v2\/types\/product"}],"replies":[{"embeddable":true,"href":"https:\/\/sicanivillages.com\/fr\/wp-json\/wp\/v2\/comments?post=13627"}],"version-history":[{"count":1,"href":"https:\/\/sicanivillages.com\/fr\/wp-json\/wp\/v2\/product\/13627\/revisions"}],"predecessor-version":[{"id":13873,"href":"https:\/\/sicanivillages.com\/fr\/wp-json\/wp\/v2\/product\/13627\/revisions\/13873"}],"wp:featuredmedia":[{"embeddable":true,"href":"https:\/\/sicanivillages.com\/fr\/wp-json\/wp\/v2\/media\/11920"}],"wp:attachment":[{"href":"https:\/\/sicanivillages.com\/fr\/wp-json\/wp\/v2\/media?parent=13627"}],"wp:term":[{"taxonomy":"product_brand","embeddable":true,"href":"https:\/\/sicanivillages.com\/fr\/wp-json\/wp\/v2\/product_brand?post=13627"},{"taxonomy":"product_cat","embeddable":true,"href":"https:\/\/sicanivillages.com\/fr\/wp-json\/wp\/v2\/product_cat?post=13627"},{"taxonomy":"product_tag","embeddable":true,"href":"https:\/\/sicanivillages.com\/fr\/wp-json\/wp\/v2\/product_tag?post=13627"}],"curies":[{"name":"wp","href":"https:\/\/api.w.org\/{rel}","templated":true}]}}