{"id":13626,"date":"2023-09-21T21:00:52","date_gmt":"2023-09-21T21:00:52","guid":{"rendered":"https:\/\/sicanivillages.com\/product\/005-art-philosophie-et-bonne-chere\/"},"modified":"2024-07-01T07:07:50","modified_gmt":"2024-07-01T07:07:50","slug":"005-art-philosophie-et-bonne-chere","status":"publish","type":"product","link":"https:\/\/sicanivillages.com\/fr\/produit\/005-art-philosophie-et-bonne-chere\/","title":{"rendered":"005 &#8211; Art, philosophie et bonne ch\u00e8re"},"content":{"rendered":"<p style=\"text-align: center;\">Petit-d\u00e9jeuner dans une boulangerie avec du pain typique arros\u00e9 d&rsquo;<strong>huile d&rsquo;olive Evo<\/strong> et d&rsquo;autres produits de boulangerie typiques.<\/p>\n<p style=\"text-align: center;\">Promenade dans le centre historique d&rsquo;Aragon avec visite du majestueux Palais Princier, symbole m\u00eame de l&rsquo;Aragon, qui abrite une partie des fresques du c\u00e9l\u00e8bre peintre flamand Borremans.<br \/>\nDe l\u00e0, toujours \u00e0 travers les ruelles du centre, on arrive \u00e0 la maison-mus\u00e9e de l&rsquo;artiste Giuseppe Rizzo, qui accueille ses h\u00f4tes en personne et les guide dans cette promenade artistico-philosophique \u00e0 travers les trois \u00e9tages de sa propre maison, jusqu&rsquo;\u00e0 la terrasse du sommet o\u00f9 il nous offre une tisane relaxante.<\/p>\n<p style=\"text-align: center;\">D\u00e9jeuner dans un restaurant typique avec des plats et des produits locaux.<\/p>\n","protected":false},"excerpt":{"rendered":"<p>Petit-d\u00e9jeuner dans une boulangerie avec du pain typique arros\u00e9 d&rsquo;<strong>huile d&rsquo;olive Evo<\/strong> et d&rsquo;autres produits de boulangerie typiques.<\/p>\n","protected":false},"featured_media":11994,"comment_status":"closed","ping_status":"closed","template":"","meta":{"_acf_changed":false,"_coblocks_attr":"","_coblocks_dimensions":"","_coblocks_responsive_height":"","_coblocks_accordion_ie_support":""},"product_brand":[],"product_cat":[147],"product_tag":[],"class_list":{"0":"post-13626","1":"product","2":"type-product","3":"status-publish","4":"has-post-thumbnail","6":"product_cat-vallees-siciliennes","8":"first","9":"instock","10":"shipping-taxable","11":"purchasable","12":"product-type-ovabrw_car_rental"},"acf":{"Paesi esplorati":"Aragona","Localizzazione":"Valli Sicane","periodo_di_svolgimento":"Toute l'ann\u00e9e sur rendez-vous et si le temps le permet","Data e Orario di Partenza":"Tous les jours sur demande \u00e0 partir de 10 heures","Durata":"6\/7 heures (y compris le d\u00e9jeuner)","tipologia":["Full Day"],"servizi_inclusi":"<img class=\"alignnone wp-image-7707\" src=\"https:\/\/sicanivillages.com\/wp-content\/uploads\/2023\/04\/check-300x300.png\" alt=\"\" width=\"15\" height=\"15\" \/> Guide\r\n\r\n<img class=\"alignnone wp-image-7707\" src=\"https:\/\/sicanivillages.com\/wp-content\/uploads\/2023\/04\/check-300x300.png\" alt=\"\" width=\"15\" height=\"15\" \/> D\u00e9jeuner\r\n\r\n<img class=\"alignnone wp-image-7707\" src=\"https:\/\/sicanivillages.com\/wp-content\/uploads\/2023\/04\/check-300x300.png\" alt=\"\" width=\"15\" height=\"15\" \/> D\u00e9gustation\r\n\r\n<img class=\"alignnone wp-image-7707\" src=\"https:\/\/sicanivillages.com\/wp-content\/uploads\/2023\/04\/check-300x300.png\" alt=\"\" width=\"15\" height=\"15\" \/> Entr\u00e9es\r\n\r\n<img class=\"alignnone wp-image-7707\" src=\"https:\/\/sicanivillages.com\/wp-content\/uploads\/2023\/04\/check-300x300.png\" alt=\"\" width=\"15\" height=\"15\" \/> Service de transfert depuis et vers les lieux d'h\u00e9bergement locaux sur demande.","Luogo di Partenza":"<iframe src=\"https:\/\/www.google.com\/maps\/embed?pb=!1m18!1m12!1m3!1d12678.35236872341!2d13.609538269142213!3d37.399572399779885!2m3!1f0!2f0!3f0!3m2!1i1024!2i768!4f13.1!3m3!1m2!1s0x13109c621b3aca2f%3A0x5e25e572480cd442!2s92021%20Aragona%20AG!5e0!3m2!1sit!2sit!4v1695675736130!5m2!1sit!2sit\" width=\"300\" height=\"200\" style=\"border:0;\" allowfullscreen=\"\" loading=\"lazy\" referrerpolicy=\"no-referrer-when-downgrade\"><\/iframe>","info-utili":"V\u00eatements confortables, pantalons longs, eau 1 litre (2 bouteilles).","Lingua":"Italien - Anglais","punti_salienti":"Centres historiques, Palais nobles, Art et artistes, Produits typiques.","shortcode_modulo_di_contatto":"[wpforms id=\"8646\"]","partners":"[gslogo id=11]","Attrazioni":"&lt;p style=\"text-align: left;\"&gt;[gslogo id=1]&lt;\/p&gt;"},"yoast_head":"<!-- This site is optimized with the Yoast SEO plugin v26.7 - https:\/\/yoast.com\/wordpress\/plugins\/seo\/ -->\n<title>005 - Art, philosophie et bonne ch\u00e8re - SicaniVillages<\/title>\n<meta name=\"robots\" content=\"index, follow, max-snippet:-1, max-image-preview:large, max-video-preview:-1\" \/>\n<link rel=\"canonical\" href=\"https:\/\/sicanivillages.com\/fr\/produit\/005-art-philosophie-et-bonne-chere\/\" \/>\n<meta property=\"og:locale\" content=\"fr_FR\" \/>\n<meta property=\"og:type\" content=\"article\" \/>\n<meta property=\"og:title\" content=\"005 - Art, philosophie et bonne ch\u00e8re - SicaniVillages\" \/>\n<meta property=\"og:description\" content=\"Petit-d\u00e9jeuner dans une boulangerie avec du pain typique arros\u00e9 d&#039;huile d&#039;olive Evo et d&#039;autres produits de boulangerie typiques.\" \/>\n<meta property=\"og:url\" content=\"https:\/\/sicanivillages.com\/fr\/produit\/005-art-philosophie-et-bonne-chere\/\" \/>\n<meta property=\"og:site_name\" content=\"SicaniVillages\" \/>\n<meta property=\"article:modified_time\" content=\"2024-07-01T07:07:50+00:00\" \/>\n<meta property=\"og:image\" content=\"https:\/\/sicanivillages.com\/wp-content\/uploads\/2023\/09\/005-copertina.jpg\" \/>\n\t<meta property=\"og:image:width\" content=\"1920\" \/>\n\t<meta property=\"og:image:height\" content=\"1280\" \/>\n\t<meta property=\"og:image:type\" content=\"image\/jpeg\" \/>\n<meta name=\"twitter:card\" content=\"summary_large_image\" \/>\n<meta name=\"twitter:label1\" content=\"Dur\u00e9e de lecture estim\u00e9e\" \/>\n\t<meta name=\"twitter:data1\" content=\"1 minute\" \/>\n<script type=\"application\/ld+json\" class=\"yoast-schema-graph\">{\"@context\":\"https:\/\/schema.org\",\"@graph\":[{\"@type\":\"WebPage\",\"@id\":\"https:\/\/sicanivillages.com\/fr\/produit\/005-art-philosophie-et-bonne-chere\/\",\"url\":\"https:\/\/sicanivillages.com\/fr\/produit\/005-art-philosophie-et-bonne-chere\/\",\"name\":\"005 - Art, philosophie et bonne ch\u00e8re - SicaniVillages\",\"isPartOf\":{\"@id\":\"https:\/\/sicanivillages.com\/#website\"},\"primaryImageOfPage\":{\"@id\":\"https:\/\/sicanivillages.com\/fr\/produit\/005-art-philosophie-et-bonne-chere\/#primaryimage\"},\"image\":{\"@id\":\"https:\/\/sicanivillages.com\/fr\/produit\/005-art-philosophie-et-bonne-chere\/#primaryimage\"},\"thumbnailUrl\":\"https:\/\/sicanivillages.com\/wp-content\/uploads\/2023\/09\/005-copertina.jpg\",\"datePublished\":\"2023-09-21T21:00:52+00:00\",\"dateModified\":\"2024-07-01T07:07:50+00:00\",\"breadcrumb\":{\"@id\":\"https:\/\/sicanivillages.com\/fr\/produit\/005-art-philosophie-et-bonne-chere\/#breadcrumb\"},\"inLanguage\":\"fr-FR\",\"potentialAction\":[{\"@type\":\"ReadAction\",\"target\":[\"https:\/\/sicanivillages.com\/fr\/produit\/005-art-philosophie-et-bonne-chere\/\"]}]},{\"@type\":\"ImageObject\",\"inLanguage\":\"fr-FR\",\"@id\":\"https:\/\/sicanivillages.com\/fr\/produit\/005-art-philosophie-et-bonne-chere\/#primaryimage\",\"url\":\"https:\/\/sicanivillages.com\/wp-content\/uploads\/2023\/09\/005-copertina.jpg\",\"contentUrl\":\"https:\/\/sicanivillages.com\/wp-content\/uploads\/2023\/09\/005-copertina.jpg\",\"width\":1920,\"height\":1280},{\"@type\":\"BreadcrumbList\",\"@id\":\"https:\/\/sicanivillages.com\/fr\/produit\/005-art-philosophie-et-bonne-chere\/#breadcrumb\",\"itemListElement\":[{\"@type\":\"ListItem\",\"position\":1,\"name\":\"Home\",\"item\":\"https:\/\/sicanivillages.com\/fr\/\"},{\"@type\":\"ListItem\",\"position\":2,\"name\":\"Shop\",\"item\":\"https:\/\/sicanivillages.com\/negozio\/\"},{\"@type\":\"ListItem\",\"position\":3,\"name\":\"005 &#8211; Art, philosophie et bonne ch\u00e8re\"}]},{\"@type\":\"WebSite\",\"@id\":\"https:\/\/sicanivillages.com\/#website\",\"url\":\"https:\/\/sicanivillages.com\/\",\"name\":\"SicaniVillages\",\"description\":\"\",\"potentialAction\":[{\"@type\":\"SearchAction\",\"target\":{\"@type\":\"EntryPoint\",\"urlTemplate\":\"https:\/\/sicanivillages.com\/?s={search_term_string}\"},\"query-input\":{\"@type\":\"PropertyValueSpecification\",\"valueRequired\":true,\"valueName\":\"search_term_string\"}}],\"inLanguage\":\"fr-FR\"}]}<\/script>\n<!-- \/ Yoast SEO plugin. -->","yoast_head_json":{"title":"005 - Art, philosophie et bonne ch\u00e8re - SicaniVillages","robots":{"index":"index","follow":"follow","max-snippet":"max-snippet:-1","max-image-preview":"max-image-preview:large","max-video-preview":"max-video-preview:-1"},"canonical":"https:\/\/sicanivillages.com\/fr\/produit\/005-art-philosophie-et-bonne-chere\/","og_locale":"fr_FR","og_type":"article","og_title":"005 - Art, philosophie et bonne ch\u00e8re - SicaniVillages","og_description":"Petit-d\u00e9jeuner dans une boulangerie avec du pain typique arros\u00e9 d'huile d'olive Evo et d'autres produits de boulangerie typiques.","og_url":"https:\/\/sicanivillages.com\/fr\/produit\/005-art-philosophie-et-bonne-chere\/","og_site_name":"SicaniVillages","article_modified_time":"2024-07-01T07:07:50+00:00","og_image":[{"width":1920,"height":1280,"url":"https:\/\/sicanivillages.com\/wp-content\/uploads\/2023\/09\/005-copertina.jpg","type":"image\/jpeg"}],"twitter_card":"summary_large_image","twitter_misc":{"Dur\u00e9e de lecture estim\u00e9e":"1 minute"},"schema":{"@context":"https:\/\/schema.org","@graph":[{"@type":"WebPage","@id":"https:\/\/sicanivillages.com\/fr\/produit\/005-art-philosophie-et-bonne-chere\/","url":"https:\/\/sicanivillages.com\/fr\/produit\/005-art-philosophie-et-bonne-chere\/","name":"005 - Art, philosophie et bonne ch\u00e8re - SicaniVillages","isPartOf":{"@id":"https:\/\/sicanivillages.com\/#website"},"primaryImageOfPage":{"@id":"https:\/\/sicanivillages.com\/fr\/produit\/005-art-philosophie-et-bonne-chere\/#primaryimage"},"image":{"@id":"https:\/\/sicanivillages.com\/fr\/produit\/005-art-philosophie-et-bonne-chere\/#primaryimage"},"thumbnailUrl":"https:\/\/sicanivillages.com\/wp-content\/uploads\/2023\/09\/005-copertina.jpg","datePublished":"2023-09-21T21:00:52+00:00","dateModified":"2024-07-01T07:07:50+00:00","breadcrumb":{"@id":"https:\/\/sicanivillages.com\/fr\/produit\/005-art-philosophie-et-bonne-chere\/#breadcrumb"},"inLanguage":"fr-FR","potentialAction":[{"@type":"ReadAction","target":["https:\/\/sicanivillages.com\/fr\/produit\/005-art-philosophie-et-bonne-chere\/"]}]},{"@type":"ImageObject","inLanguage":"fr-FR","@id":"https:\/\/sicanivillages.com\/fr\/produit\/005-art-philosophie-et-bonne-chere\/#primaryimage","url":"https:\/\/sicanivillages.com\/wp-content\/uploads\/2023\/09\/005-copertina.jpg","contentUrl":"https:\/\/sicanivillages.com\/wp-content\/uploads\/2023\/09\/005-copertina.jpg","width":1920,"height":1280},{"@type":"BreadcrumbList","@id":"https:\/\/sicanivillages.com\/fr\/produit\/005-art-philosophie-et-bonne-chere\/#breadcrumb","itemListElement":[{"@type":"ListItem","position":1,"name":"Home","item":"https:\/\/sicanivillages.com\/fr\/"},{"@type":"ListItem","position":2,"name":"Shop","item":"https:\/\/sicanivillages.com\/negozio\/"},{"@type":"ListItem","position":3,"name":"005 &#8211; Art, philosophie et bonne ch\u00e8re"}]},{"@type":"WebSite","@id":"https:\/\/sicanivillages.com\/#website","url":"https:\/\/sicanivillages.com\/","name":"SicaniVillages","description":"","potentialAction":[{"@type":"SearchAction","target":{"@type":"EntryPoint","urlTemplate":"https:\/\/sicanivillages.com\/?s={search_term_string}"},"query-input":{"@type":"PropertyValueSpecification","valueRequired":true,"valueName":"search_term_string"}}],"inLanguage":"fr-FR"}]}},"_links":{"self":[{"href":"https:\/\/sicanivillages.com\/fr\/wp-json\/wp\/v2\/product\/13626","targetHints":{"allow":["GET"]}}],"collection":[{"href":"https:\/\/sicanivillages.com\/fr\/wp-json\/wp\/v2\/product"}],"about":[{"href":"https:\/\/sicanivillages.com\/fr\/wp-json\/wp\/v2\/types\/product"}],"replies":[{"embeddable":true,"href":"https:\/\/sicanivillages.com\/fr\/wp-json\/wp\/v2\/comments?post=13626"}],"version-history":[{"count":1,"href":"https:\/\/sicanivillages.com\/fr\/wp-json\/wp\/v2\/product\/13626\/revisions"}],"predecessor-version":[{"id":13870,"href":"https:\/\/sicanivillages.com\/fr\/wp-json\/wp\/v2\/product\/13626\/revisions\/13870"}],"wp:featuredmedia":[{"embeddable":true,"href":"https:\/\/sicanivillages.com\/fr\/wp-json\/wp\/v2\/media\/11994"}],"wp:attachment":[{"href":"https:\/\/sicanivillages.com\/fr\/wp-json\/wp\/v2\/media?parent=13626"}],"wp:term":[{"taxonomy":"product_brand","embeddable":true,"href":"https:\/\/sicanivillages.com\/fr\/wp-json\/wp\/v2\/product_brand?post=13626"},{"taxonomy":"product_cat","embeddable":true,"href":"https:\/\/sicanivillages.com\/fr\/wp-json\/wp\/v2\/product_cat?post=13626"},{"taxonomy":"product_tag","embeddable":true,"href":"https:\/\/sicanivillages.com\/fr\/wp-json\/wp\/v2\/product_tag?post=13626"}],"curies":[{"name":"wp","href":"https:\/\/api.w.org\/{rel}","templated":true}]}}