{"id":12814,"date":"2023-09-30T20:57:35","date_gmt":"2023-09-30T20:57:35","guid":{"rendered":"https:\/\/sicanivillages.com\/evenements\/"},"modified":"2025-02-17T16:47:49","modified_gmt":"2025-02-17T16:47:49","slug":"evenements","status":"publish","type":"page","link":"https:\/\/sicanivillages.com\/fr\/evenements\/","title":{"rendered":"Ev\u00e9nements"},"content":{"rendered":"\t\t<div data-elementor-type=\"wp-page\" data-elementor-id=\"12814\" class=\"elementor elementor-12814 elementor-9095\">\n\t\t\t\t\t\t<section class=\"elementor-section elementor-top-section elementor-element elementor-element-565e6c4 elementor-section-boxed elementor-section-height-default elementor-section-height-default\" data-id=\"565e6c4\" data-element_type=\"section\">\n\t\t\t\t\t\t<div class=\"elementor-container elementor-column-gap-default\">\n\t\t\t\t\t<div class=\"elementor-column elementor-col-100 elementor-top-column elementor-element elementor-element-7d7638c\" data-id=\"7d7638c\" data-element_type=\"column\">\n\t\t\t<div class=\"elementor-widget-wrap elementor-element-populated\">\n\t\t\t\t\t\t<div class=\"elementor-element elementor-element-d96dc50 elementor-widget elementor-widget-tripgo_elementor_heading\" data-id=\"d96dc50\" data-element_type=\"widget\" data-widget_type=\"tripgo_elementor_heading.default\">\n\t\t\t\t<div class=\"elementor-widget-container\">\n\t\t\t\t\t<div class=\"ova-title\">\n\n\t\t\t\n\t\t\t\t\t\t\t\n\t\t\t\t\t<h2 class=\"title\">Ev\u00e9nements<\/h2>\n\t\t\t\t\t\t\t\n\t\t\t\t\t\t\t<p class=\"description\"> Une liste de municipalit\u00e9s avec leurs \u00e9v\u00e9nements <\/p>\n\t\t\t\n\t\t<\/div> \n\t\t \t\n\t\t\t\t<\/div>\n\t\t\t\t<\/div>\n\t\t\t\t\t<\/div>\n\t\t<\/div>\n\t\t\t\t\t<\/div>\n\t\t<\/section>\n\t\t\t\t<section class=\"elementor-section elementor-top-section elementor-element elementor-element-0d74751 elementor-section-boxed elementor-section-height-default elementor-section-height-default\" data-id=\"0d74751\" data-element_type=\"section\">\n\t\t\t\t\t\t<div class=\"elementor-container elementor-column-gap-default\">\n\t\t\t\t\t<div class=\"elementor-column elementor-col-100 elementor-top-column elementor-element elementor-element-5cca356\" data-id=\"5cca356\" data-element_type=\"column\">\n\t\t\t<div class=\"elementor-widget-wrap\">\n\t\t\t\t\t\t\t<\/div>\n\t\t<\/div>\n\t\t\t\t\t<\/div>\n\t\t<\/section>\n\t\t\t\t<section class=\"elementor-section elementor-top-section elementor-element elementor-element-30017ef elementor-section-boxed elementor-section-height-default elementor-section-height-default\" data-id=\"30017ef\" data-element_type=\"section\">\n\t\t\t\t\t\t<div class=\"elementor-container elementor-column-gap-default\">\n\t\t\t\t\t<div class=\"elementor-column elementor-col-100 elementor-top-column elementor-element elementor-element-2defb23\" data-id=\"2defb23\" data-element_type=\"column\">\n\t\t\t<div class=\"elementor-widget-wrap elementor-element-populated\">\n\t\t\t\t\t\t<div class=\"elementor-element elementor-element-141603d elementor-widget elementor-widget-text-editor\" data-id=\"141603d\" data-element_type=\"widget\" data-widget_type=\"text-editor.default\">\n\t\t\t\t<div class=\"elementor-widget-container\">\n\t\t\t<style>\/*! elementor - v3.19.0 - 07-02-2024 *\/\n.elementor-widget-text-editor.elementor-drop-cap-view-stacked .elementor-drop-cap{background-color:#69727d;color:#fff}.elementor-widget-text-editor.elementor-drop-cap-view-framed .elementor-drop-cap{color:#69727d;border:3px solid;background-color:transparent}.elementor-widget-text-editor:not(.elementor-drop-cap-view-default) .elementor-drop-cap{margin-top:8px}.elementor-widget-text-editor:not(.elementor-drop-cap-view-default) .elementor-drop-cap-letter{width:1em;height:1em}.elementor-widget-text-editor .elementor-drop-cap{float:left;text-align:center;line-height:1;font-size:50px}.elementor-widget-text-editor .elementor-drop-cap-letter{display:inline-block}<\/style>\t\t\t\t<h4><style id=\"filter-grids-custom-css-1\">.count{\r\n    position: relative;\r\n    display: inline-block;\r\n    min-width: 25px;\r\n    text-align: center;\r\n    margin-left: 5px;\r\n    display: none !important;\r\n}<\/style><style id=\"post-inline-css-1\">#ymc-smart-filter-container-1 .container-posts .post-entry {color:#0060a8}#ymc-smart-filter-container-1 .container-posts .post-entry .ymc-post-layout1 .read-more .btn {color:#ffffff}#ymc-smart-filter-container-1 .ymc-pagination li a {color:#0060a8}<\/style><div id=\"ymc-smart-filter-container-1\" \r\n\t\t\t\t  class=\"ymc-smart-filter-container ymc-filter-14390 ymc-loaded-filter ymc-filter-layout3 ymc-post-layout1 ymc-pagination-load-more data-target-ymc14390-1 data-target-ymc1 \" data-loading=\"true\"\r\n\t\t\t\t  data-params='{\"cpt\":\"post\",\"tax\":\"mese,paese,tipologia\",\"terms\":\"172,176,168,179,180,173,174,175,177,100,171,130,120,123,131,114,132,124,116,117,122,133,112,128,121,127,118,115,125,102,126,119,129,181,170,169,178\",\"default_terms\":\"\",\"exclude_posts\":\"off\",\"choices_posts\":\"\",\"posts_selected\":\"all\",\"preloader_icon\":\"preloader_6\",\"type_pg\":\"load-more\",\"per_page\":\"16\",\"page\":\"1\",\"page_scroll\":\"1\",\"preloader_filters\":\"none\",\"preloader_filters_rate\":\"0.5\",\"preloader_filters_custom\":\"\",\"post_animation\":\"swing\",\"popup_animation\":\"fade-in\",\"letter\":\"\",\"post_layout\":\"post-layout1\",\"filter_layout\":\"filter-layout3\",\"filter_id\":\"14390\",\"search\":\"\",\"search_filtered_posts\":\"1\",\"carousel_params\":&quot;&quot;,\"filter_date\":\"\",\"sort_order\":\"\",\"sort_orderby\":\"\",\"meta_key\":\"\",\"meta_query\":\"\",\"date_query\":\"\",\"data_target\":\"data-target-ymc1\",\"target_id\":\"1\",\"page_id\":\"0\"}'>\n<div id=\"search-layout\" class=\"search-layout\">\n\n    <form class=\"search-form\">\n\n        <div class=\"form-inner\">\n\n            <div class=\"component-input\">\n                <input id=\"field-search\" class=\"search-form__input field-search\" type=\"text\" name=\"search\" autocomplete=\"off\" value=\"\" placeholder=\"Recherche d&#039;\u00e9v\u00e9nements...\">\n                <ul class=\"autocomplete-results results\"><\/ul>\n                <span class=\"clear\"><i class=\"fas fa-times\"><\/i><\/span>\n            <\/div>\n\n            <button class=\"search-form__submit btn-submit\" type=\"submit\">\n                Recherche            <\/button>\n\n        <\/div>\n\n    <\/form>\n\n<\/div>\n\n\n\n\n\n\n\n\n\r\n<div id=\"filter-layout3-1\" class=\"filter-layout filter-layout3\tfilter-layout3-14390 filter-layout3-14390-1 \">\r\n\r\n\t\r\n\t\r\n    <div class=\"filter-entry\" data-terms=\"172,176,168,179,180,173,174,175,177,100,171,130,120,123,131,114,132,124,116,117,122,133,112,128,121,127,118,115,125,102,126,119,129,181,170,169,178\">\r\n\r\n\t\t<a class=\"btn-all\" aria-label=\"All\" role=\"button\" data-selected=\"all\" data-terms=\"172,176,168,179,180,173,174,175,177,100,171,130,120,123,131,114,132,124,116,117,122,133,112,128,121,127,118,115,125,102,126,119,129,181,170,169,178\">All<\/a><div class=\"dropdown-filter tax-mese\"><div class=\"menu-active\" style=\"\"><span class=\"original-tax-name\" data-original-tax-name=\"Mois\">Mois<\/span> <i class=\"arrow down\"><\/i><\/div><div class=\"menu-passive\"><i class=\"btn-close\">x<\/i><div class=\"menu-passive__item item-aout  \">\r\n\t\t\t\t\t\t\t  <div class=\"link-inner\"><a class=\"menu-link  multiple  \" style=\"\" \r\n                              aria-label=\"Ao\u00fbt\" role=\"link\" data-selected=\"aout\" data-termid=\"172\" data-name=\"Ao\u00fbt\">Ao\u00fbt <span class=\"count\">4<\/span><\/a><\/div><\/div><div class=\"menu-passive__item item-avril  \">\r\n\t\t\t\t\t\t\t  <div class=\"link-inner\"><a class=\"menu-link  multiple  \" style=\"\" \r\n                              aria-label=\"Avril\" role=\"link\" data-selected=\"avril\" data-termid=\"176\" data-name=\"Avril\">Avril <span class=\"count\">2<\/span><\/a><\/div><\/div><div class=\"menu-passive__item item-decembre  \">\r\n\t\t\t\t\t\t\t  <div class=\"link-inner\"><a class=\"menu-link  multiple  \" style=\"\" \r\n                              aria-label=\"D\u00e9cembre\" role=\"link\" data-selected=\"decembre\" data-termid=\"168\" data-name=\"D\u00e9cembre\">D\u00e9cembre <span class=\"count\">4<\/span><\/a><\/div><\/div><div class=\"menu-passive__item item-fevrier  \">\r\n\t\t\t\t\t\t\t  <div class=\"link-inner\"><a class=\"menu-link  multiple  \" style=\"\" \r\n                              aria-label=\"F\u00e9vrier\" role=\"link\" data-selected=\"fevrier\" data-termid=\"179\" data-name=\"F\u00e9vrier\">F\u00e9vrier <span class=\"count\">1<\/span><\/a><\/div><\/div><div class=\"menu-passive__item item-janvier  \">\r\n\t\t\t\t\t\t\t  <div class=\"link-inner\"><a class=\"menu-link  multiple  \" style=\"\" \r\n                              aria-label=\"Janvier\" role=\"link\" data-selected=\"janvier\" data-termid=\"180\" data-name=\"Janvier\">Janvier <span class=\"count\">5<\/span><\/a><\/div><\/div><div class=\"menu-passive__item item-juillet  \">\r\n\t\t\t\t\t\t\t  <div class=\"link-inner\"><a class=\"menu-link  multiple  \" style=\"\" \r\n                              aria-label=\"Juillet\" role=\"link\" data-selected=\"juillet\" data-termid=\"173\" data-name=\"Juillet\">Juillet <span class=\"count\">2<\/span><\/a><\/div><\/div><div class=\"menu-passive__item item-juin  \">\r\n\t\t\t\t\t\t\t  <div class=\"link-inner\"><a class=\"menu-link  multiple  \" style=\"\" \r\n                              aria-label=\"Juin\" role=\"link\" data-selected=\"juin\" data-termid=\"174\" data-name=\"Juin\">Juin <span class=\"count\">3<\/span><\/a><\/div><\/div><div class=\"menu-passive__item item-mai  \">\r\n\t\t\t\t\t\t\t  <div class=\"link-inner\"><a class=\"menu-link  multiple  \" style=\"\" \r\n                              aria-label=\"Mai\" role=\"link\" data-selected=\"mai\" data-termid=\"175\" data-name=\"Mai\">Mai <span class=\"count\">4<\/span><\/a><\/div><\/div><div class=\"menu-passive__item item-mars  \">\r\n\t\t\t\t\t\t\t  <div class=\"link-inner\"><a class=\"menu-link  multiple  \" style=\"\" \r\n                              aria-label=\"Mars\" role=\"link\" data-selected=\"mars\" data-termid=\"177\" data-name=\"Mars\">Mars <span class=\"count\">16<\/span><\/a><\/div><\/div><div class=\"menu-passive__item item-novembre  \">\r\n\t\t\t\t\t\t\t  <div class=\"link-inner\"><a class=\"menu-link  multiple  \" style=\"\" \r\n                              aria-label=\"Novembre\" role=\"link\" data-selected=\"novembre\" data-termid=\"100\" data-name=\"Novembre\">Novembre <span class=\"count\">2<\/span><\/a><\/div><\/div><div class=\"menu-passive__item item-septembre  \">\r\n\t\t\t\t\t\t\t  <div class=\"link-inner\"><a class=\"menu-link  multiple  \" style=\"\" \r\n                              aria-label=\"Septembre\" role=\"link\" data-selected=\"septembre\" data-termid=\"171\" data-name=\"Septembre\">Septembre <span class=\"count\">6<\/span><\/a><\/div><\/div><\/div><\/div><div class=\"dropdown-filter tax-paese\"><div class=\"menu-active\" style=\"\"><span class=\"original-tax-name\" data-original-tax-name=\"Pays\">Pays<\/span> <i class=\"arrow down\"><\/i><\/div><div class=\"menu-passive\"><i class=\"btn-close\">x<\/i><div class=\"menu-passive__item item-alessandria-della-rocca  \">\r\n\t\t\t\t\t\t\t  <div class=\"link-inner\"><a class=\"menu-link  multiple  \" style=\"\" \r\n                              aria-label=\"Alessandria della Rocca\" role=\"link\" data-selected=\"alessandria-della-rocca\" data-termid=\"130\" data-name=\"Alessandria della Rocca\">Alessandria della Rocca <span class=\"count\">3<\/span><\/a><\/div><\/div><div class=\"menu-passive__item item-aragona  \">\r\n\t\t\t\t\t\t\t  <div class=\"link-inner\"><a class=\"menu-link  multiple  \" style=\"\" \r\n                              aria-label=\"Aragona\" role=\"link\" data-selected=\"aragona\" data-termid=\"120\" data-name=\"Aragona\">Aragona <span class=\"count\">6<\/span><\/a><\/div><\/div><div class=\"menu-passive__item item-bisacquino  \">\r\n\t\t\t\t\t\t\t  <div class=\"link-inner\"><a class=\"menu-link  multiple  \" style=\"\" \r\n                              aria-label=\"Bisacquino\" role=\"link\" data-selected=\"bisacquino\" data-termid=\"123\" data-name=\"Bisacquino\">Bisacquino <span class=\"count\">6<\/span><\/a><\/div><\/div><div class=\"menu-passive__item item-bivona  \">\r\n\t\t\t\t\t\t\t  <div class=\"link-inner\"><a class=\"menu-link  multiple  \" style=\"\" \r\n                              aria-label=\"Bivona\" role=\"link\" data-selected=\"bivona\" data-termid=\"131\" data-name=\"Bivona\">Bivona <span class=\"count\">3<\/span><\/a><\/div><\/div><div class=\"menu-passive__item item-burgio  \">\r\n\t\t\t\t\t\t\t  <div class=\"link-inner\"><a class=\"menu-link  multiple  \" style=\"\" \r\n                              aria-label=\"Burgio\" role=\"link\" data-selected=\"burgio\" data-termid=\"114\" data-name=\"Burgio\">Burgio <span class=\"count\">9<\/span><\/a><\/div><\/div><div class=\"menu-passive__item item-cammarata  \">\r\n\t\t\t\t\t\t\t  <div class=\"link-inner\"><a class=\"menu-link  multiple  \" style=\"\" \r\n                              aria-label=\"Cammarata\" role=\"link\" data-selected=\"cammarata\" data-termid=\"132\" data-name=\"Cammarata\">Cammarata <span class=\"count\">3<\/span><\/a><\/div><\/div><div class=\"menu-passive__item item-casteltermini  \">\r\n\t\t\t\t\t\t\t  <div class=\"link-inner\"><a class=\"menu-link  multiple  \" style=\"\" \r\n                              aria-label=\"Casteltermini\" role=\"link\" data-selected=\"casteltermini\" data-termid=\"124\" data-name=\"Casteltermini\">Casteltermini <span class=\"count\">3<\/span><\/a><\/div><\/div><div class=\"menu-passive__item item-castronovo-di-sicilia  \">\r\n\t\t\t\t\t\t\t  <div class=\"link-inner\"><a class=\"menu-link  multiple  \" style=\"\" \r\n                              aria-label=\"Castronovo di Sicilia\" role=\"link\" data-selected=\"castronovo-di-sicilia\" data-termid=\"116\" data-name=\"Castronovo di Sicilia\">Castronovo di Sicilia <span class=\"count\">15<\/span><\/a><\/div><\/div><div class=\"menu-passive__item item-giuliana  \">\r\n\t\t\t\t\t\t\t  <div class=\"link-inner\"><a class=\"menu-link  multiple  \" style=\"\" \r\n                              aria-label=\"Giuliana\" role=\"link\" data-selected=\"giuliana\" data-termid=\"117\" data-name=\"Giuliana\">Giuliana <span class=\"count\">9<\/span><\/a><\/div><\/div><div class=\"menu-passive__item item-joppolo-giancaxio  \">\r\n\t\t\t\t\t\t\t  <div class=\"link-inner\"><a class=\"menu-link  multiple  \" style=\"\" \r\n                              aria-label=\"Joppolo Giancaxio\" role=\"link\" data-selected=\"joppolo-giancaxio\" data-termid=\"122\" data-name=\"Joppolo Giancaxio\">Joppolo Giancaxio <span class=\"count\">3<\/span><\/a><\/div><\/div><div class=\"menu-passive__item item-lucca-sicula  \">\r\n\t\t\t\t\t\t\t  <div class=\"link-inner\"><a class=\"menu-link  multiple  \" style=\"\" \r\n                              aria-label=\"Lucca Sicula\" role=\"link\" data-selected=\"lucca-sicula\" data-termid=\"133\" data-name=\"Lucca Sicula\">Lucca Sicula <span class=\"count\">3<\/span><\/a><\/div><\/div><div class=\"menu-passive__item item-palazzo-adriano  \">\r\n\t\t\t\t\t\t\t  <div class=\"link-inner\"><a class=\"menu-link  multiple  \" style=\"\" \r\n                              aria-label=\"Palazzo Adriano\" role=\"link\" data-selected=\"palazzo-adriano\" data-termid=\"112\" data-name=\"Palazzo Adriano\">Palazzo Adriano <span class=\"count\">27<\/span><\/a><\/div><\/div><div class=\"menu-passive__item item-porto-empedocle  \">\r\n\t\t\t\t\t\t\t  <div class=\"link-inner\"><a class=\"menu-link  multiple  \" style=\"\" \r\n                              aria-label=\"Porto Empedocle\" role=\"link\" data-selected=\"porto-empedocle\" data-termid=\"128\" data-name=\"Porto Empedocle\">Porto Empedocle <span class=\"count\">6<\/span><\/a><\/div><\/div><div class=\"menu-passive__item item-prizzi  \">\r\n\t\t\t\t\t\t\t  <div class=\"link-inner\"><a class=\"menu-link  multiple  \" style=\"\" \r\n                              aria-label=\"Prizzi\" role=\"link\" data-selected=\"prizzi\" data-termid=\"121\" data-name=\"Prizzi\">Prizzi <span class=\"count\">6<\/span><\/a><\/div><\/div><div class=\"menu-passive__item item-raffadali  \">\r\n\t\t\t\t\t\t\t  <div class=\"link-inner\"><a class=\"menu-link  multiple  \" style=\"\" \r\n                              aria-label=\"Raffadali\" role=\"link\" data-selected=\"raffadali\" data-termid=\"127\" data-name=\"Raffadali\">Raffadali <span class=\"count\">3<\/span><\/a><\/div><\/div><div class=\"menu-passive__item item-ribera  \">\r\n\t\t\t\t\t\t\t  <div class=\"link-inner\"><a class=\"menu-link  multiple  \" style=\"\" \r\n                              aria-label=\"Ribera\" role=\"link\" data-selected=\"ribera\" data-termid=\"118\" data-name=\"Ribera\">Ribera <span class=\"count\">3<\/span><\/a><\/div><\/div><div class=\"menu-passive__item item-san-biagio-platani  \">\r\n\t\t\t\t\t\t\t  <div class=\"link-inner\"><a class=\"menu-link  multiple  \" style=\"\" \r\n                              aria-label=\"San Biagio platani\" role=\"link\" data-selected=\"san-biagio-platani\" data-termid=\"115\" data-name=\"San Biagio platani\">San Biagio platani <span class=\"count\">9<\/span><\/a><\/div><\/div><div class=\"menu-passive__item item-san-giovanni-gemini  \">\r\n\t\t\t\t\t\t\t  <div class=\"link-inner\"><a class=\"menu-link  multiple  \" style=\"\" \r\n                              aria-label=\"San Giovanni Gemini\" role=\"link\" data-selected=\"san-giovanni-gemini\" data-termid=\"125\" data-name=\"San Giovanni Gemini\">San Giovanni Gemini <span class=\"count\">3<\/span><\/a><\/div><\/div><div class=\"menu-passive__item item-santangelo-muxaro  \">\r\n\t\t\t\t\t\t\t  <div class=\"link-inner\"><a class=\"menu-link  multiple  \" style=\"\" \r\n                              aria-label=\"Sant&#039;Angelo Muxaro\" role=\"link\" data-selected=\"santangelo-muxaro\" data-termid=\"102\" data-name=\"Sant&#039;Angelo Muxaro\">Sant&#039;Angelo Muxaro <span class=\"count\">9<\/span><\/a><\/div><\/div><div class=\"menu-passive__item item-santo-stefano-quisquina  \">\r\n\t\t\t\t\t\t\t  <div class=\"link-inner\"><a class=\"menu-link  multiple  \" style=\"\" \r\n                              aria-label=\"Santo Stefano Quisquina\" role=\"link\" data-selected=\"santo-stefano-quisquina\" data-termid=\"126\" data-name=\"Santo Stefano Quisquina\">Santo Stefano Quisquina <span class=\"count\">3<\/span><\/a><\/div><\/div><div class=\"menu-passive__item item-siculiana  \">\r\n\t\t\t\t\t\t\t  <div class=\"link-inner\"><a class=\"menu-link  multiple  \" style=\"\" \r\n                              aria-label=\"Siculiana\" role=\"link\" data-selected=\"siculiana\" data-termid=\"119\" data-name=\"Siculiana\">Siculiana <span class=\"count\">9<\/span><\/a><\/div><\/div><div class=\"menu-passive__item item-villafranca-sicula  \">\r\n\t\t\t\t\t\t\t  <div class=\"link-inner\"><a class=\"menu-link  multiple  \" style=\"\" \r\n                              aria-label=\"Villafranca Sicula\" role=\"link\" data-selected=\"villafranca-sicula\" data-termid=\"129\" data-name=\"Villafranca Sicula\">Villafranca Sicula <span class=\"count\">3<\/span><\/a><\/div><\/div><\/div><\/div><div class=\"dropdown-filter tax-tipologia\"><div class=\"menu-active\" style=\"\"><span class=\"original-tax-name\" data-original-tax-name=\"Les types\">Les types<\/span> <i class=\"arrow down\"><\/i><\/div><div class=\"menu-passive\"><i class=\"btn-close\">x<\/i><div class=\"menu-passive__item item-fetes-religieuses  \">\r\n\t\t\t\t\t\t\t  <div class=\"link-inner\"><a class=\"menu-link  multiple  \" style=\"\" \r\n                              aria-label=\"F\u00eates religieuses\" role=\"link\" data-selected=\"fetes-religieuses\" data-termid=\"169\" data-name=\"F\u00eates religieuses\">F\u00eates religieuses <span class=\"count\">37<\/span><\/a><\/div><\/div><div class=\"menu-passive__item item-paques  \">\r\n\t\t\t\t\t\t\t  <div class=\"link-inner\"><a class=\"menu-link  multiple  \" style=\"\" \r\n                              aria-label=\"P\u00e2ques\" role=\"link\" data-selected=\"paques\" data-termid=\"178\" data-name=\"P\u00e2ques\">P\u00e2ques <span class=\"count\">8<\/span><\/a><\/div><\/div><div class=\"menu-passive__item item-festivals  \">\r\n\t\t\t\t\t\t\t  <div class=\"link-inner\"><a class=\"menu-link  multiple  \" style=\"\" \r\n                              aria-label=\"festivals\" role=\"link\" data-selected=\"festivals\" data-termid=\"170\" data-name=\"festivals\">festivals <span class=\"count\">12<\/span><\/a><\/div><\/div><div class=\"menu-passive__item item-epiphanie  \">\r\n\t\t\t\t\t\t\t  <div class=\"link-inner\"><a class=\"menu-link  multiple  \" style=\"\" \r\n                              aria-label=\"\u00c9piphanie\" role=\"link\" data-selected=\"epiphanie\" data-termid=\"181\" data-name=\"\u00c9piphanie\">\u00c9piphanie <span class=\"count\">2<\/span><\/a><\/div><\/div><\/div><\/div>\r\n        <div class=\"selected-items\"><\/div>\r\n\r\n\t<\/div>\r\n\r\n    <div class=\"posts-found\"><\/div>\r\n\r\n    \r\n\t\r\n<\/div>\r\n\r\n\r\n<div class=\"container-posts container-post-layout1\"><div class=\"post-entry ymc-xs-col-1 ymc-sm-col-2 ymc-md-col-3 ymc-lg-col-4 ymc-xl-col-4 ymc-xxl-col-4 post-layout1 post-layout1-14390 post-layout1-14390-1\"><\/div><\/div><\/div><\/h4>\t\t\t\t\t\t<\/div>\n\t\t\t\t<\/div>\n\t\t\t\t\t<\/div>\n\t\t<\/div>\n\t\t\t\t\t<\/div>\n\t\t<\/section>\n\t\t\t\t<\/div>\n\t\t","protected":false},"excerpt":{"rendered":"<p>Ev\u00e9nements Une liste de municipalit\u00e9s avec leurs \u00e9v\u00e9nements<\/p>\n","protected":false},"author":2,"featured_media":0,"parent":0,"menu_order":0,"comment_status":"closed","ping_status":"closed","template":"elementor_header_footer","meta":{"_acf_changed":false,"_coblocks_attr":"","_coblocks_dimensions":"","_coblocks_responsive_height":"","_coblocks_accordion_ie_support":"","footnotes":""},"class_list":["post-12814","page","type-page","status-publish","hentry"],"acf":[],"yoast_head":"<!-- This site is optimized with the Yoast SEO plugin v26.7 - https:\/\/yoast.com\/wordpress\/plugins\/seo\/ -->\n<title>Ev\u00e9nements - SicaniVillages<\/title>\n<meta name=\"robots\" content=\"index, follow, max-snippet:-1, max-image-preview:large, max-video-preview:-1\" \/>\n<link rel=\"canonical\" href=\"https:\/\/sicanivillages.com\/fr\/evenements\/\" \/>\n<meta property=\"og:locale\" content=\"fr_FR\" \/>\n<meta property=\"og:type\" content=\"article\" \/>\n<meta property=\"og:title\" content=\"Ev\u00e9nements - SicaniVillages\" \/>\n<meta property=\"og:description\" content=\"Ev\u00e9nements Une liste de municipalit\u00e9s avec leurs \u00e9v\u00e9nements\" \/>\n<meta property=\"og:url\" content=\"https:\/\/sicanivillages.com\/fr\/evenements\/\" \/>\n<meta property=\"og:site_name\" content=\"SicaniVillages\" \/>\n<meta property=\"article:modified_time\" content=\"2025-02-17T16:47:49+00:00\" \/>\n<meta name=\"twitter:card\" content=\"summary_large_image\" \/>\n<meta name=\"twitter:label1\" content=\"Dur\u00e9e de lecture estim\u00e9e\" \/>\n\t<meta name=\"twitter:data1\" content=\"1 minute\" \/>\n<script type=\"application\/ld+json\" class=\"yoast-schema-graph\">{\"@context\":\"https:\/\/schema.org\",\"@graph\":[{\"@type\":\"WebPage\",\"@id\":\"https:\/\/sicanivillages.com\/fr\/evenements\/\",\"url\":\"https:\/\/sicanivillages.com\/fr\/evenements\/\",\"name\":\"Ev\u00e9nements - SicaniVillages\",\"isPartOf\":{\"@id\":\"https:\/\/sicanivillages.com\/#website\"},\"datePublished\":\"2023-09-30T20:57:35+00:00\",\"dateModified\":\"2025-02-17T16:47:49+00:00\",\"breadcrumb\":{\"@id\":\"https:\/\/sicanivillages.com\/fr\/evenements\/#breadcrumb\"},\"inLanguage\":\"fr-FR\",\"potentialAction\":[{\"@type\":\"ReadAction\",\"target\":[\"https:\/\/sicanivillages.com\/fr\/evenements\/\"]}]},{\"@type\":\"BreadcrumbList\",\"@id\":\"https:\/\/sicanivillages.com\/fr\/evenements\/#breadcrumb\",\"itemListElement\":[{\"@type\":\"ListItem\",\"position\":1,\"name\":\"Home\",\"item\":\"https:\/\/sicanivillages.com\/fr\/\"},{\"@type\":\"ListItem\",\"position\":2,\"name\":\"Ev\u00e9nements\"}]},{\"@type\":\"WebSite\",\"@id\":\"https:\/\/sicanivillages.com\/#website\",\"url\":\"https:\/\/sicanivillages.com\/\",\"name\":\"SicaniVillages\",\"description\":\"\",\"potentialAction\":[{\"@type\":\"SearchAction\",\"target\":{\"@type\":\"EntryPoint\",\"urlTemplate\":\"https:\/\/sicanivillages.com\/?s={search_term_string}\"},\"query-input\":{\"@type\":\"PropertyValueSpecification\",\"valueRequired\":true,\"valueName\":\"search_term_string\"}}],\"inLanguage\":\"fr-FR\"}]}<\/script>\n<!-- \/ Yoast SEO plugin. -->","yoast_head_json":{"title":"Ev\u00e9nements - SicaniVillages","robots":{"index":"index","follow":"follow","max-snippet":"max-snippet:-1","max-image-preview":"max-image-preview:large","max-video-preview":"max-video-preview:-1"},"canonical":"https:\/\/sicanivillages.com\/fr\/evenements\/","og_locale":"fr_FR","og_type":"article","og_title":"Ev\u00e9nements - SicaniVillages","og_description":"Ev\u00e9nements Une liste de municipalit\u00e9s avec leurs \u00e9v\u00e9nements","og_url":"https:\/\/sicanivillages.com\/fr\/evenements\/","og_site_name":"SicaniVillages","article_modified_time":"2025-02-17T16:47:49+00:00","twitter_card":"summary_large_image","twitter_misc":{"Dur\u00e9e de lecture estim\u00e9e":"1 minute"},"schema":{"@context":"https:\/\/schema.org","@graph":[{"@type":"WebPage","@id":"https:\/\/sicanivillages.com\/fr\/evenements\/","url":"https:\/\/sicanivillages.com\/fr\/evenements\/","name":"Ev\u00e9nements - SicaniVillages","isPartOf":{"@id":"https:\/\/sicanivillages.com\/#website"},"datePublished":"2023-09-30T20:57:35+00:00","dateModified":"2025-02-17T16:47:49+00:00","breadcrumb":{"@id":"https:\/\/sicanivillages.com\/fr\/evenements\/#breadcrumb"},"inLanguage":"fr-FR","potentialAction":[{"@type":"ReadAction","target":["https:\/\/sicanivillages.com\/fr\/evenements\/"]}]},{"@type":"BreadcrumbList","@id":"https:\/\/sicanivillages.com\/fr\/evenements\/#breadcrumb","itemListElement":[{"@type":"ListItem","position":1,"name":"Home","item":"https:\/\/sicanivillages.com\/fr\/"},{"@type":"ListItem","position":2,"name":"Ev\u00e9nements"}]},{"@type":"WebSite","@id":"https:\/\/sicanivillages.com\/#website","url":"https:\/\/sicanivillages.com\/","name":"SicaniVillages","description":"","potentialAction":[{"@type":"SearchAction","target":{"@type":"EntryPoint","urlTemplate":"https:\/\/sicanivillages.com\/?s={search_term_string}"},"query-input":{"@type":"PropertyValueSpecification","valueRequired":true,"valueName":"search_term_string"}}],"inLanguage":"fr-FR"}]}},"_links":{"self":[{"href":"https:\/\/sicanivillages.com\/fr\/wp-json\/wp\/v2\/pages\/12814","targetHints":{"allow":["GET"]}}],"collection":[{"href":"https:\/\/sicanivillages.com\/fr\/wp-json\/wp\/v2\/pages"}],"about":[{"href":"https:\/\/sicanivillages.com\/fr\/wp-json\/wp\/v2\/types\/page"}],"author":[{"embeddable":true,"href":"https:\/\/sicanivillages.com\/fr\/wp-json\/wp\/v2\/users\/2"}],"replies":[{"embeddable":true,"href":"https:\/\/sicanivillages.com\/fr\/wp-json\/wp\/v2\/comments?post=12814"}],"version-history":[{"count":4,"href":"https:\/\/sicanivillages.com\/fr\/wp-json\/wp\/v2\/pages\/12814\/revisions"}],"predecessor-version":[{"id":14393,"href":"https:\/\/sicanivillages.com\/fr\/wp-json\/wp\/v2\/pages\/12814\/revisions\/14393"}],"wp:attachment":[{"href":"https:\/\/sicanivillages.com\/fr\/wp-json\/wp\/v2\/media?parent=12814"}],"curies":[{"name":"wp","href":"https:\/\/api.w.org\/{rel}","templated":true}]}}