{"id":12808,"date":"2023-09-23T18:47:26","date_gmt":"2023-09-23T18:47:26","guid":{"rendered":"https:\/\/sicanivillages.com\/le-projet\/"},"modified":"2024-06-28T09:29:16","modified_gmt":"2024-06-28T09:29:16","slug":"le-projet","status":"publish","type":"page","link":"https:\/\/sicanivillages.com\/fr\/le-projet\/","title":{"rendered":"Le projet"},"content":{"rendered":"\t\t<div data-elementor-type=\"wp-page\" data-elementor-id=\"12808\" class=\"elementor elementor-12808 elementor-8160\">\n\t\t\t\t\t\t<section class=\"elementor-section elementor-top-section elementor-element elementor-element-0d00d59 elementor-section-full_width elementor-section-stretched elementor-section-height-default elementor-section-height-default\" data-id=\"0d00d59\" data-element_type=\"section\" data-settings=\"{&quot;stretch_section&quot;:&quot;section-stretched&quot;,&quot;background_background&quot;:&quot;classic&quot;}\" data-e-bg-lazyload=\"\">\n\t\t\t\t\t\t\t<div class=\"elementor-background-overlay\"><\/div>\n\t\t\t\t\t\t\t<div class=\"elementor-container elementor-column-gap-default\">\n\t\t\t\t\t<div class=\"elementor-column elementor-col-100 elementor-top-column elementor-element elementor-element-2548e9d\" data-id=\"2548e9d\" data-element_type=\"column\">\n\t\t\t<div class=\"elementor-widget-wrap elementor-element-populated\">\n\t\t\t\t\t\t<div class=\"elementor-element elementor-element-9bb354e elementor-invisible elementor-widget elementor-widget-heading\" data-id=\"9bb354e\" data-element_type=\"widget\" data-settings=\"{&quot;_animation&quot;:&quot;lightSpeedIn&quot;}\" data-widget_type=\"heading.default\">\n\t\t\t\t<div class=\"elementor-widget-container\">\n\t\t\t<style>\/*! elementor - v3.19.0 - 07-02-2024 *\/\n.elementor-heading-title{padding:0;margin:0;line-height:1}.elementor-widget-heading .elementor-heading-title[class*=elementor-size-]>a{color:inherit;font-size:inherit;line-height:inherit}.elementor-widget-heading .elementor-heading-title.elementor-size-small{font-size:15px}.elementor-widget-heading .elementor-heading-title.elementor-size-medium{font-size:19px}.elementor-widget-heading .elementor-heading-title.elementor-size-large{font-size:29px}.elementor-widget-heading .elementor-heading-title.elementor-size-xl{font-size:39px}.elementor-widget-heading .elementor-heading-title.elementor-size-xxl{font-size:59px}<\/style><h2 class=\"elementor-heading-title elementor-size-default\">Le projet<\/h2>\t\t<\/div>\n\t\t\t\t<\/div>\n\t\t\t\t<div class=\"elementor-element elementor-element-af90c61 elementor-invisible elementor-widget elementor-widget-text-editor\" data-id=\"af90c61\" data-element_type=\"widget\" data-settings=\"{&quot;_animation&quot;:&quot;bounceInLeft&quot;}\" data-widget_type=\"text-editor.default\">\n\t\t\t\t<div class=\"elementor-widget-container\">\n\t\t\t<style>\/*! elementor - v3.19.0 - 07-02-2024 *\/\n.elementor-widget-text-editor.elementor-drop-cap-view-stacked .elementor-drop-cap{background-color:#69727d;color:#fff}.elementor-widget-text-editor.elementor-drop-cap-view-framed .elementor-drop-cap{color:#69727d;border:3px solid;background-color:transparent}.elementor-widget-text-editor:not(.elementor-drop-cap-view-default) .elementor-drop-cap{margin-top:8px}.elementor-widget-text-editor:not(.elementor-drop-cap-view-default) .elementor-drop-cap-letter{width:1em;height:1em}.elementor-widget-text-editor .elementor-drop-cap{float:left;text-align:center;line-height:1;font-size:50px}.elementor-widget-text-editor .elementor-drop-cap-letter{display:inline-block}<\/style>\t\t\t\t<p>EXP\u00c9RIMENTAL ET RELATIONNEL : C&rsquo;EST AINSI QUE L&rsquo;ON FAIT DU TOURISME DANS LES SICANES<\/p>\n\t\t\t\t\t\t<\/div>\n\t\t\t\t<\/div>\n\t\t\t\t\t<\/div>\n\t\t<\/div>\n\t\t\t\t\t<\/div>\n\t\t<\/section>\n\t\t\t\t<section class=\"elementor-section elementor-top-section elementor-element elementor-element-565e6c4 elementor-section-boxed elementor-section-height-default elementor-section-height-default\" data-id=\"565e6c4\" data-element_type=\"section\">\n\t\t\t\t\t\t<div class=\"elementor-container elementor-column-gap-default\">\n\t\t\t\t\t<div class=\"elementor-column elementor-col-100 elementor-top-column elementor-element elementor-element-7d7638c\" data-id=\"7d7638c\" data-element_type=\"column\">\n\t\t\t<div class=\"elementor-widget-wrap elementor-element-populated\">\n\t\t\t\t\t\t<div class=\"elementor-element elementor-element-d96dc50 elementor-widget elementor-widget-tripgo_elementor_heading\" data-id=\"d96dc50\" data-element_type=\"widget\" data-widget_type=\"tripgo_elementor_heading.default\">\n\t\t\t\t<div class=\"elementor-widget-container\">\n\t\t\t\t\t<div class=\"ova-title\">\n\n\t\t\t\n\t\t\t\t\t\t\t\n\t\t\t\t\t<h2 class=\"title\">Le projet<\/h2>\n\t\t\t\t\t\t\t\n\t\t\t\t\t\t\t<p class=\"description\"> Le projet vise \u00e0 promouvoir le tourisme durable, en valorisant le patrimoine artistique et culturel, l&#039;artisanat et le secteur agroalimentaire de la Terre Sicane.  <\/p>\n\t\t\t\n\t\t<\/div> \n\t\t \t\n\t\t\t\t<\/div>\n\t\t\t\t<\/div>\n\t\t\t\t<div class=\"elementor-element elementor-element-4cab3c7 elementor-invisible elementor-widget elementor-widget-image\" data-id=\"4cab3c7\" data-element_type=\"widget\" data-settings=\"{&quot;_animation&quot;:&quot;fadeInDown&quot;,&quot;_animation_delay&quot;:100}\" data-widget_type=\"image.default\">\n\t\t\t\t<div class=\"elementor-widget-container\">\n\t\t\t<style>\/*! elementor - v3.19.0 - 07-02-2024 *\/\n.elementor-widget-image{text-align:center}.elementor-widget-image a{display:inline-block}.elementor-widget-image a img[src$=\".svg\"]{width:48px}.elementor-widget-image img{vertical-align:middle;display:inline-block}<\/style>\t\t\t\t\t\t\t\t\t\t<img width=\"300\" height=\"83\" src=\"https:\/\/sicanivillages.com\/wp-content\/uploads\/2022\/07\/sicani-villages-logo-nopayoff-300x83.png\" class=\"attachment-medium size-medium wp-image-7239\" alt=\"\" srcset=\"https:\/\/sicanivillages.com\/wp-content\/uploads\/2022\/07\/sicani-villages-logo-nopayoff-300x83.png 300w, https:\/\/sicanivillages.com\/wp-content\/uploads\/2022\/07\/sicani-villages-logo-nopayoff-600x166.png 600w, https:\/\/sicanivillages.com\/wp-content\/uploads\/2022\/07\/sicani-villages-logo-nopayoff-1024x283.png 1024w, https:\/\/sicanivillages.com\/wp-content\/uploads\/2022\/07\/sicani-villages-logo-nopayoff-768x212.png 768w, https:\/\/sicanivillages.com\/wp-content\/uploads\/2022\/07\/sicani-villages-logo-nopayoff-1536x424.png 1536w, https:\/\/sicanivillages.com\/wp-content\/uploads\/2022\/07\/sicani-villages-logo-nopayoff.png 1864w\" sizes=\"(max-width: 300px) 100vw, 300px\" \/>\t\t\t\t\t\t\t\t\t\t\t\t\t<\/div>\n\t\t\t\t<\/div>\n\t\t\t\t<div class=\"elementor-element elementor-element-2d61922 elementor-widget elementor-widget-text-editor\" data-id=\"2d61922\" data-element_type=\"widget\" data-widget_type=\"text-editor.default\">\n\t\t\t\t<div class=\"elementor-widget-container\">\n\t\t\t\t\t\t\t<p>L&rsquo;<strong>objectif<\/strong> est de cr\u00e9er un r\u00e9seau de coop\u00e9ration r\u00e9elle entre les micro-entreprises, les associations et les op\u00e9rateurs des secteurs du tourisme, de la production et du patrimoine culturel afin de d\u00e9velopper une offre de tourisme relationnel-exp\u00e9rientiel de qualit\u00e9 gr\u00e2ce au partage de strat\u00e9gies de promotion et de marketing et de processus de travail communs.<\/p>\n<p>L&rsquo;objectif est de promouvoir la <strong>Terre Sicane<\/strong> au niveau r\u00e9gional, national et international, tant du point de vue touristique et culturel que du point de vue de la production locale, en encourageant les entreprises \u00e0 cr\u00e9er des synergies, des interventions en r\u00e9seau, des \u00e9changes de comp\u00e9tences et des interactions intersectorielles.<\/p>\n\t\t\t\t\t\t<\/div>\n\t\t\t\t<\/div>\n\t\t\t\t<section class=\"elementor-section elementor-inner-section elementor-element elementor-element-fd94450 elementor-section-boxed elementor-section-height-default elementor-section-height-default\" data-id=\"fd94450\" data-element_type=\"section\">\n\t\t\t\t\t\t<div class=\"elementor-container elementor-column-gap-default\">\n\t\t\t\t\t<div class=\"elementor-column elementor-col-50 elementor-inner-column elementor-element elementor-element-88237d4\" data-id=\"88237d4\" data-element_type=\"column\">\n\t\t\t<div class=\"elementor-widget-wrap elementor-element-populated\">\n\t\t\t\t\t\t<div class=\"elementor-element elementor-element-261fc12 elementor-widget elementor-widget-text-editor\" data-id=\"261fc12\" data-element_type=\"widget\" data-widget_type=\"text-editor.default\">\n\t\t\t\t<div class=\"elementor-widget-container\">\n\t\t\t\t\t\t\t<p><strong>AVIS N\u00b0 1\/2022 pour l&rsquo;attribution d&rsquo;un march\u00e9<\/strong><\/p>\n<p>La soci\u00e9t\u00e9 Pure Sicily s.r.l., chef de file du Rete dei Borghi Sicani, dans le cadre du projet \u00ab\u00a0Turismo Esperienziale dei Sicani\u00a0\u00bb financ\u00e9 par l&rsquo;appel \u00e0 l&rsquo;action 2.2.1. du Sicani PAL, a l&rsquo;intention de se pr\u00e9valoir de la collaboration d&rsquo;un expert hautement professionnel pour mener \u00e0 bien l&rsquo;activit\u00e9 de soutien \u00e0 la coordination li\u00e9e \u00e0 la mise en \u0153uvre du projet susmentionn\u00e9.<\/p>\n<p>Date limite de d\u00e9p\u00f4t des candidatures 29\/10\/2022<\/p>\n\t\t\t\t\t\t<\/div>\n\t\t\t\t<\/div>\n\t\t\t\t<div class=\"elementor-element elementor-element-9adea7e elementor-align-center elementor-widget elementor-widget-button\" data-id=\"9adea7e\" data-element_type=\"widget\" data-widget_type=\"button.default\">\n\t\t\t\t<div class=\"elementor-widget-container\">\n\t\t\t\t\t<div class=\"elementor-button-wrapper\">\n\t\t\t<a class=\"elementor-button elementor-button-link elementor-size-md\" href=\"https:\/\/sicanivillages.com\/wp-content\/uploads\/2024\/02\/Avviso-pubblico-N1-incarico-SUPPORTO-AL-COORDINAMENTO.pdf\" target=\"_blank\">\n\t\t\t\t\t\t<span class=\"elementor-button-content-wrapper\">\n\t\t\t\t\t\t<span class=\"elementor-button-icon elementor-align-icon-left\">\n\t\t\t\t<i aria-hidden=\"true\" class=\"far fa-file-pdf\"><\/i>\t\t\t<\/span>\n\t\t\t\t\t\t<span class=\"elementor-button-text\">TELECHARGER LE PDF<\/span>\n\t\t<\/span>\n\t\t\t\t\t<\/a>\n\t\t<\/div>\n\t\t\t\t<\/div>\n\t\t\t\t<\/div>\n\t\t\t\t\t<\/div>\n\t\t<\/div>\n\t\t\t\t<div class=\"elementor-column elementor-col-50 elementor-inner-column elementor-element elementor-element-27357c7\" data-id=\"27357c7\" data-element_type=\"column\">\n\t\t\t<div class=\"elementor-widget-wrap elementor-element-populated\">\n\t\t\t\t\t\t<div class=\"elementor-element elementor-element-f630c8a elementor-widget elementor-widget-text-editor\" data-id=\"f630c8a\" data-element_type=\"widget\" data-widget_type=\"text-editor.default\">\n\t\t\t\t<div class=\"elementor-widget-container\">\n\t\t\t\t\t\t\t<p><strong>AVIS N\u00b0 2\/2022 pour l&rsquo;attribution d&rsquo;un march\u00e9<\/strong><\/p>\n<p>La soci\u00e9t\u00e9 Pure Sicily s.r.l., chef de file du Rete dei Borghi Sicani, dans le cadre du projet \u00ab\u00a0Turismo Esperienziale dei Sicani\u00a0\u00bb financ\u00e9 par l&rsquo;appel \u00e0 l&rsquo;action 2.2.1. du PAL Sicani, entend s&rsquo;adjoindre la collaboration d&rsquo;un expert hautement professionnel pour mener \u00e0 bien l&rsquo;activit\u00e9 d&rsquo;animation territoriale li\u00e9e \u00e0 la mise en \u0153uvre du projet susmentionn\u00e9.<\/p>\n<p>Date limite de d\u00e9p\u00f4t des candidatures 29\/10\/2022<\/p>\n\t\t\t\t\t\t<\/div>\n\t\t\t\t<\/div>\n\t\t\t\t<div class=\"elementor-element elementor-element-ad083db elementor-align-center elementor-widget elementor-widget-button\" data-id=\"ad083db\" data-element_type=\"widget\" data-widget_type=\"button.default\">\n\t\t\t\t<div class=\"elementor-widget-container\">\n\t\t\t\t\t<div class=\"elementor-button-wrapper\">\n\t\t\t<a class=\"elementor-button elementor-button-link elementor-size-md\" href=\"https:\/\/sicanivillages.com\/wp-content\/uploads\/2024\/02\/Avviso-pubblico-N2-incarico-ANIMAZIONE-TERRITORIALE.pdf\" target=\"_blank\">\n\t\t\t\t\t\t<span class=\"elementor-button-content-wrapper\">\n\t\t\t\t\t\t<span class=\"elementor-button-icon elementor-align-icon-left\">\n\t\t\t\t<i aria-hidden=\"true\" class=\"far fa-file-pdf\"><\/i>\t\t\t<\/span>\n\t\t\t\t\t\t<span class=\"elementor-button-text\">TELECHARGER LE PDF<\/span>\n\t\t<\/span>\n\t\t\t\t\t<\/a>\n\t\t<\/div>\n\t\t\t\t<\/div>\n\t\t\t\t<\/div>\n\t\t\t\t\t<\/div>\n\t\t<\/div>\n\t\t\t\t\t<\/div>\n\t\t<\/section>\n\t\t\t\t<div class=\"elementor-element elementor-element-4844890 elementor-widget elementor-widget-image\" data-id=\"4844890\" data-element_type=\"widget\" data-widget_type=\"image.default\">\n\t\t\t\t<div class=\"elementor-widget-container\">\n\t\t\t\t\t\t\t\t\t\t\t\t\t<img fetchpriority=\"high\" width=\"768\" height=\"97\" src=\"https:\/\/sicanivillages.com\/wp-content\/uploads\/2023\/10\/Loghi-istituzionali-aggiornati-768x97.png\" class=\"attachment-medium_large size-medium_large wp-image-9363\" alt=\"\" srcset=\"https:\/\/sicanivillages.com\/wp-content\/uploads\/2023\/10\/Loghi-istituzionali-aggiornati-768x97.png 768w, https:\/\/sicanivillages.com\/wp-content\/uploads\/2023\/10\/Loghi-istituzionali-aggiornati-300x38.png 300w, https:\/\/sicanivillages.com\/wp-content\/uploads\/2023\/10\/Loghi-istituzionali-aggiornati-1024x129.png 1024w, https:\/\/sicanivillages.com\/wp-content\/uploads\/2023\/10\/Loghi-istituzionali-aggiornati-600x76.png 600w, https:\/\/sicanivillages.com\/wp-content\/uploads\/2023\/10\/elementor\/thumbs\/Loghi-istituzionali-aggiornati-qdd1lm62u4xnlh5cpvwjxg5ppaexzsjhg0axorwejy.png 850w, https:\/\/sicanivillages.com\/wp-content\/uploads\/2023\/10\/elementor\/thumbs\/Loghi-istituzionali-aggiornati-qdd1lm5z6klukpa0z817mi2k033pgt750w6xd91458.png 550w, https:\/\/sicanivillages.com\/wp-content\/uploads\/2023\/10\/Loghi-istituzionali-aggiornati.png 1440w\" sizes=\"(max-width: 768px) 100vw, 768px\" \/>\t\t\t\t\t\t\t\t\t\t\t\t\t<\/div>\n\t\t\t\t<\/div>\n\t\t\t\t\t<\/div>\n\t\t<\/div>\n\t\t\t\t\t<\/div>\n\t\t<\/section>\n\t\t\t\t<section class=\"elementor-section elementor-top-section elementor-element elementor-element-3fa38c5 elementor-section-boxed elementor-section-height-default elementor-section-height-default\" data-id=\"3fa38c5\" data-element_type=\"section\">\n\t\t\t\t\t\t<div class=\"elementor-container elementor-column-gap-default\">\n\t\t\t\t\t<div class=\"elementor-column elementor-col-33 elementor-top-column elementor-element elementor-element-79db866\" data-id=\"79db866\" data-element_type=\"column\">\n\t\t\t<div class=\"elementor-widget-wrap\">\n\t\t\t\t\t\t\t<\/div>\n\t\t<\/div>\n\t\t\t\t<div class=\"elementor-column elementor-col-33 elementor-top-column elementor-element elementor-element-9f13066 elementor-invisible\" data-id=\"9f13066\" data-element_type=\"column\" data-settings=\"{&quot;animation&quot;:&quot;fadeInRight&quot;,&quot;animation_delay&quot;:100}\">\n\t\t\t<div class=\"elementor-widget-wrap elementor-element-populated\">\n\t\t\t\t\t\t<div class=\"elementor-element elementor-element-e0c923c elementor-widget elementor-widget-text-editor\" data-id=\"e0c923c\" data-element_type=\"widget\" data-widget_type=\"text-editor.default\">\n\t\t\t\t<div class=\"elementor-widget-container\">\n\t\t\t\t\t\t\t<p><strong>Rete dei Borghi Sicani<\/strong><br \/>Progetto \u201cTurismo Rurale Esperienziale dei Sicani\u201d<br \/>PSR Sicilia 2014-2022 \u2013 Sottomisura 19.2<br \/>GAL Sicani \u2013 Azione 2.2.1 \u201cCreazione di reti e messa a sistema delle strutture di ospitalit\u00e0 diffusa extra alberghiera in area rurale C e D\u201d<br \/><strong>CUP D68J22000090009<\/strong><\/p><p>\u00a0<\/p>\t\t\t\t\t\t<\/div>\n\t\t\t\t<\/div>\n\t\t\t\t\t<\/div>\n\t\t<\/div>\n\t\t\t\t<div class=\"elementor-column elementor-col-33 elementor-top-column elementor-element elementor-element-81cf484\" data-id=\"81cf484\" data-element_type=\"column\">\n\t\t\t<div class=\"elementor-widget-wrap\">\n\t\t\t\t\t\t\t<\/div>\n\t\t<\/div>\n\t\t\t\t\t<\/div>\n\t\t<\/section>\n\t\t\t\t<\/div>\n\t\t","protected":false},"excerpt":{"rendered":"<p>Le projet EXP\u00c9RIMENTAL ET RELATIONNEL : C&rsquo;EST AINSI QUE L&rsquo;ON FAIT DU TOURISME DANS LES SICANES Le projet Le projet vise \u00e0 promouvoir le tourisme durable, en valorisant le patrimoine artistique et culturel, l&#039;artisanat et le secteur agroalimentaire de la Terre Sicane. L&rsquo;objectif est de cr\u00e9er un r\u00e9seau de coop\u00e9ration r\u00e9elle entre les micro-entreprises, les [&hellip;]<\/p>\n","protected":false},"author":2,"featured_media":0,"parent":0,"menu_order":0,"comment_status":"closed","ping_status":"closed","template":"elementor_header_footer","meta":{"_acf_changed":false,"_coblocks_attr":"","_coblocks_dimensions":"","_coblocks_responsive_height":"","_coblocks_accordion_ie_support":"","footnotes":""},"class_list":["post-12808","page","type-page","status-publish","hentry"],"acf":[],"yoast_head":"<!-- This site is optimized with the Yoast SEO plugin v26.7 - https:\/\/yoast.com\/wordpress\/plugins\/seo\/ -->\n<title>Le projet - SicaniVillages<\/title>\n<meta name=\"robots\" content=\"index, follow, max-snippet:-1, max-image-preview:large, max-video-preview:-1\" \/>\n<link rel=\"canonical\" href=\"https:\/\/sicanivillages.com\/fr\/le-projet\/\" \/>\n<meta property=\"og:locale\" content=\"fr_FR\" \/>\n<meta property=\"og:type\" content=\"article\" \/>\n<meta property=\"og:title\" content=\"Le projet - SicaniVillages\" \/>\n<meta property=\"og:description\" content=\"Le projet EXP\u00c9RIMENTAL ET RELATIONNEL : C&rsquo;EST AINSI QUE L&rsquo;ON FAIT DU TOURISME DANS LES SICANES Le projet Le projet vise \u00e0 promouvoir le tourisme durable, en valorisant le patrimoine artistique et culturel, l&#039;artisanat et le secteur agroalimentaire de la Terre Sicane. L&rsquo;objectif est de cr\u00e9er un r\u00e9seau de coop\u00e9ration r\u00e9elle entre les micro-entreprises, les [&hellip;]\" \/>\n<meta property=\"og:url\" content=\"https:\/\/sicanivillages.com\/fr\/le-projet\/\" \/>\n<meta property=\"og:site_name\" content=\"SicaniVillages\" \/>\n<meta property=\"article:modified_time\" content=\"2024-06-28T09:29:16+00:00\" \/>\n<meta property=\"og:image\" content=\"https:\/\/sicanivillages.com\/wp-content\/uploads\/2022\/07\/sicani-villages-logo-nopayoff-300x83.png\" \/>\n<meta name=\"twitter:card\" content=\"summary_large_image\" \/>\n<meta name=\"twitter:label1\" content=\"Dur\u00e9e de lecture estim\u00e9e\" \/>\n\t<meta name=\"twitter:data1\" content=\"3 minutes\" \/>\n<script type=\"application\/ld+json\" class=\"yoast-schema-graph\">{\"@context\":\"https:\/\/schema.org\",\"@graph\":[{\"@type\":\"WebPage\",\"@id\":\"https:\/\/sicanivillages.com\/fr\/le-projet\/\",\"url\":\"https:\/\/sicanivillages.com\/fr\/le-projet\/\",\"name\":\"Le projet - SicaniVillages\",\"isPartOf\":{\"@id\":\"https:\/\/sicanivillages.com\/#website\"},\"primaryImageOfPage\":{\"@id\":\"https:\/\/sicanivillages.com\/fr\/le-projet\/#primaryimage\"},\"image\":{\"@id\":\"https:\/\/sicanivillages.com\/fr\/le-projet\/#primaryimage\"},\"thumbnailUrl\":\"https:\/\/sicanivillages.com\/wp-content\/uploads\/2022\/07\/sicani-villages-logo-nopayoff-300x83.png\",\"datePublished\":\"2023-09-23T18:47:26+00:00\",\"dateModified\":\"2024-06-28T09:29:16+00:00\",\"breadcrumb\":{\"@id\":\"https:\/\/sicanivillages.com\/fr\/le-projet\/#breadcrumb\"},\"inLanguage\":\"fr-FR\",\"potentialAction\":[{\"@type\":\"ReadAction\",\"target\":[\"https:\/\/sicanivillages.com\/fr\/le-projet\/\"]}]},{\"@type\":\"ImageObject\",\"inLanguage\":\"fr-FR\",\"@id\":\"https:\/\/sicanivillages.com\/fr\/le-projet\/#primaryimage\",\"url\":\"https:\/\/sicanivillages.com\/wp-content\/uploads\/2022\/07\/sicani-villages-logo-nopayoff-300x83.png\",\"contentUrl\":\"https:\/\/sicanivillages.com\/wp-content\/uploads\/2022\/07\/sicani-villages-logo-nopayoff-300x83.png\"},{\"@type\":\"BreadcrumbList\",\"@id\":\"https:\/\/sicanivillages.com\/fr\/le-projet\/#breadcrumb\",\"itemListElement\":[{\"@type\":\"ListItem\",\"position\":1,\"name\":\"Home\",\"item\":\"https:\/\/sicanivillages.com\/fr\/\"},{\"@type\":\"ListItem\",\"position\":2,\"name\":\"Le projet\"}]},{\"@type\":\"WebSite\",\"@id\":\"https:\/\/sicanivillages.com\/#website\",\"url\":\"https:\/\/sicanivillages.com\/\",\"name\":\"SicaniVillages\",\"description\":\"\",\"potentialAction\":[{\"@type\":\"SearchAction\",\"target\":{\"@type\":\"EntryPoint\",\"urlTemplate\":\"https:\/\/sicanivillages.com\/?s={search_term_string}\"},\"query-input\":{\"@type\":\"PropertyValueSpecification\",\"valueRequired\":true,\"valueName\":\"search_term_string\"}}],\"inLanguage\":\"fr-FR\"}]}<\/script>\n<!-- \/ Yoast SEO plugin. -->","yoast_head_json":{"title":"Le projet - SicaniVillages","robots":{"index":"index","follow":"follow","max-snippet":"max-snippet:-1","max-image-preview":"max-image-preview:large","max-video-preview":"max-video-preview:-1"},"canonical":"https:\/\/sicanivillages.com\/fr\/le-projet\/","og_locale":"fr_FR","og_type":"article","og_title":"Le projet - SicaniVillages","og_description":"Le projet EXP\u00c9RIMENTAL ET RELATIONNEL : C&rsquo;EST AINSI QUE L&rsquo;ON FAIT DU TOURISME DANS LES SICANES Le projet Le projet vise \u00e0 promouvoir le tourisme durable, en valorisant le patrimoine artistique et culturel, l&#039;artisanat et le secteur agroalimentaire de la Terre Sicane. L&rsquo;objectif est de cr\u00e9er un r\u00e9seau de coop\u00e9ration r\u00e9elle entre les micro-entreprises, les [&hellip;]","og_url":"https:\/\/sicanivillages.com\/fr\/le-projet\/","og_site_name":"SicaniVillages","article_modified_time":"2024-06-28T09:29:16+00:00","og_image":[{"url":"https:\/\/sicanivillages.com\/wp-content\/uploads\/2022\/07\/sicani-villages-logo-nopayoff-300x83.png","type":"","width":"","height":""}],"twitter_card":"summary_large_image","twitter_misc":{"Dur\u00e9e de lecture estim\u00e9e":"3 minutes"},"schema":{"@context":"https:\/\/schema.org","@graph":[{"@type":"WebPage","@id":"https:\/\/sicanivillages.com\/fr\/le-projet\/","url":"https:\/\/sicanivillages.com\/fr\/le-projet\/","name":"Le projet - SicaniVillages","isPartOf":{"@id":"https:\/\/sicanivillages.com\/#website"},"primaryImageOfPage":{"@id":"https:\/\/sicanivillages.com\/fr\/le-projet\/#primaryimage"},"image":{"@id":"https:\/\/sicanivillages.com\/fr\/le-projet\/#primaryimage"},"thumbnailUrl":"https:\/\/sicanivillages.com\/wp-content\/uploads\/2022\/07\/sicani-villages-logo-nopayoff-300x83.png","datePublished":"2023-09-23T18:47:26+00:00","dateModified":"2024-06-28T09:29:16+00:00","breadcrumb":{"@id":"https:\/\/sicanivillages.com\/fr\/le-projet\/#breadcrumb"},"inLanguage":"fr-FR","potentialAction":[{"@type":"ReadAction","target":["https:\/\/sicanivillages.com\/fr\/le-projet\/"]}]},{"@type":"ImageObject","inLanguage":"fr-FR","@id":"https:\/\/sicanivillages.com\/fr\/le-projet\/#primaryimage","url":"https:\/\/sicanivillages.com\/wp-content\/uploads\/2022\/07\/sicani-villages-logo-nopayoff-300x83.png","contentUrl":"https:\/\/sicanivillages.com\/wp-content\/uploads\/2022\/07\/sicani-villages-logo-nopayoff-300x83.png"},{"@type":"BreadcrumbList","@id":"https:\/\/sicanivillages.com\/fr\/le-projet\/#breadcrumb","itemListElement":[{"@type":"ListItem","position":1,"name":"Home","item":"https:\/\/sicanivillages.com\/fr\/"},{"@type":"ListItem","position":2,"name":"Le projet"}]},{"@type":"WebSite","@id":"https:\/\/sicanivillages.com\/#website","url":"https:\/\/sicanivillages.com\/","name":"SicaniVillages","description":"","potentialAction":[{"@type":"SearchAction","target":{"@type":"EntryPoint","urlTemplate":"https:\/\/sicanivillages.com\/?s={search_term_string}"},"query-input":{"@type":"PropertyValueSpecification","valueRequired":true,"valueName":"search_term_string"}}],"inLanguage":"fr-FR"}]}},"_links":{"self":[{"href":"https:\/\/sicanivillages.com\/fr\/wp-json\/wp\/v2\/pages\/12808","targetHints":{"allow":["GET"]}}],"collection":[{"href":"https:\/\/sicanivillages.com\/fr\/wp-json\/wp\/v2\/pages"}],"about":[{"href":"https:\/\/sicanivillages.com\/fr\/wp-json\/wp\/v2\/types\/page"}],"author":[{"embeddable":true,"href":"https:\/\/sicanivillages.com\/fr\/wp-json\/wp\/v2\/users\/2"}],"replies":[{"embeddable":true,"href":"https:\/\/sicanivillages.com\/fr\/wp-json\/wp\/v2\/comments?post=12808"}],"version-history":[{"count":4,"href":"https:\/\/sicanivillages.com\/fr\/wp-json\/wp\/v2\/pages\/12808\/revisions"}],"predecessor-version":[{"id":13824,"href":"https:\/\/sicanivillages.com\/fr\/wp-json\/wp\/v2\/pages\/12808\/revisions\/13824"}],"wp:attachment":[{"href":"https:\/\/sicanivillages.com\/fr\/wp-json\/wp\/v2\/media?parent=12808"}],"curies":[{"name":"wp","href":"https:\/\/api.w.org\/{rel}","templated":true}]}}