{"id":12802,"date":"2023-09-23T18:26:00","date_gmt":"2023-09-23T18:26:00","guid":{"rendered":"https:\/\/sicanivillages.com\/le-reseau\/"},"modified":"2024-06-28T09:27:55","modified_gmt":"2024-06-28T09:27:55","slug":"le-reseau","status":"publish","type":"page","link":"https:\/\/sicanivillages.com\/fr\/le-reseau\/","title":{"rendered":"Le r\u00e9seau"},"content":{"rendered":"\t\t<div data-elementor-type=\"wp-page\" data-elementor-id=\"12802\" class=\"elementor elementor-12802 elementor-8105\">\n\t\t\t\t\t\t<section class=\"elementor-section elementor-top-section elementor-element elementor-element-0d00d59 elementor-section-full_width elementor-section-stretched elementor-section-height-default elementor-section-height-default\" data-id=\"0d00d59\" data-element_type=\"section\" data-settings=\"{&quot;stretch_section&quot;:&quot;section-stretched&quot;,&quot;background_background&quot;:&quot;classic&quot;}\" data-e-bg-lazyload=\"\">\n\t\t\t\t\t\t\t<div class=\"elementor-background-overlay\"><\/div>\n\t\t\t\t\t\t\t<div class=\"elementor-container elementor-column-gap-default\">\n\t\t\t\t\t<div class=\"elementor-column elementor-col-100 elementor-top-column elementor-element elementor-element-2548e9d\" data-id=\"2548e9d\" data-element_type=\"column\">\n\t\t\t<div class=\"elementor-widget-wrap elementor-element-populated\">\n\t\t\t\t\t\t<div class=\"elementor-element elementor-element-9bb354e elementor-invisible elementor-widget elementor-widget-heading\" data-id=\"9bb354e\" data-element_type=\"widget\" data-settings=\"{&quot;_animation&quot;:&quot;lightSpeedIn&quot;}\" data-widget_type=\"heading.default\">\n\t\t\t\t<div class=\"elementor-widget-container\">\n\t\t\t<style>\/*! elementor - v3.19.0 - 07-02-2024 *\/\n.elementor-heading-title{padding:0;margin:0;line-height:1}.elementor-widget-heading .elementor-heading-title[class*=elementor-size-]>a{color:inherit;font-size:inherit;line-height:inherit}.elementor-widget-heading .elementor-heading-title.elementor-size-small{font-size:15px}.elementor-widget-heading .elementor-heading-title.elementor-size-medium{font-size:19px}.elementor-widget-heading .elementor-heading-title.elementor-size-large{font-size:29px}.elementor-widget-heading .elementor-heading-title.elementor-size-xl{font-size:39px}.elementor-widget-heading .elementor-heading-title.elementor-size-xxl{font-size:59px}<\/style><h2 class=\"elementor-heading-title elementor-size-default\">Le r\u00e9seau<\/h2>\t\t<\/div>\n\t\t\t\t<\/div>\n\t\t\t\t<div class=\"elementor-element elementor-element-af90c61 elementor-invisible elementor-widget elementor-widget-text-editor\" data-id=\"af90c61\" data-element_type=\"widget\" data-settings=\"{&quot;_animation&quot;:&quot;bounceInLeft&quot;}\" data-widget_type=\"text-editor.default\">\n\t\t\t\t<div class=\"elementor-widget-container\">\n\t\t\t<style>\/*! elementor - v3.19.0 - 07-02-2024 *\/\n.elementor-widget-text-editor.elementor-drop-cap-view-stacked .elementor-drop-cap{background-color:#69727d;color:#fff}.elementor-widget-text-editor.elementor-drop-cap-view-framed .elementor-drop-cap{color:#69727d;border:3px solid;background-color:transparent}.elementor-widget-text-editor:not(.elementor-drop-cap-view-default) .elementor-drop-cap{margin-top:8px}.elementor-widget-text-editor:not(.elementor-drop-cap-view-default) .elementor-drop-cap-letter{width:1em;height:1em}.elementor-widget-text-editor .elementor-drop-cap{float:left;text-align:center;line-height:1;font-size:50px}.elementor-widget-text-editor .elementor-drop-cap-letter{display:inline-block}<\/style>\t\t\t\t<p>UN R\u00c9SEAU POUR CHANGER L&rsquo;HISTOIRE D&rsquo;UN TERRITOIRE<\/p>\n\t\t\t\t\t\t<\/div>\n\t\t\t\t<\/div>\n\t\t\t\t\t<\/div>\n\t\t<\/div>\n\t\t\t\t\t<\/div>\n\t\t<\/section>\n\t\t\t\t<section class=\"elementor-section elementor-top-section elementor-element elementor-element-565e6c4 elementor-section-boxed elementor-section-height-default elementor-section-height-default\" data-id=\"565e6c4\" data-element_type=\"section\">\n\t\t\t\t\t\t<div class=\"elementor-container elementor-column-gap-default\">\n\t\t\t\t\t<div class=\"elementor-column elementor-col-100 elementor-top-column elementor-element elementor-element-7d7638c\" data-id=\"7d7638c\" data-element_type=\"column\">\n\t\t\t<div class=\"elementor-widget-wrap elementor-element-populated\">\n\t\t\t\t\t\t<div class=\"elementor-element elementor-element-d96dc50 elementor-widget elementor-widget-tripgo_elementor_heading\" data-id=\"d96dc50\" data-element_type=\"widget\" data-widget_type=\"tripgo_elementor_heading.default\">\n\t\t\t\t<div class=\"elementor-widget-container\">\n\t\t\t\t\t<div class=\"ova-title\">\n\n\t\t\t\n\t\t\t\t\t\t\t\n\t\t\t\t\t<h2 class=\"title\">Le r\u00e9seau<\/h2>\n\t\t\t\t\t\t\t\n\t\t\t\t\t\t\t<p class=\"description\"> Le Rete dei Borghi Sicani a \u00e9t\u00e9 cr\u00e9\u00e9 par un r\u00e9seau de personnes dont l&#039;objectif d\u00e9clar\u00e9 est de promouvoir le tourisme exp\u00e9rientiel et relationnel en Terre Sicane. <\/p>\n\t\t\t\n\t\t<\/div> \n\t\t \t\n\t\t\t\t<\/div>\n\t\t\t\t<\/div>\n\t\t\t\t<div class=\"elementor-element elementor-element-4cab3c7 elementor-invisible elementor-widget elementor-widget-image\" data-id=\"4cab3c7\" data-element_type=\"widget\" data-settings=\"{&quot;_animation&quot;:&quot;fadeInDown&quot;,&quot;_animation_delay&quot;:100}\" data-widget_type=\"image.default\">\n\t\t\t\t<div class=\"elementor-widget-container\">\n\t\t\t<style>\/*! elementor - v3.19.0 - 07-02-2024 *\/\n.elementor-widget-image{text-align:center}.elementor-widget-image a{display:inline-block}.elementor-widget-image a img[src$=\".svg\"]{width:48px}.elementor-widget-image img{vertical-align:middle;display:inline-block}<\/style>\t\t\t\t\t\t\t\t\t\t<img width=\"300\" height=\"83\" src=\"https:\/\/sicanivillages.com\/wp-content\/uploads\/2022\/07\/sicani-villages-logo-nopayoff-300x83.png\" class=\"attachment-medium size-medium wp-image-7239\" alt=\"\" srcset=\"https:\/\/sicanivillages.com\/wp-content\/uploads\/2022\/07\/sicani-villages-logo-nopayoff-300x83.png 300w, https:\/\/sicanivillages.com\/wp-content\/uploads\/2022\/07\/sicani-villages-logo-nopayoff-600x166.png 600w, https:\/\/sicanivillages.com\/wp-content\/uploads\/2022\/07\/sicani-villages-logo-nopayoff-1024x283.png 1024w, https:\/\/sicanivillages.com\/wp-content\/uploads\/2022\/07\/sicani-villages-logo-nopayoff-768x212.png 768w, https:\/\/sicanivillages.com\/wp-content\/uploads\/2022\/07\/sicani-villages-logo-nopayoff-1536x424.png 1536w, https:\/\/sicanivillages.com\/wp-content\/uploads\/2022\/07\/sicani-villages-logo-nopayoff.png 1864w\" sizes=\"(max-width: 300px) 100vw, 300px\" \/>\t\t\t\t\t\t\t\t\t\t\t\t\t<\/div>\n\t\t\t\t<\/div>\n\t\t\t\t<div class=\"elementor-element elementor-element-2d61922 elementor-widget elementor-widget-text-editor\" data-id=\"2d61922\" data-element_type=\"widget\" data-widget_type=\"text-editor.default\">\n\t\t\t\t<div class=\"elementor-widget-container\">\n\t\t\t\t\t\t\t<p>Le projet, financ\u00e9 par <strong>Gal Sicani<\/strong>, a d\u00e9j\u00e0 impliqu\u00e9 <strong>29 municipalit\u00e9s<\/strong> et <strong>18 petites entreprises<\/strong> de la r\u00e9gion en tant que partenaires.<\/p>\n<p>De nombreuses entreprises soutiennent actuellement le projet sans \u00eatre des partenaires \u00e0 part enti\u00e8re. Des chiffres importants pour la r\u00e9gion, des chiffres qui t\u00e9moignent de la volont\u00e9 de croissance coh\u00e9rente et uniforme d&rsquo;une r\u00e9gion tr\u00e8s riche, mais qui a \u00e9galement besoin de se red\u00e9finir et, surtout, de se promouvoir de la mani\u00e8re la plus appropri\u00e9e dans le domaine du tourisme, en mettant en valeur ses importantes ressources.<\/p>\n\t\t\t\t\t\t<\/div>\n\t\t\t\t<\/div>\n\t\t\t\t\t<\/div>\n\t\t<\/div>\n\t\t\t\t\t<\/div>\n\t\t<\/section>\n\t\t\t\t<section class=\"elementor-section elementor-top-section elementor-element elementor-element-3fa38c5 elementor-section-boxed elementor-section-height-default elementor-section-height-default\" data-id=\"3fa38c5\" data-element_type=\"section\">\n\t\t\t\t\t\t<div class=\"elementor-container elementor-column-gap-default\">\n\t\t\t\t\t<div class=\"elementor-column elementor-col-25 elementor-top-column elementor-element elementor-element-79db866\" data-id=\"79db866\" data-element_type=\"column\">\n\t\t\t<div class=\"elementor-widget-wrap\">\n\t\t\t\t\t\t\t<\/div>\n\t\t<\/div>\n\t\t\t\t<div class=\"elementor-column elementor-col-25 elementor-top-column elementor-element elementor-element-8e53113 elementor-invisible\" data-id=\"8e53113\" data-element_type=\"column\" data-settings=\"{&quot;animation&quot;:&quot;fadeInLeft&quot;}\">\n\t\t\t<div class=\"elementor-widget-wrap elementor-element-populated\">\n\t\t\t\t\t\t<div class=\"elementor-element elementor-element-a9c793c elementor-widget elementor-widget-tripgo_elementor_icon_box\" data-id=\"a9c793c\" data-element_type=\"widget\" data-widget_type=\"tripgo_elementor_icon_box.default\">\n\t\t\t\t<div class=\"elementor-widget-container\">\n\t\t\t\t\t\t<div class=\"ova-icon-box  template1 \"> \n\n\t\t\t\n\t\t\t\t<a class=\"iconbox\" href=\"https:\/\/sicanivillages.com\/fr\/municipalit\u00e9s\" >\n\n\t\t\t\t\n\n\t\t\t\t\n\t\t\t\t\t<span class=\"icon\">\n\t\t\t\t\t\t<i aria-hidden=\"true\" class=\"fas fa-archway\"><\/i>\t\t\t\t\t<\/span>\n\n\t\t\t\t\t\t\t\t\t\t\t<h3 class=\"title\">\n\t\t\t\t\t\t\tMunicipalit\u00e9s\t\t\t\t\t\t<\/h3>\n\t                \n\t\t\t\t\t\t\t\t\n                \n                \t\t\t\t\t<p class=\"description\">\n\t\t\t\t\t\tVoir toutes les municipalit\u00e9s\t\t\t\t\t<\/p>\n\t\t\t\t\n\t\t\t\t\t\n\n\t\t\t\t\t<div class=\"button-readmore\">\n\n\t\t\t\t\t\t<span class=\"text-button\">D\u00e9couvrir<\/span>\n\n\t\t\t\t\t\t<span class=\"icon-button\"><i aria-hidden=\"true\" class=\"icomoon icomoon-arrow-right\"><\/i><\/span> \n\n\t\t\t\t\t<\/div> \n\t\t\t\n\t\t\t\t\n\t\t\t\t\t\t\t<\/a> \n\t\t\t\t\n\n\t\t<\/div>\n\n\t\t\t\t<\/div>\n\t\t\t\t<\/div>\n\t\t\t\t\t<\/div>\n\t\t<\/div>\n\t\t\t\t<div class=\"elementor-column elementor-col-25 elementor-top-column elementor-element elementor-element-9f13066 elementor-invisible\" data-id=\"9f13066\" data-element_type=\"column\" data-settings=\"{&quot;animation&quot;:&quot;fadeInRight&quot;,&quot;animation_delay&quot;:100}\">\n\t\t\t<div class=\"elementor-widget-wrap elementor-element-populated\">\n\t\t\t\t\t\t<div class=\"elementor-element elementor-element-81540b4 elementor-widget elementor-widget-tripgo_elementor_icon_box\" data-id=\"81540b4\" data-element_type=\"widget\" data-widget_type=\"tripgo_elementor_icon_box.default\">\n\t\t\t\t<div class=\"elementor-widget-container\">\n\t\t\t\t\t\t<div class=\"ova-icon-box  template1 \"> \n\n\t\t\t\n\t\t\t\t<a class=\"iconbox\" href=\"https:\/\/sicanivillages.com\/fr\/les-partenaires\" >\n\n\t\t\t\t\n\n\t\t\t\t\n\t\t\t\t\t<span class=\"icon\">\n\t\t\t\t\t\t<i aria-hidden=\"true\" class=\"fas fa-cubes\"><\/i>\t\t\t\t\t<\/span>\n\n\t\t\t\t\t\t\t\t\t\t\t<h3 class=\"title\">\n\t\t\t\t\t\t\tLes partenaires\t\t\t\t\t\t<\/h3>\n\t                \n\t\t\t\t\t\t\t\t\n                \n                \t\t\t\t\t<p class=\"description\">\n\t\t\t\t\t\tVoir toutes les entreprises membres.\t\t\t\t\t<\/p>\n\t\t\t\t\n\t\t\t\t\t\n\n\t\t\t\t\t<div class=\"button-readmore\">\n\n\t\t\t\t\t\t<span class=\"text-button\">D\u00e9couvrir<\/span>\n\n\t\t\t\t\t\t<span class=\"icon-button\"><i aria-hidden=\"true\" class=\"icomoon icomoon-arrow-right\"><\/i><\/span> \n\n\t\t\t\t\t<\/div> \n\t\t\t\n\t\t\t\t\n\t\t\t\t\t\t\t<\/a> \n\t\t\t\t\n\n\t\t<\/div>\n\n\t\t\t\t<\/div>\n\t\t\t\t<\/div>\n\t\t\t\t\t<\/div>\n\t\t<\/div>\n\t\t\t\t<div class=\"elementor-column elementor-col-25 elementor-top-column elementor-element elementor-element-81cf484\" data-id=\"81cf484\" data-element_type=\"column\">\n\t\t\t<div class=\"elementor-widget-wrap\">\n\t\t\t\t\t\t\t<\/div>\n\t\t<\/div>\n\t\t\t\t\t<\/div>\n\t\t<\/section>\n\t\t\t\t<\/div>\n\t\t","protected":false},"excerpt":{"rendered":"<p>Le r\u00e9seau UN R\u00c9SEAU POUR CHANGER L&rsquo;HISTOIRE D&rsquo;UN TERRITOIRE Le r\u00e9seau Le Rete dei Borghi Sicani a \u00e9t\u00e9 cr\u00e9\u00e9 par un r\u00e9seau de personnes dont l&#039;objectif d\u00e9clar\u00e9 est de promouvoir le tourisme exp\u00e9rientiel et relationnel en Terre Sicane. Le projet, financ\u00e9 par Gal Sicani, a d\u00e9j\u00e0 impliqu\u00e9 29 municipalit\u00e9s et 18 petites entreprises de la [&hellip;]<\/p>\n","protected":false},"author":2,"featured_media":0,"parent":0,"menu_order":0,"comment_status":"closed","ping_status":"closed","template":"elementor_header_footer","meta":{"_acf_changed":false,"_coblocks_attr":"","_coblocks_dimensions":"","_coblocks_responsive_height":"","_coblocks_accordion_ie_support":"","footnotes":""},"class_list":["post-12802","page","type-page","status-publish","hentry"],"acf":[],"yoast_head":"<!-- This site is optimized with the Yoast SEO plugin v26.7 - https:\/\/yoast.com\/wordpress\/plugins\/seo\/ -->\n<title>Le r\u00e9seau - SicaniVillages<\/title>\n<meta name=\"robots\" content=\"index, follow, max-snippet:-1, max-image-preview:large, max-video-preview:-1\" \/>\n<link rel=\"canonical\" href=\"https:\/\/sicanivillages.com\/fr\/le-reseau\/\" \/>\n<meta property=\"og:locale\" content=\"fr_FR\" \/>\n<meta property=\"og:type\" content=\"article\" \/>\n<meta property=\"og:title\" content=\"Le r\u00e9seau - SicaniVillages\" \/>\n<meta property=\"og:description\" content=\"Le r\u00e9seau UN R\u00c9SEAU POUR CHANGER L&rsquo;HISTOIRE D&rsquo;UN TERRITOIRE Le r\u00e9seau Le Rete dei Borghi Sicani a \u00e9t\u00e9 cr\u00e9\u00e9 par un r\u00e9seau de personnes dont l&#039;objectif d\u00e9clar\u00e9 est de promouvoir le tourisme exp\u00e9rientiel et relationnel en Terre Sicane. Le projet, financ\u00e9 par Gal Sicani, a d\u00e9j\u00e0 impliqu\u00e9 29 municipalit\u00e9s et 18 petites entreprises de la [&hellip;]\" \/>\n<meta property=\"og:url\" content=\"https:\/\/sicanivillages.com\/fr\/le-reseau\/\" \/>\n<meta property=\"og:site_name\" content=\"SicaniVillages\" \/>\n<meta property=\"article:modified_time\" content=\"2024-06-28T09:27:55+00:00\" \/>\n<meta property=\"og:image\" content=\"https:\/\/sicanivillages.com\/wp-content\/uploads\/2022\/07\/sicani-villages-logo-nopayoff-300x83.png\" \/>\n<meta name=\"twitter:card\" content=\"summary_large_image\" \/>\n<meta name=\"twitter:label1\" content=\"Dur\u00e9e de lecture estim\u00e9e\" \/>\n\t<meta name=\"twitter:data1\" content=\"1 minute\" \/>\n<script type=\"application\/ld+json\" class=\"yoast-schema-graph\">{\"@context\":\"https:\/\/schema.org\",\"@graph\":[{\"@type\":\"WebPage\",\"@id\":\"https:\/\/sicanivillages.com\/fr\/le-reseau\/\",\"url\":\"https:\/\/sicanivillages.com\/fr\/le-reseau\/\",\"name\":\"Le r\u00e9seau - SicaniVillages\",\"isPartOf\":{\"@id\":\"https:\/\/sicanivillages.com\/#website\"},\"primaryImageOfPage\":{\"@id\":\"https:\/\/sicanivillages.com\/fr\/le-reseau\/#primaryimage\"},\"image\":{\"@id\":\"https:\/\/sicanivillages.com\/fr\/le-reseau\/#primaryimage\"},\"thumbnailUrl\":\"https:\/\/sicanivillages.com\/wp-content\/uploads\/2022\/07\/sicani-villages-logo-nopayoff-300x83.png\",\"datePublished\":\"2023-09-23T18:26:00+00:00\",\"dateModified\":\"2024-06-28T09:27:55+00:00\",\"breadcrumb\":{\"@id\":\"https:\/\/sicanivillages.com\/fr\/le-reseau\/#breadcrumb\"},\"inLanguage\":\"fr-FR\",\"potentialAction\":[{\"@type\":\"ReadAction\",\"target\":[\"https:\/\/sicanivillages.com\/fr\/le-reseau\/\"]}]},{\"@type\":\"ImageObject\",\"inLanguage\":\"fr-FR\",\"@id\":\"https:\/\/sicanivillages.com\/fr\/le-reseau\/#primaryimage\",\"url\":\"https:\/\/sicanivillages.com\/wp-content\/uploads\/2022\/07\/sicani-villages-logo-nopayoff-300x83.png\",\"contentUrl\":\"https:\/\/sicanivillages.com\/wp-content\/uploads\/2022\/07\/sicani-villages-logo-nopayoff-300x83.png\"},{\"@type\":\"BreadcrumbList\",\"@id\":\"https:\/\/sicanivillages.com\/fr\/le-reseau\/#breadcrumb\",\"itemListElement\":[{\"@type\":\"ListItem\",\"position\":1,\"name\":\"Home\",\"item\":\"https:\/\/sicanivillages.com\/fr\/\"},{\"@type\":\"ListItem\",\"position\":2,\"name\":\"Le r\u00e9seau\"}]},{\"@type\":\"WebSite\",\"@id\":\"https:\/\/sicanivillages.com\/#website\",\"url\":\"https:\/\/sicanivillages.com\/\",\"name\":\"SicaniVillages\",\"description\":\"\",\"potentialAction\":[{\"@type\":\"SearchAction\",\"target\":{\"@type\":\"EntryPoint\",\"urlTemplate\":\"https:\/\/sicanivillages.com\/?s={search_term_string}\"},\"query-input\":{\"@type\":\"PropertyValueSpecification\",\"valueRequired\":true,\"valueName\":\"search_term_string\"}}],\"inLanguage\":\"fr-FR\"}]}<\/script>\n<!-- \/ Yoast SEO plugin. -->","yoast_head_json":{"title":"Le r\u00e9seau - SicaniVillages","robots":{"index":"index","follow":"follow","max-snippet":"max-snippet:-1","max-image-preview":"max-image-preview:large","max-video-preview":"max-video-preview:-1"},"canonical":"https:\/\/sicanivillages.com\/fr\/le-reseau\/","og_locale":"fr_FR","og_type":"article","og_title":"Le r\u00e9seau - SicaniVillages","og_description":"Le r\u00e9seau UN R\u00c9SEAU POUR CHANGER L&rsquo;HISTOIRE D&rsquo;UN TERRITOIRE Le r\u00e9seau Le Rete dei Borghi Sicani a \u00e9t\u00e9 cr\u00e9\u00e9 par un r\u00e9seau de personnes dont l&#039;objectif d\u00e9clar\u00e9 est de promouvoir le tourisme exp\u00e9rientiel et relationnel en Terre Sicane. Le projet, financ\u00e9 par Gal Sicani, a d\u00e9j\u00e0 impliqu\u00e9 29 municipalit\u00e9s et 18 petites entreprises de la [&hellip;]","og_url":"https:\/\/sicanivillages.com\/fr\/le-reseau\/","og_site_name":"SicaniVillages","article_modified_time":"2024-06-28T09:27:55+00:00","og_image":[{"url":"https:\/\/sicanivillages.com\/wp-content\/uploads\/2022\/07\/sicani-villages-logo-nopayoff-300x83.png","type":"","width":"","height":""}],"twitter_card":"summary_large_image","twitter_misc":{"Dur\u00e9e de lecture estim\u00e9e":"1 minute"},"schema":{"@context":"https:\/\/schema.org","@graph":[{"@type":"WebPage","@id":"https:\/\/sicanivillages.com\/fr\/le-reseau\/","url":"https:\/\/sicanivillages.com\/fr\/le-reseau\/","name":"Le r\u00e9seau - SicaniVillages","isPartOf":{"@id":"https:\/\/sicanivillages.com\/#website"},"primaryImageOfPage":{"@id":"https:\/\/sicanivillages.com\/fr\/le-reseau\/#primaryimage"},"image":{"@id":"https:\/\/sicanivillages.com\/fr\/le-reseau\/#primaryimage"},"thumbnailUrl":"https:\/\/sicanivillages.com\/wp-content\/uploads\/2022\/07\/sicani-villages-logo-nopayoff-300x83.png","datePublished":"2023-09-23T18:26:00+00:00","dateModified":"2024-06-28T09:27:55+00:00","breadcrumb":{"@id":"https:\/\/sicanivillages.com\/fr\/le-reseau\/#breadcrumb"},"inLanguage":"fr-FR","potentialAction":[{"@type":"ReadAction","target":["https:\/\/sicanivillages.com\/fr\/le-reseau\/"]}]},{"@type":"ImageObject","inLanguage":"fr-FR","@id":"https:\/\/sicanivillages.com\/fr\/le-reseau\/#primaryimage","url":"https:\/\/sicanivillages.com\/wp-content\/uploads\/2022\/07\/sicani-villages-logo-nopayoff-300x83.png","contentUrl":"https:\/\/sicanivillages.com\/wp-content\/uploads\/2022\/07\/sicani-villages-logo-nopayoff-300x83.png"},{"@type":"BreadcrumbList","@id":"https:\/\/sicanivillages.com\/fr\/le-reseau\/#breadcrumb","itemListElement":[{"@type":"ListItem","position":1,"name":"Home","item":"https:\/\/sicanivillages.com\/fr\/"},{"@type":"ListItem","position":2,"name":"Le r\u00e9seau"}]},{"@type":"WebSite","@id":"https:\/\/sicanivillages.com\/#website","url":"https:\/\/sicanivillages.com\/","name":"SicaniVillages","description":"","potentialAction":[{"@type":"SearchAction","target":{"@type":"EntryPoint","urlTemplate":"https:\/\/sicanivillages.com\/?s={search_term_string}"},"query-input":{"@type":"PropertyValueSpecification","valueRequired":true,"valueName":"search_term_string"}}],"inLanguage":"fr-FR"}]}},"_links":{"self":[{"href":"https:\/\/sicanivillages.com\/fr\/wp-json\/wp\/v2\/pages\/12802","targetHints":{"allow":["GET"]}}],"collection":[{"href":"https:\/\/sicanivillages.com\/fr\/wp-json\/wp\/v2\/pages"}],"about":[{"href":"https:\/\/sicanivillages.com\/fr\/wp-json\/wp\/v2\/types\/page"}],"author":[{"embeddable":true,"href":"https:\/\/sicanivillages.com\/fr\/wp-json\/wp\/v2\/users\/2"}],"replies":[{"embeddable":true,"href":"https:\/\/sicanivillages.com\/fr\/wp-json\/wp\/v2\/comments?post=12802"}],"version-history":[{"count":4,"href":"https:\/\/sicanivillages.com\/fr\/wp-json\/wp\/v2\/pages\/12802\/revisions"}],"predecessor-version":[{"id":13821,"href":"https:\/\/sicanivillages.com\/fr\/wp-json\/wp\/v2\/pages\/12802\/revisions\/13821"}],"wp:attachment":[{"href":"https:\/\/sicanivillages.com\/fr\/wp-json\/wp\/v2\/media?parent=12802"}],"curies":[{"name":"wp","href":"https:\/\/api.w.org\/{rel}","templated":true}]}}