{"id":12771,"date":"2022-06-30T10:33:31","date_gmt":"2022-06-30T10:33:31","guid":{"rendered":"https:\/\/sicanivillages.com\/contact\/"},"modified":"2024-06-28T09:41:07","modified_gmt":"2024-06-28T09:41:07","slug":"contact","status":"publish","type":"page","link":"https:\/\/sicanivillages.com\/fr\/contact\/","title":{"rendered":"Contact"},"content":{"rendered":"\t\t<div data-elementor-type=\"wp-page\" data-elementor-id=\"12771\" class=\"elementor elementor-12771 elementor-46\">\n\t\t\t\t\t\t<section class=\"elementor-section elementor-top-section elementor-element elementor-element-79f6315 elementor-section-full_width elementor-section-height-default elementor-section-height-default\" data-id=\"79f6315\" data-element_type=\"section\">\n\t\t\t\t\t\t<div class=\"elementor-container elementor-column-gap-no\">\n\t\t\t\t\t<div class=\"elementor-column elementor-col-100 elementor-top-column elementor-element elementor-element-4247e12\" data-id=\"4247e12\" data-element_type=\"column\">\n\t\t\t<div class=\"elementor-widget-wrap elementor-element-populated\">\n\t\t\t\t\t\t<div class=\"elementor-element elementor-element-fc6a3ed elementor-widget elementor-widget-google_maps\" data-id=\"fc6a3ed\" data-element_type=\"widget\" data-widget_type=\"google_maps.default\">\n\t\t\t\t<div class=\"elementor-widget-container\">\n\t\t\t<style>\/*! elementor - v3.19.0 - 07-02-2024 *\/\n.elementor-widget-google_maps .elementor-widget-container{overflow:hidden}.elementor-widget-google_maps .elementor-custom-embed{line-height:0}.elementor-widget-google_maps iframe{height:300px}<\/style>\t\t<div class=\"elementor-custom-embed\">\n\t\t\t<iframe loading=\"lazy\"\n\t\t\t\t\tsrc=\"https:\/\/maps.google.com\/maps?q=Via%20Cesare%20Battisti%205%2C%2092020%20Sant%27Angelo%20Muxaro&#038;t=m&#038;z=10&#038;output=embed&#038;iwloc=near\"\n\t\t\t\t\ttitle=\"Via Cesare Battisti 5, 92020 Sant&#039;Angelo Muxaro\"\n\t\t\t\t\taria-label=\"Via Cesare Battisti 5, 92020 Sant&#039;Angelo Muxaro\"\n\t\t\t><\/iframe>\n\t\t<\/div>\n\t\t\t\t<\/div>\n\t\t\t\t<\/div>\n\t\t\t\t\t<\/div>\n\t\t<\/div>\n\t\t\t\t\t<\/div>\n\t\t<\/section>\n\t\t\t\t<section class=\"elementor-section elementor-top-section elementor-element elementor-element-d0f13c1 elementor-section-boxed elementor-section-height-default elementor-section-height-default\" data-id=\"d0f13c1\" data-element_type=\"section\" data-settings=\"{&quot;background_background&quot;:&quot;classic&quot;}\">\n\t\t\t\t\t\t<div class=\"elementor-container elementor-column-gap-no\">\n\t\t\t\t\t<div class=\"elementor-column elementor-col-100 elementor-top-column elementor-element elementor-element-cf7269d\" data-id=\"cf7269d\" data-element_type=\"column\" data-settings=\"{&quot;background_background&quot;:&quot;classic&quot;}\">\n\t\t\t<div class=\"elementor-widget-wrap elementor-element-populated\">\n\t\t\t\t\t\t<section class=\"elementor-section elementor-inner-section elementor-element elementor-element-6284eb0 elementor-section-boxed elementor-section-height-default elementor-section-height-default\" data-id=\"6284eb0\" data-element_type=\"section\">\n\t\t\t\t\t\t<div class=\"elementor-container elementor-column-gap-no\">\n\t\t\t\t\t<div class=\"elementor-column elementor-col-33 elementor-inner-column elementor-element elementor-element-83b72d9\" data-id=\"83b72d9\" data-element_type=\"column\">\n\t\t\t<div class=\"elementor-widget-wrap elementor-element-populated\">\n\t\t\t\t\t\t<div class=\"elementor-element elementor-element-3ca8648 elementor-widget elementor-widget-tripgo_elementor_contact_info\" data-id=\"3ca8648\" data-element_type=\"widget\" data-widget_type=\"tripgo_elementor_contact_info.default\">\n\t\t\t\t<div class=\"elementor-widget-container\">\n\t\t\t\t\t\t<div class=\"ova-contact-info\">\n\t\t\t\t\n\t\t\t\t\t\t\t\t\t<div class=\"icon\">\n\t\t\t\t\t\t<i aria-hidden=\"true\" class=\"icomoon icomoon-location\"><\/i>\t\t\t\t\t<\/div>\t\n\t\t\t\t\t\t\t\t\n\n\t\t\t\t<div class=\"contact\">\n\t\t\t\t\t\n\t\t\t\t\t\t\t\t\t\t\t<div class=\"label\">\n\t\t\t\t\t\t\tAdresse\t\t\t\t\t\t<\/div>\n\t\t\t\t\t\n\t\t\t\t\t<ul class=\"info\">\n\t\t\t\t\t\t\n\t\t\t\t\t\t\t\t<li class=\"item\">\n\n\t\t\t\t\t\t\t\t\t<a href=\"https:\/\/maps.app.goo.gl\/4YE9VUmUPxMGFZA39\">Via Cesare Battisti 5, 92020 Sant'Angelo Muxaro (AG)<\/a>\t\t\t\t\t\t\t\t<\/li>\n\t\t\t\t\t\t\t\n\t\t\t\t\t\t\t\t\t\t\t<\/ul>\n\n\t\t\t\t<\/div>\n\n\t\t\t<\/div>\n\n\t\t\t\t<\/div>\n\t\t\t\t<\/div>\n\t\t\t\t<div class=\"elementor-element elementor-element-67667d1 elementor-widget elementor-widget-tripgo_elementor_contact_info\" data-id=\"67667d1\" data-element_type=\"widget\" data-widget_type=\"tripgo_elementor_contact_info.default\">\n\t\t\t\t<div class=\"elementor-widget-container\">\n\t\t\t\t\t\t<div class=\"ova-contact-info\">\n\t\t\t\t\n\t\t\t\t\t\t\t\t\t<div class=\"icon\">\n\t\t\t\t\t\t<i aria-hidden=\"true\" class=\"icomoon icomoon-call\"><\/i>\t\t\t\t\t<\/div>\t\n\t\t\t\t\t\t\t\t\n\n\t\t\t\t<div class=\"contact\">\n\t\t\t\t\t\n\t\t\t\t\t\t\t\t\t\t\t<div class=\"label\">\n\t\t\t\t\t\t\tT\u00e9l\u00e9phone\t\t\t\t\t\t<\/div>\n\t\t\t\t\t\n\t\t\t\t\t<ul class=\"info\">\n\t\t\t\t\t\t\n\t\t\t\t\t\t\t\t<li class=\"item\">\n\n\t\t\t\t\t\t\t\t\t\t\t\t\t\t\t\t\t\t\t\t\t<a href=\"tel:+39 334 579 3525 \">\n\t\t\t\t\t\t\t\t\t\t\t\t\t+39 334 579 3525\t\t\t\t\t\t\t\t\t\t\t\t<\/a>\n\t\t\t\t\t\t\t\t\t\t\t\t\t\t\t\t\t\t\t<\/li>\n\t\t\t\t\t\t\t\n\t\t\t\t\t\t\t\t\t\t\t<\/ul>\n\n\t\t\t\t<\/div>\n\n\t\t\t<\/div>\n\n\t\t\t\t<\/div>\n\t\t\t\t<\/div>\n\t\t\t\t<div class=\"elementor-element elementor-element-16aeb1f elementor-widget elementor-widget-tripgo_elementor_contact_info\" data-id=\"16aeb1f\" data-element_type=\"widget\" data-widget_type=\"tripgo_elementor_contact_info.default\">\n\t\t\t\t<div class=\"elementor-widget-container\">\n\t\t\t\t\t\t<div class=\"ova-contact-info\">\n\t\t\t\t\n\t\t\t\t\t\t\t\t\t<div class=\"icon\">\n\t\t\t\t\t\t<i aria-hidden=\"true\" class=\"icomoon icomoon-envelope\"><\/i>\t\t\t\t\t<\/div>\t\n\t\t\t\t\t\t\t\t\n\n\t\t\t\t<div class=\"contact\">\n\t\t\t\t\t\n\t\t\t\t\t\t\t\t\t\t\t<div class=\"label\">\n\t\t\t\t\t\t\tEmail \t\t\t\t\t\t<\/div>\n\t\t\t\t\t\n\t\t\t\t\t<ul class=\"info\">\n\t\t\t\t\t\t\n\t\t\t\t\t\t\t\t<li class=\"item\">\n\n\t\t\t\t\t\t\t\t\t\t\t\t\t\t\t\t\t\t\t\t\t<a href=\"mailto:info@sicanivillages.com \">\n\t\t\t\t\t\t\t\t\t\t\t\t\tinfo@sicanivillages.com\t\t\t\t\t\t\t\t\t\t\t\t<\/a>\n\t\t\t\t\t\t\t\t\t\t\t\t\t\t\t\t\t\t\t<\/li>\n\t\t\t\t\t\t\t\n\t\t\t\t\t\t\t\t\t\t\t<\/ul>\n\n\t\t\t\t<\/div>\n\n\t\t\t<\/div>\n\n\t\t\t\t<\/div>\n\t\t\t\t<\/div>\n\t\t\t\t<div class=\"elementor-element elementor-element-55f78d5 elementor-widget elementor-widget-tripgo_elementor_contact_form\" data-id=\"55f78d5\" data-element_type=\"widget\" data-widget_type=\"tripgo_elementor_contact_form.default\">\n\t\t\t\t<div class=\"elementor-widget-container\">\n\t\t\t\t\t\t<div class=\"ova-contact-form\">\n\t\t\t\t\n\t\t\t\t<div class=\"contact-info\">\n\t\t\t\t\t<img src=\"https:\/\/sicanivillages.com\/wp-content\/uploads\/2023\/09\/Call-us.png\" class=\"avatar\" alt=\"Voulez-vous nous appeler ?\" >\n\t\t\t\t\t\n\t\t\t\t\t<div class=\"info\">\n\t\t\t\t\t\t\t\t\t\t\t\t\t<h6 class=\"label\">Voulez-vous nous appeler ?<\/h6>\n\t\t\t\t\t\t\t\t\t\t\t\t\n\t\t\t\t\t\t<span class=\"description\">Parlez \u00e0 l&#039;un de nos op\u00e9rateurs<\/span>\n\t\t\t\t\t\t\n\t\t\t\t\t\t\n\t\t\t\t\t\t\t<a href=\"tel:+39 334 579 3525 \" class=\"phone-address\" >\n\t\t\t\t\t\t\t\t+39 334 579 3525\t\t\t\t\t\t\t<\/a>\n\n\t\t\t\t\t\t\n\t\t\t\t\t<\/div>\n\t\t\t\t<\/div>\n\t\t\t\t\n\t\t\t\t\t\t\t\t\n\t\t\t\t\t\t\t\t\t<span class=\"date\"> Du lundi au samedi<\/span>\n\t\t\t\t\n\t\t\t\t\t\t\t\t\t<span class=\"time\"> 7.00 - 13.00 | 16.00 - 19.30<\/span>\n\t\t\t\t\t\t\t\t\t\n\t\t\t<\/div>\n\n\t\t\t\t<\/div>\n\t\t\t\t<\/div>\n\t\t\t\t\t<\/div>\n\t\t<\/div>\n\t\t\t\t<div class=\"elementor-column elementor-col-66 elementor-inner-column elementor-element elementor-element-2b134d9\" data-id=\"2b134d9\" data-element_type=\"column\">\n\t\t\t<div class=\"elementor-widget-wrap elementor-element-populated\">\n\t\t\t\t\t\t<div class=\"elementor-element elementor-element-5a04b7a elementor-widget elementor-widget-tripgo_elementor_heading\" data-id=\"5a04b7a\" data-element_type=\"widget\" data-widget_type=\"tripgo_elementor_heading.default\">\n\t\t\t\t<div class=\"elementor-widget-container\">\n\t\t\t\t\t<div class=\"ova-title\">\n\n\t\t\t\n\t\t\t\t\t\t\t\n\t\t\t\t\t<h4 class=\"title\">Nous \u00e9crire<\/h4>\n\t\t\t\t\t\t\t\n\t\t\t\t\t\t\t<p class=\"description\"> L&#039;adresse \u00e9lectronique ne sera pas publi\u00e9e. Les champs obligatoires sont marqu\u00e9s * <\/p>\n\t\t\t\n\t\t<\/div> \n\t\t \t\n\t\t\t\t<\/div>\n\t\t\t\t<\/div>\n\t\t\t\t<div class=\"elementor-element elementor-element-4575e71 elementor-widget elementor-widget-tripgo_elementor_heading\" data-id=\"4575e71\" data-element_type=\"widget\" data-widget_type=\"tripgo_elementor_heading.default\">\n\t\t\t\t<div class=\"elementor-widget-container\">\n\t\t\t\t\t<div class=\"ova-title\">\n\n\t\t\t\t\t\t\t<h3 class=\"sub-title\">Contactez nous<\/h3>\n\t\t\t\n\t\t\t\t\t\t\t\n\t\t\t\t\t<h2 class=\"title\">Remplir<\/h2>\n\t\t\t\t\t\t\t\n\t\t\t\t\t\t\t<p class=\"description\"> Nous sommes disponibles du lundi au samedi <\/p>\n\t\t\t\n\t\t<\/div> \n\t\t \t\n\t\t\t\t<\/div>\n\t\t\t\t<\/div>\n\t\t\t\t<div class=\"elementor-element elementor-element-6d829f5 elementor-widget elementor-widget-shortcode\" data-id=\"6d829f5\" data-element_type=\"widget\" data-widget_type=\"shortcode.default\">\n\t\t\t\t<div class=\"elementor-widget-container\">\n\t\t\t\t\t<div class=\"elementor-shortcode\">\n<div class=\"wpcf7 no-js\" id=\"wpcf7-f800-o1\" lang=\"it-IT\" dir=\"ltr\">\n<div class=\"screen-reader-response\"><p role=\"status\" aria-live=\"polite\" aria-atomic=\"true\"><\/p> <ul><\/ul><\/div>\n<form action=\"\/fr\/wp-json\/wp\/v2\/pages\/12771#wpcf7-f800-o1\" method=\"post\" class=\"wpcf7-form init\" aria-label=\"Modulo di contatto\" novalidate=\"novalidate\" data-status=\"init\">\n<div style=\"display: none;\">\n<input type=\"hidden\" name=\"_wpcf7\" value=\"800\" \/>\n<input type=\"hidden\" name=\"_wpcf7_version\" value=\"5.9.6\" \/>\n<input type=\"hidden\" name=\"_wpcf7_locale\" value=\"it_IT\" \/>\n<input type=\"hidden\" name=\"_wpcf7_unit_tag\" value=\"wpcf7-f800-o1\" \/>\n<input type=\"hidden\" name=\"_wpcf7_container_post\" value=\"0\" \/>\n<input type=\"hidden\" name=\"_wpcf7_posted_data_hash\" value=\"\" \/>\n<\/div>\n<div class=\"ova-wpcf7 ova-contact-page\">\n\t<div class=\"text-email\">\n\t\t<div class=\"ova-text\">\n\t\t\t<p><span class=\"wpcf7-form-control-wrap\" data-name=\"your-name\"><input size=\"40\" maxlength=\"80\" class=\"wpcf7-form-control wpcf7-text wpcf7-validates-as-required name\" aria-required=\"true\" aria-invalid=\"false\" placeholder=\"Nome *\" value=\"\" type=\"text\" name=\"your-name\" \/><\/span>\n\t\t\t<\/p>\n\t\t<\/div>\n\t\t<div class=\"ova-email\">\n\t\t\t<p><span class=\"wpcf7-form-control-wrap\" data-name=\"your-email\"><input size=\"40\" maxlength=\"80\" class=\"wpcf7-form-control wpcf7-email wpcf7-validates-as-required wpcf7-text wpcf7-validates-as-email email\" aria-required=\"true\" aria-invalid=\"false\" placeholder=\"Email *\" value=\"\" type=\"email\" name=\"your-email\" \/><\/span>\n\t\t\t<\/p>\n\t\t<\/div>\n\t<\/div>\n\t<div class=\"ova-subject\">\n\t\t<p><span class=\"wpcf7-form-control-wrap\" data-name=\"your-subject\"><input size=\"40\" maxlength=\"80\" class=\"wpcf7-form-control wpcf7-text subject\" aria-invalid=\"false\" placeholder=\"Oggetto\" value=\"\" type=\"text\" name=\"your-subject\" \/><\/span>\n\t\t<\/p>\n\t<\/div>\n\t<div class=\"ova-textarea\">\n\t\t<p><span class=\"wpcf7-form-control-wrap\" data-name=\"your-message\"><textarea cols=\"40\" rows=\"10\" maxlength=\"400\" class=\"wpcf7-form-control wpcf7-textarea comment\" aria-invalid=\"false\" placeholder=\"Commenti\" name=\"your-message\"><\/textarea><\/span>\n\t\t<\/p>\n\t<\/div>\n\t<div class=\"ova-submit ova-contact-submit\">\n\t\t<p><button type=\"submit\" class=\"wpcf7-form-control has-spinner wpcf7-submit\"><span>Contattaci<\/span><\/button>\n\t\t<\/p>\n\t<\/div>\n<\/div><p style=\"display: none !important;\" class=\"akismet-fields-container\" data-prefix=\"_wpcf7_ak_\"><label>&#916;<textarea name=\"_wpcf7_ak_hp_textarea\" cols=\"45\" rows=\"8\" maxlength=\"100\"><\/textarea><\/label><input type=\"hidden\" id=\"ak_js_1\" name=\"_wpcf7_ak_js\" value=\"70\"\/><script>document.getElementById( \"ak_js_1\" ).setAttribute( \"value\", ( new Date() ).getTime() );<\/script><\/p><div class=\"wpcf7-response-output\" aria-hidden=\"true\"><\/div>\n<\/form>\n<\/div>\n<\/div>\n\t\t\t\t<\/div>\n\t\t\t\t<\/div>\n\t\t\t\t\t<\/div>\n\t\t<\/div>\n\t\t\t\t\t<\/div>\n\t\t<\/section>\n\t\t\t\t\t<\/div>\n\t\t<\/div>\n\t\t\t\t\t<\/div>\n\t\t<\/section>\n\t\t\t\t<\/div>\n\t\t","protected":false},"excerpt":{"rendered":"<p>Adresse Via Cesare Battisti 5, 92020 Sant&rsquo;Angelo Muxaro (AG) T\u00e9l\u00e9phone +39 334 579 3525 Email info@sicanivillages.com Voulez-vous nous appeler ? Parlez \u00e0 l&#039;un de nos op\u00e9rateurs +39 334 579 3525 Du lundi au samedi 7.00 &#8211; 13.00 | 16.00 &#8211; 19.30 Nous \u00e9crire L&#039;adresse \u00e9lectronique ne sera pas publi\u00e9e. Les champs obligatoires sont marqu\u00e9s * [&hellip;]<\/p>\n","protected":false},"author":2,"featured_media":0,"parent":0,"menu_order":0,"comment_status":"closed","ping_status":"closed","template":"elementor_header_footer","meta":{"_acf_changed":false,"_coblocks_attr":"","_coblocks_dimensions":"","_coblocks_responsive_height":"","_coblocks_accordion_ie_support":"","footnotes":""},"class_list":["post-12771","page","type-page","status-publish","hentry"],"acf":[],"yoast_head":"<!-- This site is optimized with the Yoast SEO plugin v26.7 - https:\/\/yoast.com\/wordpress\/plugins\/seo\/ -->\n<title>Contact - SicaniVillages<\/title>\n<meta name=\"robots\" content=\"index, follow, max-snippet:-1, max-image-preview:large, max-video-preview:-1\" \/>\n<link rel=\"canonical\" href=\"https:\/\/sicanivillages.com\/fr\/contact\/\" \/>\n<meta property=\"og:locale\" content=\"fr_FR\" \/>\n<meta property=\"og:type\" content=\"article\" \/>\n<meta property=\"og:title\" content=\"Contact - SicaniVillages\" \/>\n<meta property=\"og:description\" content=\"Adresse Via Cesare Battisti 5, 92020 Sant&rsquo;Angelo Muxaro (AG) T\u00e9l\u00e9phone +39 334 579 3525 Email info@sicanivillages.com Voulez-vous nous appeler ? Parlez \u00e0 l&#039;un de nos op\u00e9rateurs +39 334 579 3525 Du lundi au samedi 7.00 &#8211; 13.00 | 16.00 &#8211; 19.30 Nous \u00e9crire L&#039;adresse \u00e9lectronique ne sera pas publi\u00e9e. Les champs obligatoires sont marqu\u00e9s * [&hellip;]\" \/>\n<meta property=\"og:url\" content=\"https:\/\/sicanivillages.com\/fr\/contact\/\" \/>\n<meta property=\"og:site_name\" content=\"SicaniVillages\" \/>\n<meta property=\"article:modified_time\" content=\"2024-06-28T09:41:07+00:00\" \/>\n<meta property=\"og:image\" content=\"https:\/\/sicanivillages.com\/wp-content\/uploads\/2023\/09\/Call-us.png\" \/>\n<meta name=\"twitter:card\" content=\"summary_large_image\" \/>\n<meta name=\"twitter:label1\" content=\"Dur\u00e9e de lecture estim\u00e9e\" \/>\n\t<meta name=\"twitter:data1\" content=\"1 minute\" \/>\n<script type=\"application\/ld+json\" class=\"yoast-schema-graph\">{\"@context\":\"https:\/\/schema.org\",\"@graph\":[{\"@type\":\"WebPage\",\"@id\":\"https:\/\/sicanivillages.com\/fr\/contact\/\",\"url\":\"https:\/\/sicanivillages.com\/fr\/contact\/\",\"name\":\"Contact - SicaniVillages\",\"isPartOf\":{\"@id\":\"https:\/\/sicanivillages.com\/#website\"},\"primaryImageOfPage\":{\"@id\":\"https:\/\/sicanivillages.com\/fr\/contact\/#primaryimage\"},\"image\":{\"@id\":\"https:\/\/sicanivillages.com\/fr\/contact\/#primaryimage\"},\"thumbnailUrl\":\"https:\/\/sicanivillages.com\/wp-content\/uploads\/2023\/09\/Call-us.png\",\"datePublished\":\"2022-06-30T10:33:31+00:00\",\"dateModified\":\"2024-06-28T09:41:07+00:00\",\"breadcrumb\":{\"@id\":\"https:\/\/sicanivillages.com\/fr\/contact\/#breadcrumb\"},\"inLanguage\":\"fr-FR\",\"potentialAction\":[{\"@type\":\"ReadAction\",\"target\":[\"https:\/\/sicanivillages.com\/fr\/contact\/\"]}]},{\"@type\":\"ImageObject\",\"inLanguage\":\"fr-FR\",\"@id\":\"https:\/\/sicanivillages.com\/fr\/contact\/#primaryimage\",\"url\":\"https:\/\/sicanivillages.com\/wp-content\/uploads\/2023\/09\/Call-us.png\",\"contentUrl\":\"https:\/\/sicanivillages.com\/wp-content\/uploads\/2023\/09\/Call-us.png\"},{\"@type\":\"BreadcrumbList\",\"@id\":\"https:\/\/sicanivillages.com\/fr\/contact\/#breadcrumb\",\"itemListElement\":[{\"@type\":\"ListItem\",\"position\":1,\"name\":\"Home\",\"item\":\"https:\/\/sicanivillages.com\/fr\/\"},{\"@type\":\"ListItem\",\"position\":2,\"name\":\"Contact\"}]},{\"@type\":\"WebSite\",\"@id\":\"https:\/\/sicanivillages.com\/#website\",\"url\":\"https:\/\/sicanivillages.com\/\",\"name\":\"SicaniVillages\",\"description\":\"\",\"potentialAction\":[{\"@type\":\"SearchAction\",\"target\":{\"@type\":\"EntryPoint\",\"urlTemplate\":\"https:\/\/sicanivillages.com\/?s={search_term_string}\"},\"query-input\":{\"@type\":\"PropertyValueSpecification\",\"valueRequired\":true,\"valueName\":\"search_term_string\"}}],\"inLanguage\":\"fr-FR\"}]}<\/script>\n<!-- \/ Yoast SEO plugin. -->","yoast_head_json":{"title":"Contact - SicaniVillages","robots":{"index":"index","follow":"follow","max-snippet":"max-snippet:-1","max-image-preview":"max-image-preview:large","max-video-preview":"max-video-preview:-1"},"canonical":"https:\/\/sicanivillages.com\/fr\/contact\/","og_locale":"fr_FR","og_type":"article","og_title":"Contact - SicaniVillages","og_description":"Adresse Via Cesare Battisti 5, 92020 Sant&rsquo;Angelo Muxaro (AG) T\u00e9l\u00e9phone +39 334 579 3525 Email info@sicanivillages.com Voulez-vous nous appeler ? Parlez \u00e0 l&#039;un de nos op\u00e9rateurs +39 334 579 3525 Du lundi au samedi 7.00 &#8211; 13.00 | 16.00 &#8211; 19.30 Nous \u00e9crire L&#039;adresse \u00e9lectronique ne sera pas publi\u00e9e. Les champs obligatoires sont marqu\u00e9s * [&hellip;]","og_url":"https:\/\/sicanivillages.com\/fr\/contact\/","og_site_name":"SicaniVillages","article_modified_time":"2024-06-28T09:41:07+00:00","og_image":[{"url":"https:\/\/sicanivillages.com\/wp-content\/uploads\/2023\/09\/Call-us.png","type":"","width":"","height":""}],"twitter_card":"summary_large_image","twitter_misc":{"Dur\u00e9e de lecture estim\u00e9e":"1 minute"},"schema":{"@context":"https:\/\/schema.org","@graph":[{"@type":"WebPage","@id":"https:\/\/sicanivillages.com\/fr\/contact\/","url":"https:\/\/sicanivillages.com\/fr\/contact\/","name":"Contact - SicaniVillages","isPartOf":{"@id":"https:\/\/sicanivillages.com\/#website"},"primaryImageOfPage":{"@id":"https:\/\/sicanivillages.com\/fr\/contact\/#primaryimage"},"image":{"@id":"https:\/\/sicanivillages.com\/fr\/contact\/#primaryimage"},"thumbnailUrl":"https:\/\/sicanivillages.com\/wp-content\/uploads\/2023\/09\/Call-us.png","datePublished":"2022-06-30T10:33:31+00:00","dateModified":"2024-06-28T09:41:07+00:00","breadcrumb":{"@id":"https:\/\/sicanivillages.com\/fr\/contact\/#breadcrumb"},"inLanguage":"fr-FR","potentialAction":[{"@type":"ReadAction","target":["https:\/\/sicanivillages.com\/fr\/contact\/"]}]},{"@type":"ImageObject","inLanguage":"fr-FR","@id":"https:\/\/sicanivillages.com\/fr\/contact\/#primaryimage","url":"https:\/\/sicanivillages.com\/wp-content\/uploads\/2023\/09\/Call-us.png","contentUrl":"https:\/\/sicanivillages.com\/wp-content\/uploads\/2023\/09\/Call-us.png"},{"@type":"BreadcrumbList","@id":"https:\/\/sicanivillages.com\/fr\/contact\/#breadcrumb","itemListElement":[{"@type":"ListItem","position":1,"name":"Home","item":"https:\/\/sicanivillages.com\/fr\/"},{"@type":"ListItem","position":2,"name":"Contact"}]},{"@type":"WebSite","@id":"https:\/\/sicanivillages.com\/#website","url":"https:\/\/sicanivillages.com\/","name":"SicaniVillages","description":"","potentialAction":[{"@type":"SearchAction","target":{"@type":"EntryPoint","urlTemplate":"https:\/\/sicanivillages.com\/?s={search_term_string}"},"query-input":{"@type":"PropertyValueSpecification","valueRequired":true,"valueName":"search_term_string"}}],"inLanguage":"fr-FR"}]}},"_links":{"self":[{"href":"https:\/\/sicanivillages.com\/fr\/wp-json\/wp\/v2\/pages\/12771","targetHints":{"allow":["GET"]}}],"collection":[{"href":"https:\/\/sicanivillages.com\/fr\/wp-json\/wp\/v2\/pages"}],"about":[{"href":"https:\/\/sicanivillages.com\/fr\/wp-json\/wp\/v2\/types\/page"}],"author":[{"embeddable":true,"href":"https:\/\/sicanivillages.com\/fr\/wp-json\/wp\/v2\/users\/2"}],"replies":[{"embeddable":true,"href":"https:\/\/sicanivillages.com\/fr\/wp-json\/wp\/v2\/comments?post=12771"}],"version-history":[{"count":5,"href":"https:\/\/sicanivillages.com\/fr\/wp-json\/wp\/v2\/pages\/12771\/revisions"}],"predecessor-version":[{"id":13842,"href":"https:\/\/sicanivillages.com\/fr\/wp-json\/wp\/v2\/pages\/12771\/revisions\/13842"}],"wp:attachment":[{"href":"https:\/\/sicanivillages.com\/fr\/wp-json\/wp\/v2\/media?parent=12771"}],"curies":[{"name":"wp","href":"https:\/\/api.w.org\/{rel}","templated":true}]}}